{"id":104,"date":"2021-12-11T08:01:31","date_gmt":"2021-12-11T07:01:31","guid":{"rendered":"https:\/\/perso.imj-prg.fr\/yves-martinezmaure\/?page_id=104"},"modified":"2022-01-11T13:48:10","modified_gmt":"2022-01-11T12:48:10","slug":"vulgarisation","status":"publish","type":"page","link":"https:\/\/perso.imj-prg.fr\/yves-martinezmaure\/vulgarisation\/","title":{"rendered":"Vulgarisation"},"content":{"rendered":"\n<h2 class=\"wp-block-heading\">Du v\u00e9lo de Reuleaux aux courbes alg\u00e9briques de largeur constante<\/h2>\n\n\n\n<p>Article de vulgarisation (\u00e9cho de la recherche) \u00e9crit pour\u00a0<strong>Images des math\u00e9matiques<\/strong>\u00a0(site web fran\u00e7ais \u00e9dit\u00e9 par le CNRS et consacr\u00e9 \u00e0 la vulgarisation en math\u00e9matiques) :<em><strong>\u00a0Du v\u00e9lo de Reuleaux aux courbes alg\u00e9briques de largeur constante<\/strong><\/em> :<a href=\"https:\/\/images.math.cnrs.fr\/Du-velo-de-Reuleaux-aux-courbes-algebriques-de-largeur-constante.html\"> https:\/\/images.math.cnrs.fr\/Du-velo-de-Reuleaux-aux-courbes-algebriques-de-largeur-constante.html<\/a><\/p>\n\n\n\n<figure class=\"wp-block-image size-full\"><img loading=\"lazy\" decoding=\"async\" width=\"469\" height=\"571\" src=\"https:\/\/perso.imj-prg.fr\/yves-martinezmaure\/wp-content\/uploads\/sites\/50\/2021\/12\/Fig3.png\" alt=\"\" class=\"wp-image-112\" srcset=\"https:\/\/perso.imj-prg.fr\/yves-martinezmaure\/wp-content\/uploads\/sites\/50\/2021\/12\/Fig3.png 469w, https:\/\/perso.imj-prg.fr\/yves-martinezmaure\/wp-content\/uploads\/sites\/50\/2021\/12\/Fig3-246x300.png 246w\" sizes=\"auto, (max-width: 469px) 100vw, 469px\" \/><figcaption><strong>Monsieur Guan Baihua sur son v\u00e9lo d&rsquo;<br>exception<\/strong><\/figcaption><\/figure>\n\n\n\n<figure class=\"wp-block-image size-full is-resized\"><img loading=\"lazy\" decoding=\"async\" src=\"https:\/\/perso.imj-prg.fr\/yves-martinezmaure\/wp-content\/uploads\/sites\/50\/2021\/12\/Fig7.png\" alt=\"\" class=\"wp-image-105\" width=\"761\" height=\"589\" srcset=\"https:\/\/perso.imj-prg.fr\/yves-martinezmaure\/wp-content\/uploads\/sites\/50\/2021\/12\/Fig7.png 760w, https:\/\/perso.imj-prg.fr\/yves-martinezmaure\/wp-content\/uploads\/sites\/50\/2021\/12\/Fig7-300x232.png 300w\" sizes=\"auto, (max-width: 761px) 100vw, 761px\" \/><figcaption><strong>Surfons sur la delto\u00efde<\/strong><\/figcaption><\/figure>\n\n\n\n<h2 class=\"wp-block-heading\">Voyage dans l&rsquo;univers des h\u00e9rissons, dans Ateliers Mathematica, Paris : Vuibert (2003).<\/h2>\n\n\n\n<figure class=\"wp-block-image size-full\"><img loading=\"lazy\" decoding=\"async\" width=\"566\" height=\"290\" src=\"https:\/\/perso.imj-prg.fr\/yves-martinezmaure\/wp-content\/uploads\/sites\/50\/2021\/12\/Un-bonnet-croise-herisson.png\" alt=\"\" class=\"wp-image-110\" srcset=\"https:\/\/perso.imj-prg.fr\/yves-martinezmaure\/wp-content\/uploads\/sites\/50\/2021\/12\/Un-bonnet-croise-herisson.png 566w, https:\/\/perso.imj-prg.fr\/yves-martinezmaure\/wp-content\/uploads\/sites\/50\/2021\/12\/Un-bonnet-croise-herisson-300x154.png 300w\" sizes=\"auto, (max-width: 566px) 100vw, 566px\" \/><figcaption><strong>Un bonnet crois\u00e9 h\u00e9risson<\/strong><\/figcaption><\/figure>\n\n\n\n<figure class=\"wp-block-image size-full\"><img loading=\"lazy\" decoding=\"async\" width=\"583\" height=\"378\" src=\"https:\/\/perso.imj-prg.fr\/yves-martinezmaure\/wp-content\/uploads\/sites\/50\/2021\/12\/La-version-discrete-de-ce-bonnet-croise.png\" alt=\"\" class=\"wp-image-111\" srcset=\"https:\/\/perso.imj-prg.fr\/yves-martinezmaure\/wp-content\/uploads\/sites\/50\/2021\/12\/La-version-discrete-de-ce-bonnet-croise.png 583w, https:\/\/perso.imj-prg.fr\/yves-martinezmaure\/wp-content\/uploads\/sites\/50\/2021\/12\/La-version-discrete-de-ce-bonnet-croise-300x195.png 300w\" sizes=\"auto, (max-width: 583px) 100vw, 583px\" \/><figcaption><strong>La version discr\u00e8te de ce bonnet crois\u00e9 h\u00e9risson<\/strong><\/figcaption><\/figure>\n\n\n\n<figure class=\"wp-block-image size-large\"><img loading=\"lazy\" decoding=\"async\" width=\"1024\" height=\"330\" src=\"https:\/\/perso.imj-prg.fr\/yves-martinezmaure\/wp-content\/uploads\/sites\/50\/2021\/12\/Polytope-herisson-fortement-hyperbolique-1024x330.png\" alt=\"\" class=\"wp-image-114\" srcset=\"https:\/\/perso.imj-prg.fr\/yves-martinezmaure\/wp-content\/uploads\/sites\/50\/2021\/12\/Polytope-herisson-fortement-hyperbolique-1024x330.png 1024w, https:\/\/perso.imj-prg.fr\/yves-martinezmaure\/wp-content\/uploads\/sites\/50\/2021\/12\/Polytope-herisson-fortement-hyperbolique-300x97.png 300w, https:\/\/perso.imj-prg.fr\/yves-martinezmaure\/wp-content\/uploads\/sites\/50\/2021\/12\/Polytope-herisson-fortement-hyperbolique-768x248.png 768w, https:\/\/perso.imj-prg.fr\/yves-martinezmaure\/wp-content\/uploads\/sites\/50\/2021\/12\/Polytope-herisson-fortement-hyperbolique.png 1113w\" sizes=\"auto, (max-width: 1024px) 100vw, 1024px\" \/><figcaption>Un polytope h\u00e9risson fortement hyperbolique form\u00e9 d&rsquo;une partie centrale (a) et de 4 bonnets crois\u00e9s (b).<br>La repr\u00e9sentation sph\u00e9rique du polytope est repr\u00e9sent\u00e9e sur la figure (c)<\/figcaption><\/figure>\n\n\n\n<p><\/p>\n","protected":false},"excerpt":{"rendered":"<p>Du v\u00e9lo de Reuleaux aux courbes alg\u00e9briques de largeur constante Article de vulgarisation (\u00e9cho de la recherche) \u00e9crit pour\u00a0Images des math\u00e9matiques\u00a0(site web fran\u00e7ais \u00e9dit\u00e9 par le CNRS et consacr\u00e9 \u00e0 la vulgarisation en math\u00e9matiques) :\u00a0Du v\u00e9lo de Reuleaux aux courbes alg\u00e9briques de largeur constante : https:\/\/images.math.cnrs.fr\/Du-velo-de-Reuleaux-aux-courbes-algebriques-de-largeur-constante.html Voyage dans l&rsquo;univers des h\u00e9rissons, dans Ateliers Mathematica, Paris [&hellip;]<\/p>\n","protected":false},"author":51,"featured_media":0,"parent":0,"menu_order":0,"comment_status":"closed","ping_status":"closed","template":"","meta":{"footnotes":""},"class_list":["post-104","page","type-page","status-publish","hentry"],"_links":{"self":[{"href":"https:\/\/perso.imj-prg.fr\/yves-martinezmaure\/wp-json\/wp\/v2\/pages\/104","targetHints":{"allow":["GET"]}}],"collection":[{"href":"https:\/\/perso.imj-prg.fr\/yves-martinezmaure\/wp-json\/wp\/v2\/pages"}],"about":[{"href":"https:\/\/perso.imj-prg.fr\/yves-martinezmaure\/wp-json\/wp\/v2\/types\/page"}],"author":[{"embeddable":true,"href":"https:\/\/perso.imj-prg.fr\/yves-martinezmaure\/wp-json\/wp\/v2\/users\/51"}],"replies":[{"embeddable":true,"href":"https:\/\/perso.imj-prg.fr\/yves-martinezmaure\/wp-json\/wp\/v2\/comments?post=104"}],"version-history":[{"count":7,"href":"https:\/\/perso.imj-prg.fr\/yves-martinezmaure\/wp-json\/wp\/v2\/pages\/104\/revisions"}],"predecessor-version":[{"id":122,"href":"https:\/\/perso.imj-prg.fr\/yves-martinezmaure\/wp-json\/wp\/v2\/pages\/104\/revisions\/122"}],"wp:attachment":[{"href":"https:\/\/perso.imj-prg.fr\/yves-martinezmaure\/wp-json\/wp\/v2\/media?parent=104"}],"curies":[{"name":"wp","href":"https:\/\/api.w.org\/{rel}","templated":true}]}}