{"id":19,"date":"2021-08-27T08:50:09","date_gmt":"2021-08-27T06:50:09","guid":{"rendered":"https:\/\/perso.imj-prg.fr\/vincent-minerbe\/?page_id=19"},"modified":"2021-08-27T08:50:09","modified_gmt":"2021-08-27T06:50:09","slug":"recherche","status":"publish","type":"page","link":"https:\/\/perso.imj-prg.fr\/vincent-minerbe\/recherche\/","title":{"rendered":"Recherche"},"content":{"rendered":"\n<p><strong>Articles<\/strong><\/p>\n\n\n\n<ul class=\"wp-block-list\"><li>(Avec Julien Cortier) <a href=\"https:\/\/perso.imj-prg.fr\/vincent-minerbe\/wp-content\/uploads\/minerbe-pub\/Articles\/stationary1612.pdf\">On complete stationary vacuum initial data.<\/a> <em>J. Geom. Phys.<\/em> 99 (2016), 20\u201327.<\/li><li>(Avec Daniel Maerten) <a href=\"https:\/\/perso.imj-prg.fr\/vincent-minerbe\/wp-content\/uploads\/minerbe-pub\/Articles\/masschn.pdf\">A mass for asymptotically complex hyperbolic manifolds<\/a>. <em>Ann. Sc. Norm. Super. Pisa Cl. Sci. (5)<\/em> 11 (2012), no. 4, 875\u2013902.<\/li><li>(Avec Olivier Biquard) <a href=\"https:\/\/perso.imj-prg.fr\/vincent-minerbe\/wp-content\/uploads\/minerbe-pub\/Articles\/alh4.pdf\">A Kummer construction for gravitational instantons<\/a>. <em>Comm. Math. Phys.<\/em> 308 (2011), no. 3, 773\u2013794.<\/li><li><a href=\"https:\/\/perso.imj-prg.fr\/vincent-minerbe\/wp-content\/uploads\/minerbe-pub\/Articles\/rigidalf.pdf\">Rigidity for multi-Taub-NUT metrics<\/a>. <em>J. Reine Angew. Math.<\/em> 656 (2011),<a href=\"http:\/\/ams.u-strasbg.fr\/mathscinet\/search\/publications.html?pg1=ISSI&amp;s1=294143\"> <\/a>47\u201358.<\/li><li><a href=\"https:\/\/perso.imj-prg.fr\/vincent-minerbe\/wp-content\/uploads\/minerbe-pub\/Articles\/alfens.pdf\">On the asymptotic geometry of gravitational instantons<\/a>. <em>Ann. Sci. \u00c9c. Norm. Sup\u00e9r. (4)<\/em> 43 (2010), no. 6, 883\u2013924.<\/li><li><a href=\"https:\/\/perso.imj-prg.fr\/vincent-minerbe\/wp-content\/uploads\/minerbe-pub\/Articles\/massealf.pdf\">A mass for ALF manifolds<\/a>. <em>Comm. Math. Phys.<\/em> 289 (2009), no. 3, 925\u2013955.<\/li><li>(Avec Beno\u00eet Kloeckner) <a href=\"https:\/\/perso.imj-prg.fr\/vincent-minerbe\/wp-content\/uploads\/minerbe-pub\/Articles\/survey.pdf\">Rigidity in CR geometry: the Schoen-Webster theorem<\/a>. <em>Differential Geom. Appl.<\/em> 27 (2009), no. 3, 399\u2013411.<\/li><li><a href=\"https:\/\/perso.imj-prg.fr\/vincent-minerbe\/wp-content\/uploads\/minerbe-pub\/Articles\/Ricciflat.pdf\">Weighted Sobolev inequalities and Ricci flat manifolds<\/a>. <em>Geom. Funct. Anal.<\/em> 18 (2009), no. 5, 1696\u20131749.<\/li><\/ul>\n\n\n\n<h2 class=\"wp-block-heading\"><strong><em>Th\u00e8se<\/em><\/strong>&nbsp;<\/h2>\n\n\n\n<h3 class=\"wp-block-heading\"><a href=\"https:\/\/perso.imj-prg.fr\/vincent-minerbe\/wp-content\/uploads\/minerbe-pub\/Articles\/theseminerbe.pdf\">Sur l&rsquo;effondrement \u00e0 l&rsquo;infini des vari\u00e9t\u00e9s asymptotiquement plates<\/a>.<\/h3>\n\n\n\n<h3 class=\"wp-block-heading\">Sous la direction de Gilles Carron. Soutenue le 7 d\u00e9cembre 2007, \u00e0 l&rsquo;Universit\u00e9 de Nantes.<\/h3>\n","protected":false},"excerpt":{"rendered":"<p>Articles (Avec Julien Cortier) On complete stationary vacuum initial data. J. Geom. Phys. 99 (2016), 20\u201327. (Avec Daniel Maerten) A mass for asymptotically complex hyperbolic manifolds. Ann. Sc. Norm. Super. Pisa Cl. Sci. (5) 11 (2012), no. 4, 875\u2013902. (Avec Olivier Biquard) A Kummer construction for gravitational instantons. Comm. Math. Phys. 308 (2011), no. 3, [&hellip;]<\/p>\n","protected":false},"author":1,"featured_media":0,"parent":0,"menu_order":0,"comment_status":"closed","ping_status":"closed","template":"","meta":{"footnotes":""},"class_list":["post-19","page","type-page","status-publish","hentry"],"_links":{"self":[{"href":"https:\/\/perso.imj-prg.fr\/vincent-minerbe\/wp-json\/wp\/v2\/pages\/19","targetHints":{"allow":["GET"]}}],"collection":[{"href":"https:\/\/perso.imj-prg.fr\/vincent-minerbe\/wp-json\/wp\/v2\/pages"}],"about":[{"href":"https:\/\/perso.imj-prg.fr\/vincent-minerbe\/wp-json\/wp\/v2\/types\/page"}],"author":[{"embeddable":true,"href":"https:\/\/perso.imj-prg.fr\/vincent-minerbe\/wp-json\/wp\/v2\/users\/1"}],"replies":[{"embeddable":true,"href":"https:\/\/perso.imj-prg.fr\/vincent-minerbe\/wp-json\/wp\/v2\/comments?post=19"}],"version-history":[{"count":1,"href":"https:\/\/perso.imj-prg.fr\/vincent-minerbe\/wp-json\/wp\/v2\/pages\/19\/revisions"}],"predecessor-version":[{"id":21,"href":"https:\/\/perso.imj-prg.fr\/vincent-minerbe\/wp-json\/wp\/v2\/pages\/19\/revisions\/21"}],"wp:attachment":[{"href":"https:\/\/perso.imj-prg.fr\/vincent-minerbe\/wp-json\/wp\/v2\/media?parent=19"}],"curies":[{"name":"wp","href":"https:\/\/api.w.org\/{rel}","templated":true}]}}