{"id":14,"date":"2021-08-27T08:46:50","date_gmt":"2021-08-27T06:46:50","guid":{"rendered":"https:\/\/perso.imj-prg.fr\/vincent-minerbe\/?page_id=14"},"modified":"2021-08-27T08:48:44","modified_gmt":"2021-08-27T06:48:44","slug":"enseignement","status":"publish","type":"page","link":"https:\/\/perso.imj-prg.fr\/vincent-minerbe\/enseignement\/","title":{"rendered":"Enseignement"},"content":{"rendered":"\n<p><strong>1MA003 : math\u00e9matiques approfondies (L1)<\/strong><\/p>\n\n\n\n<ul class=\"wp-block-list\"><li>Les <a href=\"https:\/\/perso.imj-prg.fr\/vincent-minerbe\/wp-content\/uploads\/minerbe-pub\/L1-maths-approfondies.pdf\">notes de cours<\/a>.<\/li><li><a href=\"https:\/\/perso.imj-prg.fr\/vincent-minerbe\/wp-content\/uploads\/minerbe-pub\/Analysecomplexe\/td1-mathappro.pdf\">TD 1<\/a> : langage math\u00e9matique, borne sup\u00e9rieure\/inf\u00e9rieure.<\/li><li><a href=\"https:\/\/perso.imj-prg.fr\/vincent-minerbe\/wp-content\/uploads\/minerbe-pub\/Analysecomplexe\/td2-mathappro.pdf\">TD 2<\/a> : suites.<\/li><li><a href=\"https:\/\/perso.imj-prg.fr\/vincent-minerbe\/wp-content\/uploads\/minerbe-pub\/Analysecomplexe\/td3-mathappro.pdf\">TD 3<\/a> : continuit\u00e9, d\u00e9rivabilit\u00e9.<\/li><li><a href=\"https:\/\/perso.imj-prg.fr\/vincent-minerbe\/wp-content\/uploads\/minerbe-pub\/Analysecomplexe\/td4-mathappro.pdf\">TD 4<\/a> : suites r\u00e9currentes.<\/li><li><a href=\"https:\/\/perso.imj-prg.fr\/vincent-minerbe\/wp-content\/uploads\/minerbe-pub\/Analysecomplexe\/td5-mathappro.pdf\">TD 5<\/a> : int\u00e9grale de Riemann.<\/li><li><a href=\"https:\/\/perso.imj-prg.fr\/vincent-minerbe\/wp-content\/uploads\/minerbe-pub\/Analysecomplexe\/td6-mathappro.pdf\">TD 6<\/a> : espaces vectoriels.<\/li><li><a href=\"https:\/\/perso.imj-prg.fr\/vincent-minerbe\/wp-content\/uploads\/minerbe-pub\/Analysecomplexe\/td7-mathappro.pdf\">TD 7<\/a> : applications lin\u00e9aires.<\/li><li><a href=\"https:\/\/perso.imj-prg.fr\/vincent-minerbe\/wp-content\/uploads\/minerbe-pub\/td8-mathappro.pdf\">TD 8<\/a> : diagonalisation.<\/li><\/ul>\n\n\n\n<h2 class=\"wp-block-heading\"><em><strong>Pr\u00e9paration \u00e0 l&rsquo;agr\u00e9gation<\/strong><\/em><\/h2>\n\n\n\n<ul class=\"wp-block-list\"><li><a href=\"https:\/\/perso.imj-prg.fr\/vincent-minerbe\/wp-content\/uploads\/minerbe-pub\/td1-series.pdf\">TD d&rsquo;analyse 1<\/a> : suites et s\u00e9ries.<\/li><li><a href=\"https:\/\/perso.imj-prg.fr\/vincent-minerbe\/wp-content\/uploads\/minerbe-pub\/td2-1varR.pdf\">TD d&rsquo;analyse 2<\/a> : fonctions d&rsquo;une variable r\u00e9elle.<\/li><li><a href=\"https:\/\/perso.imj-prg.fr\/vincent-minerbe\/wp-content\/uploads\/minerbe-pub\/td-holo.pdf\">TD d&rsquo;analyse 3<\/a> : fonctions holomorphes.<\/li><li><a href=\"https:\/\/perso.imj-prg.fr\/vincent-minerbe\/wp-content\/uploads\/minerbe-pub\/td4-topo-agreg.pdf\">TD d&rsquo;analyse 4<\/a> : topologie.<\/li><li><a href=\"https:\/\/perso.imj-prg.fr\/vincent-minerbe\/wp-content\/uploads\/minerbe-pub\/td5-integration.pdf\">TD d&rsquo;analyse 5 <\/a>: int\u00e9gration.<\/li><li><a href=\"https:\/\/perso.imj-prg.fr\/vincent-minerbe\/wp-content\/uploads\/minerbe-pub\/td6-calcdiff.pdf\">TD d&rsquo;analyse 6<\/a> : calcul diff\u00e9rentiel.<\/li><li><a href=\"https:\/\/perso.imj-prg.fr\/vincent-minerbe\/wp-content\/uploads\/minerbe-pub\/td7-fourierdistri.pdf\">TD d&rsquo;analyse 7<\/a> : Fourier, distributions.<\/li><li><a href=\"https:\/\/perso.imj-prg.fr\/vincent-minerbe\/wp-content\/uploads\/minerbe-pub\/td8-anafonc.pdf\">TD d&rsquo;analyse 8<\/a> : analyse fonctionnelle<\/li><\/ul>\n\n\n\n<h2 class=\"wp-block-heading\"><em><strong>Analyse complexe<\/strong><\/em> (Licence 3, 3M266)<\/h2>\n\n\n\n<ul class=\"wp-block-list\"><li>Un <a href=\"https:\/\/perso.imj-prg.fr\/vincent-minerbe\/wp-content\/uploads\/minerbe-pub\/Analysecomplexe\/3M266.pdf\">cours<\/a>.<\/li><li>Des exercices d&rsquo;accompagnement : <a href=\"https:\/\/perso.imj-prg.fr\/vincent-minerbe\/wp-content\/uploads\/minerbe-pub\/Analysecomplexe\/feuilleintro.pdf\">introduction<\/a>, <a href=\"https:\/\/perso.imj-prg.fr\/vincent-minerbe\/wp-content\/uploads\/minerbe-pub\/Analysecomplexe\/feuilleSE.pdf\">s\u00e9ries enti\u00e8res<\/a>, <a href=\"https:\/\/perso.imj-prg.fr\/vincent-minerbe\/wp-content\/uploads\/minerbe-pub\/Analysecomplexe\/feuilleexpchemins.pdf\">logarithmes et chemins<\/a>, <a href=\"https:\/\/perso.imj-prg.fr\/vincent-minerbe\/wp-content\/uploads\/minerbe-pub\/Analysecomplexe\/feuillecauchyetcsq.pdf\">formule de Cauchy et cons\u00e9quences<\/a>, <a href=\"https:\/\/perso.imj-prg.fr\/vincent-minerbe\/wp-content\/uploads\/minerbe-pub\/Analysecomplexe\/feuillesuiteintegrale.pdf\">suites et int\u00e9grales<\/a>, <a href=\"https:\/\/perso.imj-prg.fr\/vincent-minerbe\/wp-content\/uploads\/minerbe-pub\/Analysecomplexe\/feuillebiholo.pdf\">homotopies et biholomorphismes<\/a>, <a href=\"https:\/\/perso.imj-prg.fr\/vincent-minerbe\/wp-content\/uploads\/minerbe-pub\/Analysecomplexe\/feuilleresidus.pdf\">r\u00e9sidus<\/a>.<\/li><li>Des sujets d&rsquo;examen : <a href=\"https:\/\/perso.imj-prg.fr\/vincent-minerbe\/wp-content\/uploads\/minerbe-pub\/Analysecomplexe\/exam3M266-2016.pdf\">examen 2016<\/a> (<a href=\"https:\/\/perso.imj-prg.fr\/vincent-minerbe\/wp-content\/uploads\/minerbe-pub\/Analysecomplexe\/corrige-exam3M266-2016.pdf\">corrig\u00e9<\/a>), <a href=\"https:\/\/perso.imj-prg.fr\/vincent-minerbe\/wp-content\/uploads\/minerbe-pub\/Analysecomplexe\/rattrapage3M266-2016.pdf\">rattrapage 2016<\/a> (<a href=\"https:\/\/perso.imj-prg.fr\/vincent-minerbe\/wp-content\/uploads\/minerbe-pub\/Analysecomplexe\/corr-ratt3M266-2016.pdf\">corrig\u00e9<\/a>), <a href=\"https:\/\/perso.imj-prg.fr\/vincent-minerbe\/wp-content\/uploads\/minerbe-pub\/Analysecomplexe\/exam3M266-2017.pdf\">examen 2017<\/a> (<a href=\"https:\/\/perso.imj-prg.fr\/vincent-minerbe\/wp-content\/uploads\/minerbe-pub\/Analysecomplexe\/corrigeexam3M266-2017.pdf\">corrig\u00e9<\/a>), <a href=\"https:\/\/perso.imj-prg.fr\/vincent-minerbe\/wp-content\/uploads\/minerbe-pub\/Analysecomplexe\/rattrapage3M266-2017.pdf\">rattrapage 2017<\/a> (<a href=\"https:\/\/perso.imj-prg.fr\/vincent-minerbe\/wp-content\/uploads\/minerbe-pub\/Analysecomplexe\/corrigeratt3M266-2017.pdf\">corrig\u00e9<\/a>), partiels 2018 de l&rsquo;<a href=\"https:\/\/perso.imj-prg.fr\/vincent-minerbe\/wp-content\/uploads\/minerbe-pub\/Analysecomplexe\/PartielAmphiA2018.pdf\">amphi A<\/a> et de l&rsquo;<a href=\"https:\/\/perso.imj-prg.fr\/vincent-minerbe\/wp-content\/uploads\/minerbe-pub\/Analysecomplexe\/PartielAmphiB2018.pdf\">amphi B<\/a> (sujet et corrig\u00e9), <a href=\"https:\/\/perso.imj-prg.fr\/vincent-minerbe\/wp-content\/uploads\/minerbe-pub\/Analysecomplexe\/exam3M266-2018.pdf\">examen 2018<\/a> (<a href=\"https:\/\/perso.imj-prg.fr\/vincent-minerbe\/wp-content\/uploads\/minerbe-pub\/Analysecomplexe\/corrige-exam3M266-2018.pdf\">corrig\u00e9<\/a>), <a href=\"https:\/\/perso.imj-prg.fr\/vincent-minerbe\/wp-content\/uploads\/minerbe-pub\/Analysecomplexe\/ratt3M266-2018.pdf\">rattrapage 2018<\/a> (<a href=\"https:\/\/perso.imj-prg.fr\/vincent-minerbe\/wp-content\/uploads\/minerbe-pub\/Analysecomplexe\/corr-ratt3M266-2018.pdf\">corrig\u00e9<\/a>).<\/li><\/ul>\n\n\n\n<h2 class=\"wp-block-heading\"><strong><em>G\u00e9om\u00e9trie diff\u00e9rentielle <\/em><\/strong>(M2)<\/h2>\n\n\n\n<ul class=\"wp-block-list\"><li>Un <a href=\"https:\/\/perso.imj-prg.fr\/vincent-minerbe\/wp-content\/uploads\/minerbe-pub\/Geodiff\/m2dg.pdf\">cours<\/a>.<\/li><li>Un peu d&rsquo;entra\u00eenement : examens <a href=\"https:\/\/perso.imj-prg.fr\/vincent-minerbe\/wp-content\/uploads\/minerbe-pub\/Geodiff\/ExamM2.pdf\">2009<\/a>, <a href=\"https:\/\/perso.imj-prg.fr\/vincent-minerbe\/wp-content\/uploads\/minerbe-pub\/Geodiff\/ExamM2-2010.pdf\">2010<\/a>, <a href=\"https:\/\/perso.imj-prg.fr\/vincent-minerbe\/wp-content\/uploads\/minerbe-pub\/Geodiff\/ExamM2-2011.pdf\">2011<\/a>, <a href=\"https:\/\/perso.imj-prg.fr\/vincent-minerbe\/wp-content\/uploads\/minerbe-pub\/Geodiff\/ExamM2-2014.pdf\">2014<\/a>.<\/li><\/ul>\n\n\n\n<h2 class=\"wp-block-heading\"><em><strong>G\u00e9om\u00e9trie riemannienne<\/strong><\/em> (M2)&nbsp;<\/h2>\n\n\n\n<ul class=\"wp-block-list\"><li>Des feuilles d&rsquo;exercices sur les th\u00e8mes suivants: <a href=\"https:\/\/perso.imj-prg.fr\/vincent-minerbe\/wp-content\/uploads\/minerbe-pub\/Riemannien\/TDM2Riem1.pdf\">m\u00e9triques riemanniennes et lorentziennes<\/a>, <a href=\"https:\/\/perso.imj-prg.fr\/vincent-minerbe\/wp-content\/uploads\/minerbe-pub\/Riemannien\/TDM2Riem2.pdf\">connexions<\/a>, <a href=\"https:\/\/perso.imj-prg.fr\/vincent-minerbe\/wp-content\/uploads\/minerbe-pub\/Riemannien\/TDM2Riem3.pdf\">g\u00e9od\u00e9siques et sym\u00e9tries<\/a>, <a href=\"https:\/\/perso.imj-prg.fr\/vincent-minerbe\/wp-content\/uploads\/minerbe-pub\/Riemannien\/TDM2Riem4.pdf\">Synge et sph\u00e8res de Berger<\/a>, <a href=\"https:\/\/perso.imj-prg.fr\/vincent-minerbe\/wp-content\/uploads\/minerbe-pub\/Riemannien\/TDM2Riem5.pdf\">courbure<\/a>, <a href=\"https:\/\/perso.imj-prg.fr\/vincent-minerbe\/wp-content\/uploads\/minerbe-pub\/Riemannien\/TDM2Riem6.pdf\">laplacien de Hodge<\/a>.<\/li><\/ul>\n","protected":false},"excerpt":{"rendered":"<p>1MA003 : math\u00e9matiques approfondies (L1) Les notes de cours. TD 1 : langage math\u00e9matique, borne sup\u00e9rieure\/inf\u00e9rieure. TD 2 : suites. TD 3 : continuit\u00e9, d\u00e9rivabilit\u00e9. TD 4 : suites r\u00e9currentes. TD 5 : int\u00e9grale de Riemann. TD 6 : espaces vectoriels. TD 7 : applications lin\u00e9aires. TD 8 : diagonalisation. Pr\u00e9paration \u00e0 l&rsquo;agr\u00e9gation TD d&rsquo;analyse [&hellip;]<\/p>\n","protected":false},"author":1,"featured_media":0,"parent":0,"menu_order":0,"comment_status":"closed","ping_status":"closed","template":"","meta":{"footnotes":""},"class_list":["post-14","page","type-page","status-publish","hentry"],"_links":{"self":[{"href":"https:\/\/perso.imj-prg.fr\/vincent-minerbe\/wp-json\/wp\/v2\/pages\/14","targetHints":{"allow":["GET"]}}],"collection":[{"href":"https:\/\/perso.imj-prg.fr\/vincent-minerbe\/wp-json\/wp\/v2\/pages"}],"about":[{"href":"https:\/\/perso.imj-prg.fr\/vincent-minerbe\/wp-json\/wp\/v2\/types\/page"}],"author":[{"embeddable":true,"href":"https:\/\/perso.imj-prg.fr\/vincent-minerbe\/wp-json\/wp\/v2\/users\/1"}],"replies":[{"embeddable":true,"href":"https:\/\/perso.imj-prg.fr\/vincent-minerbe\/wp-json\/wp\/v2\/comments?post=14"}],"version-history":[{"count":3,"href":"https:\/\/perso.imj-prg.fr\/vincent-minerbe\/wp-json\/wp\/v2\/pages\/14\/revisions"}],"predecessor-version":[{"id":18,"href":"https:\/\/perso.imj-prg.fr\/vincent-minerbe\/wp-json\/wp\/v2\/pages\/14\/revisions\/18"}],"wp:attachment":[{"href":"https:\/\/perso.imj-prg.fr\/vincent-minerbe\/wp-json\/wp\/v2\/media?parent=14"}],"curies":[{"name":"wp","href":"https:\/\/api.w.org\/{rel}","templated":true}]}}