{"id":59,"date":"2021-08-24T12:41:14","date_gmt":"2021-08-24T10:41:14","guid":{"rendered":"https:\/\/perso.imj-prg.fr\/sylvain-sorin\/?page_id=59"},"modified":"2023-11-03T15:53:30","modified_gmt":"2023-11-03T14:53:30","slug":"theses","status":"publish","type":"page","link":"https:\/\/perso.imj-prg.fr\/sylvain-sorin\/theses\/","title":{"rendered":"Th\u00e8ses"},"content":{"rendered":"\n<p><strong>Jurys<\/strong><\/p>\n\n\n\n<p><strong>Cours de recherche<\/strong><\/p>\n\n\n\n<p><strong>**************************************************************************<\/strong><\/p>\n\n\n\n<p><strong>Th\u00e8se de 3\u00b0cycle<\/strong><\/p>\n\n\n\n<p><br>1982 A. Perrot-Dormont (P. et M. Curie &#8211; Paris 6)<br>Sur les jeux r\u00e9p\u00e9t\u00e9s.<\/p>\n\n\n\n<p><strong>Th\u00e8ses de Doctorat<\/strong><\/p>\n\n\n\n<p><br>1992 N. Vieille (P. et M. Curie &#8211; Paris 6)<br>Contribution \u00e0 la th\u00e9orie des jeux r\u00e9p\u00e9t\u00e9s<br>Jury: J. Abdou (R; Paris 1), P. Deheuvels (Paris 6), I. Ekeland (Paris 9), N. El Karoui (Paris 6), J.- F. Mertens (R; Louvain la Neuve, Belgique).<br><br>1995 J.-M. Coulomb (P. et M. Curie &#8211; Paris 6)<br>Jeux stochastiques avec une structure de signaux<br>Jury : J. Abdou (R; Paris 1), P. Deheuvels (Paris 6), N. El Karoui (Paris 6), J. Fonlupt (Paris 6), A. Neyman (R; Jerusalem, Israel).<br><br>1996 O. Gossner (P. et M. Curie &#8211; Paris 6)<br>Jeux r\u00e9p\u00e9t\u00e9s et m\u00e9canismes de communication<br>Jury: J. Abdou (R; Paris 1), P. Deheuvels (Paris 6), ), J. Fonlupt (Paris 6), M. Le Breton (Aix), J.- F. Mertens (R; Louvain la Neuve, Belgique).<br><br>1997 P. Goutal (CEA et P. et M. Curie &#8211; Paris 6)<br>Jeux non coop\u00e9ratifs finis appliqu\u00e9s \u00e0 la s\u00e9curit \u00e9 nucl\u00e9aire<br>Jury: R. Avenhaus (R; Munich, Allemagne), P. Bernhard (R; Nice), P. Deheuvels (Paris 6), O. Pourtallier (INRIA), F. Werkoff (CEA).<br><br>1997 Ph. Riviere (P. et M. Curie &#8211; Paris 6)<br>Quelques mod\u00e8les de jeux d\u2019\u00e9volution<br>Jury: J. Abdou (R; Paris 1), P. Deheuvels (Paris 6), A. Orl\u00e9an (CREA, CNRS), A. Trouv\u00e9 (Paris Nord), P. Young (R; J. Hopkins, USA).<\/p>\n\n\n\n<p>1998 D. Rosenberg (Paris 10 &#8211; Nanterre)<br>Jeux stochastiques \u00e0 information incompl\u00e8te<br>Jury: J. Abdou (R; Paris 1), M. Balinski (CNRS, Ecole Polytechnique), E. Lehrer (R; Tel Aviv, Israel), Ch. L\u00e9onard (Paris 10), A. Trouv\u00e9 (Paris Nord), S. Zamir (Jerusalem, Israel)<br><br>2000 X. Spinat (Paris 10 &#8211; Nanterre)<br>Approchabilit\u00e9 et jeux diff\u00e9rentiels<br>Jury: M. Balinski (CNRS, Polytechnique), E. Lehrer (R; Tel Aviv, Israel), Ch. L\u00e9onard (Paris 10), N. Vieille (R; Bordeaux 4)<br><br>2000 R. Laraki (P. et M. Curie &#8211; Paris 6)<br>Jeux r\u00e9p\u00e9t\u00e9s \u00e0 information incompl\u00e8te: approche variationnelle<br>Jury: A. Auslender (Paris 1), B. De Meyer (R; Nancy), I. Ekeland (Paris 9), J. Fonlupt (Paris 6), S. Zamir (R; Jerusalem, Israel).<br><br>2002 J.-P. Beaud (P. et M. Curie &#8211; Paris 6)<br>Contributions \u00e0 la th\u00e9orie des jeux&nbsp;: jeux antagonistes et mod\u00e8les de jeux r\u00e9p\u00e9t\u00e9s<br>Jury&nbsp;: J. Abdou (R&nbsp;; Paris 1), ), J. Fonlupt (Paris 6), J.-F. Laslier (CNRS), J. Rosenmuller (R&nbsp;; Bielefeld, Allemagne), N. Vieille (HEC).<br><br>2004 T. Boulogne (P. et M. Curie &#8211; Paris 6 et INRIA)<br>Jeux strat\u00e9giques non atomiques et applications aux r\u00e9seaux<br>Jury&nbsp;: E. Altman (INRIA), G. Carlier (Paris 9), J. Fonlupt (Paris 6), S. Gaubert (INRIA), N. Vieille (R&nbsp;; HEC), B. von Stengel (R&nbsp;; LSE).<br><br>2005 Y. Viossat (Ecole Polytechnique)<br>Equilibres corr\u00e9l\u00e9s, jeux d\u2019\u00e9volution et dynamiques de populations<br>Jury&nbsp;: H. Beresticky (EHESS), R. Ferri\u00e8re (Paris 6), F. Forges (R&nbsp;; Dauphine), J. Hofbauer (R&nbsp;; UCL, Grande &#8211; Bretagne), J. Istas (Grenoble 2 et Polytechnique).<\/p>\n\n\n\n<p>2007 J. Peypouquet (co-tutelle Paris 6 &#8211; CMM Santiago, Chili)<br>Analyse asymptotique de syst\u00e8mes d\u2019\u00e9volution et applications en optimisation<br>Jury&nbsp;: F. Alvarez (co directeur), H. Attouch (R&nbsp;; Montpellier II), V. Ayala (U. Catolica del Norte), M. Benaim (R&nbsp;; Neuchatel), J.-M. Baillon (Paris I), R. Cominetti (U. de Chile), P. Frey (Paris 6).<\/p>\n\n\n\n<p>2009 G. Vigeral (P. et M. Curie &#8211; Paris 6)<br>Propri\u00e9tes asymptotiques des jeux r\u00e9p\u00e9t\u00e9s \u00e0 somme nulle<br>Jury: P.L. Combettes (Paris 6), S. Gaubert (R; Inria, Polytechnique), J.-F. Mertens (R; Louvain la Neuve, Belgique), M. Quincampoix (Brest), J. Renault (Toulouse), D. Rosenberg (HEC).<\/p>\n\n\n\n<p>2010 V. Perchet (P. et M. Curie- Paris 6)<br>Approchabilit\u00e9, Calibration et Regret dans les Jeux \u00e0 Observations Partielles<br>Jury : G. Biau (Paris 6), B. de Meyer (R; Paris 1), J. Renault (Toulouse), S. Sorin (UPMC-Paris 6), G. Stoltz (ENS), N. Vayatis (R; ENS Cachan).<\/p>\n\n\n\n<p>2012 C. Wan (P. et M. Curie &#8211; Paris 6)<br>Contributions \u00e0 le th\u00e9orie des jeux d&rsquo;\u00e9volution et de congestion<br>Jury : E. Altman (R; INRIA), J. Correa (R; U de Chile), C. Durr (CNRS, UPMC), R. Laraki&nbsp; (Polytechnique), F. Meunier (Ponts), J. Renault (Toulouse), S. Sorin (UPMC-Paris 6).<\/p>\n\n\n\n<p>2012 M. Bravo (P. et M. Curie &#8211; Paris 6)<br>Dynamiques d&rsquo;apprentissage et d&rsquo;\u00e9volution en th\u00e9orie des jeux<br>Jury : H. Frankowska (CNRS, UPMC), R. Laraki&nbsp; (Polytechnique), J. Renault (Toulouse), W. Sandholm (R; Wisconsin), S. Sorin (UPMC-Paris 6), P. Tarres (R; Oxford), T. Tomala (HEC).<\/p>\n\n\n\n<p>2013 R. Combes (Co encadrant E. Altman) (UPMC &#8211; Paris 6)<br>M\u00e9canismes auto-organisants dans les r\u00e9seaux sans fil<br>Jury: E. Altman (INRIA), Z. Altman (Orange), T. Bonald (Telecom), V. Borkar (R; Mumbai,Inde), M. Debbah (Supelec), S. Fdida (UPMC),&nbsp; S. Gaubert (R; INRIA), A. Ouorou (Orange), S. Sorin (UPMC-Paris 6).<\/p>\n\n\n\n<p>2013 M. Oliu-Barton (UPMC &#8211; Paris 6)<br>Jeux dynamiques \u00e0 information incompl\u00e8te en temps discret et continu<br>Jury: P. Cardaliaguet (R; Dauphine),P. Combettes (UPMC),&nbsp; B. De Meyer (Paris 1), A. Mas-Colell (Barcelone), J. Renault (Toulouse), E. Solan (R; Tel Aviv),&nbsp;S. Sorin (UPMC-Paris 6),&nbsp; N. Vieille (HEC).<\/p>\n\n\n\n<p>2014 J. P. Maldonado Pablo (UPMC &#8211; Paris 6)<br>Some links between discrete and continuous aspects in dynamic games<br>Jury: J.P. Allouche (UPMC), M. Bardi (R; Padova), P. Cardaliaguet (Dauphine), S. Gaubert (R; INRIA),&nbsp; R. Laraki (Dauphine), S. Sorin (UPMC-Paris 6), T. Tomala (HEC), N. Vieille (R; HEC)<\/p>\n\n\n\n<p>2015 Li Xiaoxi (UPMC &#8211; Paris 6)<br>Contributions \u00e0 l&rsquo;\u00e9tude des propri\u00e9t\u00e9s asymptotiques en contr\u00f4le optimal et en jeux r\u00e9p\u00e9t\u00e9s<br>Jury: H. Frankowska (UPMC),&nbsp; R. Laraki (R; Dauphine), M. Quincampoiux (Brest), J. Renault (Toulouse), E. Solan (R; Tel Aviv), S. Sorin (UPMC-Paris 6), T. Tomala (HEC).<\/p>\n\n\n\n<p>2016 Kwon Joon (UPMC &#8211; Paris 6) (Co-encadrant R. Laraki)<br>Strat\u00e9gies de descente miroir pour la minimisation du regret et l&rsquo;approchabilit\u00e9<br>Jury: G.Biau (UPMC), R. Laraki (Dauphine), E. Moulines (Polytechnique), V. Perchet (ENS Cachan), S. Sorin (UPMC), G. Stoltz (HEC)<\/p>\n\n\n\n<p><strong>**************************************************************************<\/strong><\/p>\n\n\n\n<p><strong>Jurys<\/strong><\/p>\n\n\n\n<p>(h)=habilitation<\/p>\n\n\n\n<p><em>Math\u00e9matiques<\/em><\/p>\n\n\n\n<p><\/p>\n\n\n\n<p><\/p>\n\n\n\n<p><\/p>\n\n\n\n<p><\/p>\n\n\n\n<p><\/p>\n\n\n\n<p><\/p>\n\n\n\n<p><\/p>\n\n\n\n<p>1983 C. Waternaux , Louvain la Neuve, Belgique<br>1984 F. Forges, Louvain la Neuve, Belgique<br>1988 J. Abdou, Paris 1 (h)<br>1990 S. Sinha, Indian Statistical Institute, New Dehli, Inde (rapporteur)<br>1991 C. Robert, Paris 6 (h)<br>1992 F. Forges, Paris 1 (h)<br>1993 A. Chateauneuf, Paris 1 (h), (rapporteur)<br>1993 B. De Meyer, Louvain la Neuve, Belgique (rapporteur)<br>1997 T. Tomala, Paris 1, (rapporteur)<br>1998 G. Giraud, Paris 1<br>1998 E. Solan, Jerusalem, Israel, (rapporteur)<br>1998 N. Vieille, Paris 9 (h)<br>1998 J. Renault, Paris 1, (rapporteur)<br>2000 B. Sirakov, Paris 6<br>2001 S. Ben Tiba, Paris 6<br>2002 H. Moussa Saley, Nancy, (rapporteur)<br>2002 T. Guilbeaud, Paris 6<br>2003 P. Dodin, Paris 6<br>2004 D. Cornaz, Paris 6<br>2005 G. Stoltz, Paris 11<br>2005 A. Marino, Paris 1, (rapporteur)<br>2005 T. Tomala, Dauphine (h), (rapporteur)<br>2006 D. Rosenberg, Paris Nord (h), (rapporteur)<br>2006 S. Maroso, Paris 6<br>2006 S. Hirstoaga, Paris 6<br>2007 A. Lakhoua , Paris 6<br>2007 M. Akian\u00a0, Paris 6 (h)<br>2007 J. Renault, Dauphine (h), (rapporteur)<br>2007 J. Ramirez, Paris 6 (h)<br>2007 A. Skoda, Paris 6<br>2008 N. Megdich , Paris 6<br>2008 J. Bolte, Paris 6 (h)<br>2008 S. As Soulaimani, Universit\u00e9 de Brest<br>2008 M. Ghaemi, Paris 6<br>2009 S. Tishchenko, Paris 6<br>2010 A. Salomon, Paris 13<br>2010 F. Gensbittel, Paris 1<br>2010 A. Souquiere, Brest<br>2011 G. Stoltz, Paris Sud (h)<br>2011 L. Briceno, Paris 6<br>2011\u00a0 R. Laraki, Paris 6 (h)<br>2011 G. Roth, Neuchatel (rapporteur)<br>2011 A. Adj\u00e9, X<br>2012 X. Venel, Toulouse<br>2012 C. Gruen, Brest<br>2012 Z. Boyu, Wien<br>2012 O. Serea, Paris 6 (h)<br>2013 D. Hoehener, UPMC<br>2013 B.C. Vu, UPMC<br>2014 H. Sedrakyan, UPMC<br>2014 V. Perchet, Paris Diderot, (h)<br>2015 B. Ziliotto, Toulouse<br>2016 A. Hochart, Polytechnique<br>2017 S. Gaubert, UPMC (h)<br>2017 G. Vigeral, Paris Dauphine (h)<br>2018 S. Hadikhanloo,\u00a0 Paris\u00a0\u00a0 Dauphine (rapporteur)<br>2018 R. Capuani, Universit\u00e0 degli Studi di Roma Tor\u00a0 Vergata<br>2018 X. Wu, Universit\u00e9\u00a0 Bretagne Occidentale (rapporteur)<br>2018 C. Bertucci, Universit\u00e9 Paris-Dauphine PSL<br>2019 V.  Basco , University of Rome Tor Vergata.<br>2019 L. Gaudin, Sorbonne Universit\u00e9.<br>2019 T. Garrec,  Universit\u00e9  Toulouse 1.<br>2019 P. Jacquot, Ecole Polytechnique.<br>2019 P. Mertikopoulos, Universit\u00e9 de Grenoble (h) (rapporteur)<br>2020 M. Oliu-Barton, Universit\u00e9 Paris-Dauphine, PSL (h)<br>2020 E. Pauwels, Universit\u00e9 Toulouse 3-Paul Sabatier. (h)<br>2022 B. Ziliotto, Universit\u00e9 Paris-Dauphine, PSL (h)(rapporteur)<br>2023 J. Fixary,  Universit\u00e9 Paris 1<br>2023 Y.-G. Hsieh, Universit\u00e9 de Grenoble (rapporteur)<br>2023 E. de Montbrun, Universit\u00e9 Toulouse 1<\/p>\n\n\n\n<p><em>Economie<\/em><\/p>\n\n\n\n<p>1985 P. Legros, Paris 12<br>1989 G. Umbhauer, Strasbourg 1<br>1993 M.E. Estavillo Flores, Paris 10-Nanterre<br>1994 F. Kramarz, Paris 10-Nanterre<br>1997 A. Ziad, Caen<br>1998 S. Cochinard, Paris 9<br>1999 M. Martin, Caen<br>2003 O. Gossner, Paris Dauphine (h)<br>2012 M. Laclau, HEC<\/p>\n\n\n\n<p><br><em>Informatique<\/em><br>2006 H. Gimbert, Paris 6<br>2008 S. Le Roux , ENS Lyon<\/p>\n\n\n\n<p><\/p>\n\n\n\n<p><em> Medecine<\/em><\/p>\n\n\n\n<p>2021 S. Jijon Alban, Sorbonne Universit\u00e9.<\/p>\n\n\n\n<p><strong>**************************************************************************<\/strong><\/p>\n\n\n\n<p><strong>Groupes de travail<\/strong><br>Dans le cadre de l\u2019ENSAE:<br>1988-89 J.L. Bricout, L. Eckert, D. Naud\u00e9, R. Tchuidjang :<br>Equilibre et information dans les jeux r\u00e9p\u00e9t\u00e9s<br>1989-90 N. Boccard, B. Bouchet, F. Bousquet, P. Bruel :<br>Th\u00e9orie des jeux et rationalit\u00e9 limit\u00e9e<\/p>\n\n\n\n<p><strong>Cours de recherche<\/strong><br>IMSSS, Stanford: \u00ab&nbsp;Repeated games&nbsp;\u00bb, 1979<\/p>\n\n\n\n<p>Technion, Haiffa: \u00ab&nbsp;Repeated games&nbsp;\u00bb, 1984<\/p>\n\n\n\n<p>I.M.W., Bielefeld: \u00ab&nbsp;Repeated games with incomplete information&nbsp;\u00bb, 1985<\/p>\n\n\n\n<p>London School of Economics: \u00ab&nbsp;Repeated games&nbsp;\u00bb, 1987<\/p>\n\n\n\n<p>NATO Advanced Studies Institute, Capri: \u00ab&nbsp;Bounded rationality&nbsp;\u00bb, 1987<\/p>\n\n\n\n<p>E.N.S., Paris : \u00ab&nbsp;Jeux \u00e0 information incompl\u00e8te&nbsp;\u00bb, 1989<\/p>\n\n\n\n<p>I.D.S., Stony Brook : \u00ab&nbsp;Strategic equilibrium&nbsp;\u00bb, 1990<\/p>\n\n\n\n<p>NATO Advanced Studies Institute, Stony Brook: \u00ab&nbsp;Game theoretical tools in general equilibrium&nbsp;\u00bb, 1991<\/p>\n\n\n\n<p>I.D.S., Stony Brook : \u00ab&nbsp;Repeated games&nbsp;\u00bb, 1993<\/p>\n\n\n\n<p>E.N.S., Paris : \u00ab&nbsp;Jeux stochastiques&nbsp;\u00bb, 1994<\/p>\n\n\n\n<p>NATO Advanced Studies Institute, Stony Brook: \u00ab&nbsp;Cooperation: Game theoretic approaches&nbsp;\u00bb,1994<\/p>\n\n\n\n<p>IMPA, Rio de Janeiro: \u00ab&nbsp;Incomplete information repeated games&nbsp;\u00bb, 1998<\/p>\n\n\n\n<p>DIM, Universidad de Chile, Santiago: \u00ab\u00a0Zero-sum repeated games\u00a0\u00bb, 1998<\/p>\n\n\n\n<p>Math Dept, Vigo : \u00ab&nbsp;Incomplete information in games&nbsp;\u00bb, 1999<\/p>\n\n\n\n<p>NATO Advanced Studies Institute, Stony Brook: \u00ab\u00a0Stochastic games and applications\u00a0\u00bb, 1999<\/p>\n\n\n\n<p>Math Dept, La Habana : \u00ab\u00a0Introduction to repeated games\u00a0\u00bb, 2000<\/p>\n\n\n\n<p>IMPA, Rio de Janeiro: \u00ab\u00a0Zero-sum repeated games\u00a0\u00bb, \u00ab\u00a0Dynamics in games\u00a0\u00bb, 2006<\/p>\n\n\n\n<p>CMM, Universidad de Chile, Santiago \u00abDynamics in games\u00a0\u00bb, 2006<\/p>\n\n\n\n<p>CIMPA-UNESCO-REALMA School Mathematics for Modeling and Simulation, Cali, Colombia, 2007<\/p>\n\n\n\n<p>IMPA, Rio de Janeiro: Dynamics and Optimization, 2009<\/p>\n\n\n\n<p>Swiss Doctoral Program in Mathematics, \u00ab\u00a0Game Theory, Evolutionary Game Theory and Learning in Games\u00a0\u00bb, Les Diablerets, 2012<\/p>\n\n\n\n<p>Summer School on Cognitive Wireless Communications \u00ab\u00a0Highlight on Game Theory\u00a0\u00bb, Paris, 2012<\/p>\n\n\n\n<p>Summer School on Dynamic Games, Valparaiso, 2012<\/p>\n\n\n\n<p>Hausdorff&nbsp; Mathematical Research Institute, Bonn&nbsp;: \u00ab&nbsp;Introduction to the theory of evolutionary games&nbsp;\u00bb, &nbsp;2013<\/p>\n\n\n\n<p>CMM, Universidad de Chile,&nbsp; Santiago&nbsp;: \u00ab&nbsp;Evolutionary games and learning algorithms&nbsp;\u00bb, 2015<\/p>\n\n\n\n<p>Tutorial on learning, IMS, Singapore, 2015<\/p>\n\n\n\n<p>School \u00ab&nbsp;Equilibria in games: existence, selection and dynamics&nbsp;\u00bb, CMM, Universidad de Chile, 2017        http:\/\/eventos.cmm.uchile.cl\/dgames2017\/<\/p>\n\n\n\n<p>Workshop: Gradient dynamics, convergence \u00a0and related topics, UPMC, November 2017 <\/p>\n\n\n\n<p>Summer School: Strategies and Dynamics in Games, IMCA, Lima, Peru, January 2019 <br>http:\/\/gamesdyn.imca.edu.pe\/index.php<\/p>\n\n\n\n<p>PGMO Course  \u00ab\u00a0Dynamics in Games: Algorithms and Learning\u00a0\u00bb, February 2021<\/p>\n\n\n\n<p>The slides of the lecture are now available on the PGMO web site, seehttps:\/\/www.fondation-hadamard.fr\/fr\/pgmo-seminars\/courses<\/p>\n\n\n\n<p>The videos have been made permanently available onhttps:\/\/youtube.com\/playlist?list=PLukFMCj2tI3cISg0Z26UKYS5TwWiAwPnu<\/p>\n\n\n\n<p> Course on Game Theory, Universita di Verona, November 2022.<\/p>\n\n\n\n<p>https:\/\/www.di.univr.it\/?ent=seminario&#038;id=5777<\/p>\n\n\n\n<p>Course on Stochastic Games, \u00ab\u00a0Stochastic Control and Risk\u00a0\u00bb, April 2023, Ecole Polytechnique, Le Mans University, Hammamet, Tunisia<\/p>\n\n\n\n<p><\/p>\n\n\n\n<p><\/p>\n","protected":false},"excerpt":{"rendered":"<p>Jurys Cours de recherche ************************************************************************** Th\u00e8se de 3\u00b0cycle 1982 A. Perrot-Dormont (P. et M. Curie &#8211; Paris 6)Sur les jeux r\u00e9p\u00e9t\u00e9s. Th\u00e8ses de Doctorat 1992 N. Vieille (P. et M. Curie &#8211; Paris 6)Contribution \u00e0 la th\u00e9orie des jeux r\u00e9p\u00e9t\u00e9sJury: J. Abdou (R; Paris 1), P. Deheuvels (Paris 6), I. Ekeland (Paris 9), N. El [&hellip;]<\/p>\n","protected":false},"author":1,"featured_media":0,"parent":0,"menu_order":0,"comment_status":"closed","ping_status":"closed","template":"","meta":{"footnotes":""},"class_list":["post-59","page","type-page","status-publish","hentry"],"_links":{"self":[{"href":"https:\/\/perso.imj-prg.fr\/sylvain-sorin\/wp-json\/wp\/v2\/pages\/59","targetHints":{"allow":["GET"]}}],"collection":[{"href":"https:\/\/perso.imj-prg.fr\/sylvain-sorin\/wp-json\/wp\/v2\/pages"}],"about":[{"href":"https:\/\/perso.imj-prg.fr\/sylvain-sorin\/wp-json\/wp\/v2\/types\/page"}],"author":[{"embeddable":true,"href":"https:\/\/perso.imj-prg.fr\/sylvain-sorin\/wp-json\/wp\/v2\/users\/1"}],"replies":[{"embeddable":true,"href":"https:\/\/perso.imj-prg.fr\/sylvain-sorin\/wp-json\/wp\/v2\/comments?post=59"}],"version-history":[{"count":15,"href":"https:\/\/perso.imj-prg.fr\/sylvain-sorin\/wp-json\/wp\/v2\/pages\/59\/revisions"}],"predecessor-version":[{"id":209,"href":"https:\/\/perso.imj-prg.fr\/sylvain-sorin\/wp-json\/wp\/v2\/pages\/59\/revisions\/209"}],"wp:attachment":[{"href":"https:\/\/perso.imj-prg.fr\/sylvain-sorin\/wp-json\/wp\/v2\/media?parent=59"}],"curies":[{"name":"wp","href":"https:\/\/api.w.org\/{rel}","templated":true}]}}