{"id":49,"date":"2021-08-24T11:49:40","date_gmt":"2021-08-24T09:49:40","guid":{"rendered":"https:\/\/perso.imj-prg.fr\/sylvain-sorin\/?page_id=49"},"modified":"2023-10-27T13:19:22","modified_gmt":"2023-10-27T11:19:22","slug":"curriculum-vitae","status":"publish","type":"page","link":"https:\/\/perso.imj-prg.fr\/sylvain-sorin\/curriculum-vitae\/","title":{"rendered":"Curriculum vitae"},"content":{"rendered":"\n<figure class=\"wp-block-table\"><table><tbody><tr><td>Etat Civil<\/td><td>N\u00e9 \u00e0 Nantes (France) le 18 ao\u00fbt 1952<br>mari\u00e9, un enfant (1977), 2 petits enfants (2001, 2004)<\/td><\/tr><tr><td>Formation<\/td><td>1969 Baccalaur\u00e9at C (Math\u00e9matique)<br>1970 Baccalaur\u00e9at A (Philosophie)<br>1972-1976 Ecole Normale Sup\u00e9rieure (Saint-Cloud), Math\u00e9matique<br>1973 Ma\u00eetrise de Sciences Math\u00e9matiques, Universit\u00e9 Paris 11 &#8211; Orsay<br>1974 D.E.A Math\u00e9matique, Universit\u00e9 Pierre et Marie Curie &#8211; Paris 6<br>1976 D.E.S Economie, Universit\u00e9 Paris 1<br>1976 Agr\u00e9gation de Math\u00e9matique<br>1977 Th\u00e8se de 3\u00b0 cycle, Math\u00e9matique, Universit\u00e9 Pierre et Marie Curie &#8211; Paris 6<br>1981 Th\u00e8se d&rsquo;Etat, Math\u00e9matique, \u201cSur les jeux \u00e0 information incompl\u00e8te\u201d<br>&nbsp;&nbsp;&nbsp;&nbsp;&nbsp;&nbsp;&nbsp;&nbsp; Jury : R. Azencott, J. Giraud, J.-Y. Jaffray, J.-F. Mertens, J. Neveu.<br>&nbsp;&nbsp;&nbsp;&nbsp;&nbsp;&nbsp;&nbsp; Universit\u00e9 Pierre et Marie Curie &#8211; Paris 6.<\/td><\/tr><tr><td><br>Emploi<\/td><td><strong>Emploi principal<\/strong><br>1977-1984 Assistant agr\u00e9g\u00e9, Universit\u00e9 Pierre et Marie Curie &#8211; Paris 6<br>1985-1990 Professeur, Universit\u00e9 Louis Pasteur, Strasbourg<br>&nbsp;&nbsp;&nbsp;&nbsp;&nbsp;&nbsp;&nbsp;&nbsp;&nbsp;&nbsp;&nbsp;&nbsp;&nbsp;&nbsp;&nbsp;&nbsp;&nbsp;&nbsp; UFR de Math\u00e9matique, Laboratoire IRMA<br>1990-2000 Professeur, Universit\u00e9 Paris X Nanterre<br>&nbsp;&nbsp;&nbsp;&nbsp;&nbsp;&nbsp;&nbsp;&nbsp;&nbsp;&nbsp;&nbsp;&nbsp;&nbsp;&nbsp;&nbsp;&nbsp;&nbsp; UFR SEGMI, Equipe Modal&rsquo;X<br>2000-2015 Professeur, Universit\u00e9 Pierre et Marie Curie &#8211; Paris 6<br>&nbsp;&nbsp;&nbsp;&nbsp;&nbsp;&nbsp;&nbsp;&nbsp;&nbsp;&nbsp;&nbsp;&nbsp;&nbsp;&nbsp;&nbsp;&nbsp;&nbsp; UFR 929, IMJ, Equipe Combinatoire et Optimisation<br><strong>Laboratoire de recherche<\/strong><br>1990-1995 Membre du D\u00e9partement de Math\u00e9matique et d\u2019Informatique, Ecole Normale Sup\u00e9rieure<br>1995-2010 Membre du Laboratoire d\u2019Econom\u00e9trie, Ecole Polytechnique<\/td><\/tr><tr><td>Autres emplois<\/td><td>1979 Ma\u00eetre\u00a0 de\u00a0 Conf\u00e9rences, Ecole\u00a0 Nationale\u00a0 d&rsquo;Administration, (1 year) <br>1980 Fellow, Institute\u00a0 for\u00a0 Advanced\u00a0 Studies, Jerusalem, Isra\u00ebl, (6 months) <br>1981 Invited\u00a0 associate\u00a0 professor, Core, Louvain\u00a0 la\u00a0 Neuve, Belgium, (6 months) <br>1982-1985 Charg\u00e9\u00a0 de\u00a0 Conf\u00e9rences,\u00a0 Ecole\u00a0 Normale\u00a0 Sup\u00e9rieure\u00a0 (Saint-Cloud) <br>1984-1990\u00a0 Professor, Ecole\u00a0 Nationale\u00a0 de\u00a0 la\u00a0 Statistique\u00a0 et\u00a0 de\u00a0 l&rsquo;Administration Economique <br>1986 Member, Mathematical\u00a0 Sciences\u00a0 Research\u00a0 Institute, Berkeley, U.S.A, (6 months) <br>1988 Invited\u00a0 professor,\u00a0 Core, Louvain\u00a0 la\u00a0 Neuve, Belgium, (6 months) <br>1992 Invited\u00a0 professor, Institute\u00a0 for\u00a0 Decision\u00a0 Sciences, SUNY\u00a0 Stony Brook, USA, (6 months) <br>1998 Invited\u00a0 professor, IMPA, Rio\u00a0 de\u00a0 Janeiro, Brazil, (2 months) <br>1998 Invited\u00a0 professor, Applied\u00a0 Math\u00a0 Dept, University\u00a0 of\u00a0 Chile, Santiago, Chile, (3 months) <br>2001 Research fellow, Center for Rationality, Jerusalem, Israel, (3 months) <br>2006 D\u00e9l\u00e9gation CNRS, (6 months) <br>2006 Invited\u00a0 professor, IMPA, Rio\u00a0 de\u00a0 Janeiro, Brazil, (2 months) <br>2006 Invited professor, Applied\u00a0 Math\u00a0 Dept, University\u00a0 of\u00a0 Chile, Santiago, Chile, (3 months) <br>2007-2011 Professor, Ecole\u00a0 Polytechnique<\/td><\/tr><tr><td>Statut<\/td><td>2016- Professeur \u00e9m\u00e9rite<\/td><\/tr><\/tbody><\/table><\/figure>\n","protected":false},"excerpt":{"rendered":"<p>Etat Civil N\u00e9 \u00e0 Nantes (France) le 18 ao\u00fbt 1952mari\u00e9, un enfant (1977), 2 petits enfants (2001, 2004) Formation 1969 Baccalaur\u00e9at C (Math\u00e9matique)1970 Baccalaur\u00e9at A (Philosophie)1972-1976 Ecole Normale Sup\u00e9rieure (Saint-Cloud), Math\u00e9matique1973 Ma\u00eetrise de Sciences Math\u00e9matiques, Universit\u00e9 Paris 11 &#8211; Orsay1974 D.E.A Math\u00e9matique, Universit\u00e9 Pierre et Marie Curie &#8211; Paris 61976 D.E.S Economie, Universit\u00e9 Paris 11976 [&hellip;]<\/p>\n","protected":false},"author":1,"featured_media":0,"parent":0,"menu_order":0,"comment_status":"closed","ping_status":"closed","template":"","meta":{"footnotes":""},"class_list":["post-49","page","type-page","status-publish","hentry"],"_links":{"self":[{"href":"https:\/\/perso.imj-prg.fr\/sylvain-sorin\/wp-json\/wp\/v2\/pages\/49","targetHints":{"allow":["GET"]}}],"collection":[{"href":"https:\/\/perso.imj-prg.fr\/sylvain-sorin\/wp-json\/wp\/v2\/pages"}],"about":[{"href":"https:\/\/perso.imj-prg.fr\/sylvain-sorin\/wp-json\/wp\/v2\/types\/page"}],"author":[{"embeddable":true,"href":"https:\/\/perso.imj-prg.fr\/sylvain-sorin\/wp-json\/wp\/v2\/users\/1"}],"replies":[{"embeddable":true,"href":"https:\/\/perso.imj-prg.fr\/sylvain-sorin\/wp-json\/wp\/v2\/comments?post=49"}],"version-history":[{"count":3,"href":"https:\/\/perso.imj-prg.fr\/sylvain-sorin\/wp-json\/wp\/v2\/pages\/49\/revisions"}],"predecessor-version":[{"id":157,"href":"https:\/\/perso.imj-prg.fr\/sylvain-sorin\/wp-json\/wp\/v2\/pages\/49\/revisions\/157"}],"wp:attachment":[{"href":"https:\/\/perso.imj-prg.fr\/sylvain-sorin\/wp-json\/wp\/v2\/media?parent=49"}],"curies":[{"name":"wp","href":"https:\/\/api.w.org\/{rel}","templated":true}]}}