{"id":21,"date":"2026-01-16T16:23:18","date_gmt":"2026-01-16T15:23:18","guid":{"rendered":"https:\/\/perso.imj-prg.fr\/sofia-tarricone\/?page_id=21"},"modified":"2026-01-21T15:59:56","modified_gmt":"2026-01-21T14:59:56","slug":"intro","status":"publish","type":"page","link":"https:\/\/perso.imj-prg.fr\/sofia-tarricone\/intro\/","title":{"rendered":"Intro"},"content":{"rendered":"\n<div class=\"wp-block-group has-medium-font-size\"><div class=\"wp-block-group__inner-container is-layout-constrained wp-block-group-is-layout-constrained\">\n<div class=\"wp-block-group has-medium-font-size\"><div class=\"wp-block-group__inner-container is-layout-constrained wp-block-group-is-layout-constrained\">\n<p class=\"has-medium-font-size\"><strong>Academic journey<\/strong><\/p>\n\n\n\n<p class=\"has-medium-font-size\">From September 2024 I am Ma\u00eetresse de Conf\u00e9rences at&nbsp;<a href=\"https:\/\/www.imj-prg.fr\/\">IMJ-PRG,<\/a>&nbsp;<a href=\"https:\/\/sciences.sorbonne-universite.fr\/\">Sorbonne Universit\u00e9<\/a>&nbsp;in the team&nbsp;<a href=\"https:\/\/www.imj-prg.fr\/co\/\">Combinatoire et Optimisation<\/a>. Previously, I spent two years as a post-doc at the&nbsp;<a href=\"https:\/\/www.ipht.fr\/\">Institut de Physique Th\u00e9orique<\/a>,&nbsp;<a href=\"https:\/\/www.cea.fr\/\">CEA<\/a>&nbsp;Saclay. Prior to that, I was post-doc at&nbsp;<a href=\"https:\/\/uclouvain.be\/fr\/instituts-recherche\/irmp\">Institut de Recherche en Math\u00e9matique et Physique<\/a>,&nbsp;<a href=\"https:\/\/uclouvain.be\/fr\/index.html\">Universit\u00e9 Catholique de Louvain-la-Neuve<\/a>.<br><br>I completed my PhD in Mathematics under the supervision of&nbsp;<a href=\"https:\/\/math.univ-angers.fr\/membre\/cafasso-mattia\/\">Mattia Cafasso<\/a>&nbsp;and&nbsp;<a href=\"http:\/\/mypage.concordia.ca\/mathstat\/bertola\/\">Marco Bertola<\/a>&nbsp;in a cotutelle program between&nbsp;<a href=\"https:\/\/www.univ-angers.fr\/fr\/index.html\">Universit\u00e9 d&rsquo;Angers<\/a>&nbsp;and&nbsp;<a href=\"https:\/\/www.concordia.ca\/\">Concordia University<\/a>. I am a member of the INSMI International Research Project&nbsp;<a href=\"https:\/\/piicq.pages.math.cnrs.fr\/\" target=\"_blank\" rel=\"noreferrer noopener\">PIICQ<\/a>&nbsp;(Probabilit\u00e9s Int\u00e9grables, Int\u00e9grabilit\u00e9 Classique et Quantique) and of the ANR JCJC project&nbsp;<a href=\"https:\/\/resyst.wp.imt.fr\/\" target=\"_blank\" rel=\"noreferrer noopener\">RESYST<\/a>&nbsp;(REflected Stochastic SYSTems).<\/p>\n\n\n\n<p class=\"has-medium-font-size\"><strong>Research Interests<\/strong><\/p>\n\n\n\n<p class=\"has-medium-font-size\">My research activity is focused on the interactions between integrable systems and integrable probabilistic and combinatorial models in mathematical physics. So far, this involved the followig subjects: classical integrable systems, KdV equation and related integrable PDEs, Painlev\u00e9 equations, random matrix theory, determinantal point processes, orthogonal polynomials, isomonodromy deformations, cluster algebras, Riemann-Hilbert problems, random partitions models, combinatorics of maps.<\/p>\n\n\n\n<div class=\"wp-block-group\"><div class=\"wp-block-group__inner-container is-layout-constrained wp-block-group-is-layout-constrained\">\n<p class=\"has-medium-font-size\"><strong>Ongoing seminars<\/strong><\/p>\n\n\n\n<div class=\"wp-block-group has-medium-font-size\"><div class=\"wp-block-group__inner-container is-layout-constrained wp-block-group-is-layout-constrained\">\n<ul class=\"wp-block-list\">\n<li class=\"has-medium-font-size\">Together with <a href=\"https:\/\/perso.imj-prg.fr\/jeremie-bouttier\/home\/\">J\u00e9r\u00e9mie Bouttier<\/a> and <a href=\"https:\/\/perso.imj-prg.fr\/marco-mazzola\/\" data-type=\"link\" data-id=\"https:\/\/perso.imj-prg.fr\/marco-mazzola\/\">Marco Mazzola<\/a> I co-organise the team seminar <a href=\"https:\/\/www.imj-prg.fr\/gestion\/evenement\/affEvenement\/111\" data-type=\"link\" data-id=\"https:\/\/www.imj-prg.fr\/gestion\/evenement\/affEvenement\/111\">\u00ab\u00a0Combinatoire, Optimisation, et Int\u00e9ractions\u00a0\u00bb<\/a>.<\/li>\n\n\n\n<li class=\"has-medium-font-size\">Together with <a href=\"https:\/\/maths.ucd.ie\/~hwalsh\/\">Harriet Walsh<\/a> I co-organise the online seminar <a href=\"https:\/\/indico.math.cnrs.fr\/category\/733\/\" data-type=\"link\" data-id=\"https:\/\/indico.math.cnrs.fr\/category\/733\/\">PIICQ<\/a>.<\/li>\n<\/ul>\n\n\n\n<p class=\"has-medium-font-size\">If you would like to be added to the mailing lists of either these seminars please just send me an email with the request.<\/p>\n<\/div><\/div>\n<\/div><\/div>\n<\/div><\/div>\n<\/div><\/div>\n","protected":false},"excerpt":{"rendered":"<p>Academic journey From September 2024 I am Ma\u00eetresse de Conf\u00e9rences at&nbsp;IMJ-PRG,&nbsp;Sorbonne Universit\u00e9&nbsp;in the team&nbsp;Combinatoire et Optimisation. Previously, I spent two years as a post-doc at the&nbsp;Institut de Physique Th\u00e9orique,&nbsp;CEA&nbsp;Saclay. Prior to that, I was post-doc at&nbsp;Institut de Recherche en Math\u00e9matique et Physique,&nbsp;Universit\u00e9 Catholique de Louvain-la-Neuve. I completed my PhD in Mathematics under the supervision of&nbsp;Mattia [&hellip;]<\/p>\n","protected":false},"author":139,"featured_media":0,"parent":0,"menu_order":0,"comment_status":"closed","ping_status":"closed","template":"","meta":{"footnotes":""},"class_list":["post-21","page","type-page","status-publish","hentry"],"_links":{"self":[{"href":"https:\/\/perso.imj-prg.fr\/sofia-tarricone\/wp-json\/wp\/v2\/pages\/21","targetHints":{"allow":["GET"]}}],"collection":[{"href":"https:\/\/perso.imj-prg.fr\/sofia-tarricone\/wp-json\/wp\/v2\/pages"}],"about":[{"href":"https:\/\/perso.imj-prg.fr\/sofia-tarricone\/wp-json\/wp\/v2\/types\/page"}],"author":[{"embeddable":true,"href":"https:\/\/perso.imj-prg.fr\/sofia-tarricone\/wp-json\/wp\/v2\/users\/139"}],"replies":[{"embeddable":true,"href":"https:\/\/perso.imj-prg.fr\/sofia-tarricone\/wp-json\/wp\/v2\/comments?post=21"}],"version-history":[{"count":14,"href":"https:\/\/perso.imj-prg.fr\/sofia-tarricone\/wp-json\/wp\/v2\/pages\/21\/revisions"}],"predecessor-version":[{"id":73,"href":"https:\/\/perso.imj-prg.fr\/sofia-tarricone\/wp-json\/wp\/v2\/pages\/21\/revisions\/73"}],"wp:attachment":[{"href":"https:\/\/perso.imj-prg.fr\/sofia-tarricone\/wp-json\/wp\/v2\/media?parent=21"}],"curies":[{"name":"wp","href":"https:\/\/api.w.org\/{rel}","templated":true}]}}