{"id":27,"date":"2021-08-27T15:51:47","date_gmt":"2021-08-27T13:51:47","guid":{"rendered":"https:\/\/perso.imj-prg.fr\/olivier-debarre\/?page_id=27"},"modified":"2021-08-27T15:51:47","modified_gmt":"2021-08-27T13:51:47","slug":"theses-soutenues-phd-students","status":"publish","type":"page","link":"https:\/\/perso.imj-prg.fr\/olivier-debarre\/theses-soutenues-phd-students\/","title":{"rendered":"Th\u00e8ses soutenues\/phd students"},"content":{"rendered":"\n<p>[1] <a href=\"https:\/\/www.normalesup.org\/%7Edconduche\/\">Denis Conduch\u00e9<\/a>, <a href=\"https:\/\/perso.imj-prg.fr\/olivier-debarre\/wp-content\/uploads\/debarre-pub\/conduche.pdf\">Courbes rationnelles et hypersurfaces de l&rsquo;espace projectif<\/a>, soutenue le 30 novembre 2006, Universit\u00e9 Louis Pasteur. Professeur en lyc\u00e9e.<\/p>\n\n\n\n<p>[2] <a href=\"http:\/\/homepage.fudan.edu.cn\/jiangzhi\/en\/\">Zhi Jiang<\/a>, <a href=\"https:\/\/perso.imj-prg.fr\/olivier-debarre\/wp-content\/uploads\/debarre-pub\/jiang.pdf\">Sur l&rsquo;application d&rsquo;Albanese des vari\u00e9t\u00e9s alg\u00e9briques et le c\u00f4ne nef des produits sym\u00e9triques de courbes<\/a>, soutenue le 25 mai 2010, Universit\u00e9 Paris-Diderot. Professeur au Shanghai Center for Mathematical Sciences, Shanghai, Chine.<\/p>\n\n\n\n<p>[3] <a href=\"http:\/\/www.math.ens.fr\/%7Eobenoist\/\">Olivier Benoist<\/a>, <a href=\"http:\/\/www.math.ens.fr\/%7Eobenoist\/articles\/These.pdf\">Espaces de modules d&rsquo;intersections compl\u00e8tes lisses<\/a>, soutenue le 10 f\u00e9vrier 2012, Universit\u00e9 Paris-Diderot. Charg\u00e9 de recherche au CNRS, Ecole normale sup\u00e9rieure.<\/p>\n\n\n\n<p>[4] Max Rempel, <a href=\"https:\/\/perso.imj-prg.fr\/olivier-debarre\/wp-content\/uploads\/debarre-pub\/These0509.pdf\">Positivit\u00e9 des cycles dans les vari\u00e9t\u00e9s alg\u00e9briques<\/a>, soutenue le 28 septembre 2012, Universit\u00e9 Paris-Diderot. Employ\u00e9 dans une banque en Allemagne.<\/p>\n","protected":false},"excerpt":{"rendered":"<p>[1] Denis Conduch\u00e9, Courbes rationnelles et hypersurfaces de l&rsquo;espace projectif, soutenue le 30 novembre 2006, Universit\u00e9 Louis Pasteur. Professeur en lyc\u00e9e. [2] Zhi Jiang, Sur l&rsquo;application d&rsquo;Albanese des vari\u00e9t\u00e9s alg\u00e9briques et le c\u00f4ne nef des produits sym\u00e9triques de courbes, soutenue le 25 mai 2010, Universit\u00e9 Paris-Diderot. Professeur au Shanghai Center for Mathematical Sciences, Shanghai, Chine. [&hellip;]<\/p>\n","protected":false},"author":1,"featured_media":0,"parent":0,"menu_order":0,"comment_status":"closed","ping_status":"closed","template":"","meta":{"footnotes":""},"class_list":["post-27","page","type-page","status-publish","hentry"],"_links":{"self":[{"href":"https:\/\/perso.imj-prg.fr\/olivier-debarre\/wp-json\/wp\/v2\/pages\/27","targetHints":{"allow":["GET"]}}],"collection":[{"href":"https:\/\/perso.imj-prg.fr\/olivier-debarre\/wp-json\/wp\/v2\/pages"}],"about":[{"href":"https:\/\/perso.imj-prg.fr\/olivier-debarre\/wp-json\/wp\/v2\/types\/page"}],"author":[{"embeddable":true,"href":"https:\/\/perso.imj-prg.fr\/olivier-debarre\/wp-json\/wp\/v2\/users\/1"}],"replies":[{"embeddable":true,"href":"https:\/\/perso.imj-prg.fr\/olivier-debarre\/wp-json\/wp\/v2\/comments?post=27"}],"version-history":[{"count":1,"href":"https:\/\/perso.imj-prg.fr\/olivier-debarre\/wp-json\/wp\/v2\/pages\/27\/revisions"}],"predecessor-version":[{"id":29,"href":"https:\/\/perso.imj-prg.fr\/olivier-debarre\/wp-json\/wp\/v2\/pages\/27\/revisions\/29"}],"wp:attachment":[{"href":"https:\/\/perso.imj-prg.fr\/olivier-debarre\/wp-json\/wp\/v2\/media?parent=27"}],"curies":[{"name":"wp","href":"https:\/\/api.w.org\/{rel}","templated":true}]}}