{"id":24,"date":"2021-08-27T15:50:54","date_gmt":"2021-08-27T13:50:54","guid":{"rendered":"https:\/\/perso.imj-prg.fr\/olivier-debarre\/?page_id=24"},"modified":"2026-01-06T16:09:12","modified_gmt":"2026-01-06T15:09:12","slug":"enseignement-teaching","status":"publish","type":"page","link":"https:\/\/perso.imj-prg.fr\/olivier-debarre\/enseignement-teaching\/","title":{"rendered":"Enseignement\/teaching"},"content":{"rendered":"\n<p><strong>Notes de cours<\/strong><\/p>\n\n\n\n<h3 class=\"wp-block-heading\" id=\"niveau-l-undergraduate\"><strong>Niveau L (undergraduate)<\/strong><\/h3>\n\n\n\n<p>[1] avec M. Audin.- <a href=\"https:\/\/perso.imj-prg.fr\/olivier-debarre\/wp-content\/uploads\/debarre-pub\/DEUG1.pdf\">Analyse 1\u00e8re ann\u00e9e<\/a>, cours de DEUG, Universit\u00e9 Louis Pasteur, 1998-1999.<\/p>\n\n\n\n<p>[2] <a href=\"https:\/\/perso.imj-prg.fr\/olivier-debarre\/wp-content\/uploads\/debarre-pub\/DEUG2.pdf\">Alg\u00e8bre 2\u00e8me ann\u00e9e<\/a>, cours de DEUG, Universit\u00e9 Louis Pasteur, 1998-1999.<\/p>\n\n\n\n<p>[3] <a href=\"https:\/\/perso.imj-prg.fr\/olivier-debarre\/wp-content\/uploads\/debarre-pub\/Algebre1.pdf\">Alg\u00e8bre 1<\/a>, cours de L3, l&rsquo;\u00c9cole normale sup\u00e9rieure, 2013-2014 (<a href=\"https:\/\/perso.imj-prg.fr\/olivier-debarre\/wp-content\/uploads\/debarre-pub\/PartielA1-2013.pdf\">partiel avec corrig\u00e9<\/a>, <a href=\"https:\/\/perso.imj-prg.fr\/olivier-debarre\/wp-content\/uploads\/debarre-pub\/ExamenA1-14.pdf\">examen avec corrig\u00e9<\/a>), 2014-2015 (<a href=\"https:\/\/perso.imj-prg.fr\/olivier-debarre\/wp-content\/uploads\/debarre-pub\/PartielA1-2014.pdf\">partiel avec corrig\u00e9<\/a>, <a href=\"https:\/\/perso.imj-prg.fr\/olivier-debarre\/wp-content\/uploads\/debarre-pub\/ExamenA1-15.pdf\">examen avec corrig\u00e9<\/a>), 2015-2016 (<a href=\"https:\/\/perso.imj-prg.fr\/olivier-debarre\/wp-content\/uploads\/debarre-pub\/PartielA1-2015.pdf\">partiel avec corrig\u00e9<\/a>, <a href=\"https:\/\/perso.imj-prg.fr\/olivier-debarre\/wp-content\/uploads\/debarre-pub\/ExamenA1-16.pdf\">examen avec corrig\u00e9<\/a>), TD (Cyril Demarche) : <a href=\"https:\/\/perso.imj-prg.fr\/olivier-debarre\/wp-content\/uploads\/debarre-pub\/TDC1.pdf\">TD1<\/a>, <a href=\"https:\/\/perso.imj-prg.fr\/olivier-debarre\/wp-content\/uploads\/debarre-pub\/TDC2.pdf\">TD2<\/a>, <a href=\"https:\/\/perso.imj-prg.fr\/olivier-debarre\/wp-content\/uploads\/debarre-pub\/TDC3.pdf\">TD3<\/a>, <a href=\"https:\/\/perso.imj-prg.fr\/olivier-debarre\/wp-content\/uploads\/debarre-pub\/TDC4.pdf\">TD4<\/a>, <a href=\"https:\/\/perso.imj-prg.fr\/olivier-debarre\/wp-content\/uploads\/debarre-pub\/TDC5.pdf\">TD5<\/a>, <a href=\"https:\/\/perso.imj-prg.fr\/olivier-debarre\/wp-content\/uploads\/debarre-pub\/TDC6.pdf\">TD6<\/a>,&nbsp; <a href=\"https:\/\/perso.imj-prg.fr\/olivier-debarre\/wp-content\/uploads\/debarre-pub\/TDC7.pdf\">TD7<\/a>, <a href=\"https:\/\/perso.imj-prg.fr\/olivier-debarre\/wp-content\/uploads\/debarre-pub\/TDC8.pdf\">TD8<\/a>, <a href=\"https:\/\/perso.imj-prg.fr\/olivier-debarre\/wp-content\/uploads\/debarre-pub\/TDC9.pdf\">TD9<\/a>, <a href=\"https:\/\/perso.imj-prg.fr\/olivier-debarre\/wp-content\/uploads\/debarre-pub\/TDC10.pdf\">TD10<\/a>, <a href=\"https:\/\/perso.imj-prg.fr\/olivier-debarre\/wp-content\/uploads\/debarre-pub\/TDC11.pdf\">TD11<\/a>, <a href=\"https:\/\/perso.imj-prg.fr\/olivier-debarre\/wp-content\/uploads\/debarre-pub\/TDC12.pdf\">TD12<\/a>.<\/p>\n\n\n\n<h3 class=\"wp-block-heading\" id=\"niveau-m-graduate\"><strong>Niveau M (graduate)<\/strong><\/h3>\n\n\n\n<p>[1] <a href=\"https:\/\/perso.imj-prg.fr\/olivier-debarre\/wp-content\/uploads\/debarre-pub\/DEA2000.pdf\">Vari\u00e9t\u00e9s et faisceaux<\/a>, cours de DEA, Universit\u00e9 Louis Pasteur, 2000-2001.<\/p>\n\n\n\n<p>[2] <a href=\"https:\/\/perso.imj-prg.fr\/olivier-debarre\/wp-content\/uploads\/debarre-pub\/DEA99.pdf\">Introduction \u00e0 la g\u00e9om\u00e9trie alg\u00e9brique<\/a>, cours de DEA, Universit\u00e9 Louis Pasteur, 1999-2000 et cours de M2, 2007-2008.<\/p>\n\n\n\n<p>[3] <a href=\"https:\/\/perso.imj-prg.fr\/olivier-debarre\/wp-content\/uploads\/debarre-pub\/M2.pdf\">Introduction \u00e0 la th\u00e9orie de Mori<\/a>, cours de M2, Universit\u00e9 Paris-Diderot, 2009-2010 et 2010-2011. <a href=\"https:\/\/perso.imj-prg.fr\/olivier-debarre\/wp-content\/uploads\/debarre-pub\/exam1.pdf\">Examen 1 (2010)<\/a>, <a href=\"https:\/\/perso.imj-prg.fr\/olivier-debarre\/wp-content\/uploads\/debarre-pub\/exam2.pdf\">Examen 2 (2010)<\/a>, <a href=\"https:\/\/perso.imj-prg.fr\/olivier-debarre\/wp-content\/uploads\/debarre-pub\/exam21.pdf\">Examen 1 (2011)<\/a>, <a href=\"https:\/\/perso.imj-prg.fr\/olivier-debarre\/wp-content\/uploads\/debarre-pub\/exam22.pdf\">Examen 2 (2011)<\/a>.<\/p>\n\n\n\n<p>[4] <a href=\"https:\/\/perso.imj-prg.fr\/olivier-debarre\/wp-content\/uploads\/debarre-pub\/Algebre2.pdf\">Alg\u00e8bre 2<\/a>, cours de M1, \u00c9cole normale sup\u00e9rieure, 2010-2011 (<a href=\"https:\/\/perso.imj-prg.fr\/olivier-debarre\/wp-content\/uploads\/debarre-pub\/PartielA2t.pdf\">partiel<\/a>, <a href=\"https:\/\/perso.imj-prg.fr\/olivier-debarre\/wp-content\/uploads\/debarre-pub\/ExamenA2t.pdf\">examen<\/a>), 2011-2012 (<a href=\"https:\/\/perso.imj-prg.fr\/olivier-debarre\/wp-content\/uploads\/debarre-pub\/PartielA2t-2012.pdf\">partiel<\/a>, <a href=\"https:\/\/perso.imj-prg.fr\/olivier-debarre\/wp-content\/uploads\/debarre-pub\/ExamenA2t-2012.pdf\">examen<\/a>) et 2012-2013 (<a href=\"https:\/\/perso.imj-prg.fr\/olivier-debarre\/wp-content\/uploads\/debarre-pub\/PartielA2t-2013.pdf\">partiel<\/a>, <a href=\"https:\/\/perso.imj-prg.fr\/olivier-debarre\/wp-content\/uploads\/debarre-pub\/ExamenA2t-2013.pdf\">examen<\/a>).<\/p>\n\n\n\n<p>[5] <a href=\"https:\/\/perso.imj-prg.fr\/olivier-debarre\/wp-content\/uploads\/debarre-pub\/Duke17.pdf\">Introduction to algebraic geometry<\/a>, graduate course (notes in French), Duke University, Spring 2017. <a href=\"https:\/\/perso.imj-prg.fr\/olivier-debarre\/wp-content\/uploads\/debarre-pub\/Assignment1.pdf\">Assignment 1<\/a> (<a href=\"https:\/\/perso.imj-prg.fr\/olivier-debarre\/wp-content\/uploads\/debarre-pub\/Assignment1_corr.pdf\">answers<\/a>), <a href=\"https:\/\/perso.imj-prg.fr\/olivier-debarre\/wp-content\/uploads\/debarre-pub\/Assignment2.pdf\">Assignment 2<\/a> (<a href=\"https:\/\/perso.imj-prg.fr\/olivier-debarre\/wp-content\/uploads\/debarre-pub\/Assignment2_corr.pdf\">answers<\/a>), <a href=\"https:\/\/perso.imj-prg.fr\/olivier-debarre\/wp-content\/uploads\/debarre-pub\/Assignment3.pdf\">Assignment 3<\/a> (<a href=\"https:\/\/perso.imj-prg.fr\/olivier-debarre\/wp-content\/uploads\/debarre-pub\/Assignment3_corr.pdf\">answers<\/a>).<\/p>\n\n\n\n<p>[6] <a href=\"https:\/\/perso.imj-prg.fr\/olivier-debarre\/wp-content\/uploads\/debarre-pub\/K3.pdf\">Les surfaces K3<\/a>, cours de M2, \u00c9cole normale sup\u00e9rieure, 2017-2018, Universit\u00e9 Paris-Diderot 2018-2019.<\/p>\n\n\n\n<h3 class=\"wp-block-heading\" id=\"preparation-aux-concours-d-enseignement\"><strong>Pr\u00e9paration aux concours d&rsquo;enseignement<\/strong><\/h3>\n\n\n\n<p>[1] Pr\u00e9paration au CAPES<br>&nbsp;&nbsp;&nbsp; &nbsp;&nbsp;&nbsp; * <a href=\"https:\/\/perso.imj-prg.fr\/olivier-debarre\/wp-content\/uploads\/debarre-pub\/Exponentielle-Log.pdf\">Exponentielles et logarithmes, m\u00e9thode d&rsquo;Euler<\/a> (avec N. Bopp, Universit\u00e9 Louis Pasteur, 2004)<br>&nbsp;&nbsp;&nbsp; &nbsp;&nbsp;&nbsp; * <a href=\"https:\/\/perso.imj-prg.fr\/olivier-debarre\/wp-content\/uploads\/debarre-pub\/Geometrie.pdf\">Alg\u00e8bre lin\u00e9aire et g\u00e9om\u00e9trie pour le CAPES<\/a> (Universit\u00e9 Louis Pasteur, 2007)<\/p>\n\n\n\n<p>[2] Pr\u00e9paration \u00e0 l&rsquo;agr\u00e9gation<\/p>\n\n\n\n<ul class=\"wp-block-list\">\n<li><a href=\"https:\/\/perso.imj-prg.fr\/olivier-debarre\/wp-content\/uploads\/debarre-pub\/ExosAgreg.pdf\">Exercices<\/a> (avec Y. Laszlo, 2004)<\/li>\n\n\n\n<li><a href=\"https:\/\/perso.imj-prg.fr\/olivier-debarre\/wp-content\/uploads\/debarre-pub\/EquaDiff.pdf\">\u00c9quations diff\u00e9rentielles<\/a> (2004)<\/li>\n\n\n\n<li><a href=\"https:\/\/perso.imj-prg.fr\/olivier-debarre\/wp-content\/uploads\/debarre-pub\/ReducEndo.pdf\">R\u00e9duction des endomorphismes<\/a> (2004)<\/li>\n\n\n\n<li><a href=\"https:\/\/perso.imj-prg.fr\/olivier-debarre\/wp-content\/uploads\/debarre-pub\/Classes de conjugaison.pdf\">Classes de conjugaison de matrices complexes<\/a> (2021)<\/li>\n\n\n\n<li><a href=\"https:\/\/perso.imj-prg.fr\/olivier-debarre\/wp-content\/uploads\/debarre-pub\/Nilpotent et Young.pdf\">Matrices nilpotentes et tableaux de Young<\/a> (2020)<\/li>\n\n\n\n<li><a href=\"https:\/\/perso.imj-prg.fr\/olivier-debarre\/wp-content\/uploads\/debarre-pub\/Les boules Lp dans le plan.pdf\">Les boules L<sup>p<\/sup> dans le plan<\/a> (2021)<\/li>\n\n\n\n<li><a href=\"https:\/\/perso.imj-prg.fr\/olivier-debarre\/wp-content\/uploads\/sites\/34\/2026\/01\/anneauxcorps25-26.pdf\">Cours et exercices anneaux et corps<\/a> (Universit\u00e9 Paris Cit\u00e9, 2025-2026)<\/li>\n<\/ul>\n\n\n\n<p><\/p>\n","protected":false},"excerpt":{"rendered":"<p>Notes de cours Niveau L (undergraduate) [1] avec M. Audin.- Analyse 1\u00e8re ann\u00e9e, cours de DEUG, Universit\u00e9 Louis Pasteur, 1998-1999. [2] Alg\u00e8bre 2\u00e8me ann\u00e9e, cours de DEUG, Universit\u00e9 Louis Pasteur, 1998-1999. [3] Alg\u00e8bre 1, cours de L3, l&rsquo;\u00c9cole normale sup\u00e9rieure, 2013-2014 (partiel avec corrig\u00e9, examen avec corrig\u00e9), 2014-2015 (partiel avec corrig\u00e9, examen avec corrig\u00e9), 2015-2016 [&hellip;]<\/p>\n","protected":false},"author":1,"featured_media":0,"parent":0,"menu_order":0,"comment_status":"closed","ping_status":"closed","template":"","meta":{"footnotes":""},"class_list":["post-24","page","type-page","status-publish","hentry"],"_links":{"self":[{"href":"https:\/\/perso.imj-prg.fr\/olivier-debarre\/wp-json\/wp\/v2\/pages\/24","targetHints":{"allow":["GET"]}}],"collection":[{"href":"https:\/\/perso.imj-prg.fr\/olivier-debarre\/wp-json\/wp\/v2\/pages"}],"about":[{"href":"https:\/\/perso.imj-prg.fr\/olivier-debarre\/wp-json\/wp\/v2\/types\/page"}],"author":[{"embeddable":true,"href":"https:\/\/perso.imj-prg.fr\/olivier-debarre\/wp-json\/wp\/v2\/users\/1"}],"replies":[{"embeddable":true,"href":"https:\/\/perso.imj-prg.fr\/olivier-debarre\/wp-json\/wp\/v2\/comments?post=24"}],"version-history":[{"count":23,"href":"https:\/\/perso.imj-prg.fr\/olivier-debarre\/wp-json\/wp\/v2\/pages\/24\/revisions"}],"predecessor-version":[{"id":379,"href":"https:\/\/perso.imj-prg.fr\/olivier-debarre\/wp-json\/wp\/v2\/pages\/24\/revisions\/379"}],"wp:attachment":[{"href":"https:\/\/perso.imj-prg.fr\/olivier-debarre\/wp-json\/wp\/v2\/media?parent=24"}],"curies":[{"name":"wp","href":"https:\/\/api.w.org\/{rel}","templated":true}]}}