{"id":25,"date":"2022-01-30T18:06:25","date_gmt":"2022-01-30T17:06:25","guid":{"rendered":"https:\/\/perso.imj-prg.fr\/nadir-matringe\/?page_id=25"},"modified":"2022-01-31T08:35:14","modified_gmt":"2022-01-31T07:35:14","slug":"enseignement","status":"publish","type":"page","link":"https:\/\/perso.imj-prg.fr\/nadir-matringe\/enseignement\/","title":{"rendered":"Enseignement"},"content":{"rendered":"\n<h2 class=\"wp-block-heading\">Quelques th\u00e8mes d&rsquo;alg\u00e8bre lin\u00e9aire<\/h2>\n\n\n\n<p>Chapitre 1: alg\u00e8bre multilin\u00e9aire<\/p>\n\n\n\n<div class=\"wp-block-file\"><a href=\"https:\/\/perso.imj-prg.fr\/nadir-matringe\/wp-content\/uploads\/sites\/67\/2022\/01\/ch1.pdf\">ch1<\/a><a href=\"https:\/\/perso.imj-prg.fr\/nadir-matringe\/wp-content\/uploads\/sites\/67\/2022\/01\/ch1.pdf\" class=\"wp-block-file__button\" download>T\u00e9l\u00e9charger<\/a><\/div>\n\n\n\n<p>Chapitre 2: dualit\u00e9 <\/p>\n\n\n\n<div class=\"wp-block-file\"><a href=\"https:\/\/perso.imj-prg.fr\/nadir-matringe\/wp-content\/uploads\/sites\/67\/2022\/01\/ch2.pdf\">ch2<\/a><a href=\"https:\/\/perso.imj-prg.fr\/nadir-matringe\/wp-content\/uploads\/sites\/67\/2022\/01\/ch2.pdf\" class=\"wp-block-file__button\" download>T\u00e9l\u00e9charger<\/a><\/div>\n\n\n\n<p>Chapitre 3: invariants de similitude <\/p>\n\n\n\n<div class=\"wp-block-file\"><a href=\"https:\/\/perso.imj-prg.fr\/nadir-matringe\/wp-content\/uploads\/sites\/67\/2022\/01\/ch3.pdf\">ch3<\/a><a href=\"https:\/\/perso.imj-prg.fr\/nadir-matringe\/wp-content\/uploads\/sites\/67\/2022\/01\/ch3.pdf\" class=\"wp-block-file__button\" download>T\u00e9l\u00e9charger<\/a><\/div>\n\n\n\n<p>Chapitre 4: repr\u00e9sentations des groupes finis<\/p>\n\n\n\n<div class=\"wp-block-file\"><a href=\"https:\/\/perso.imj-prg.fr\/nadir-matringe\/wp-content\/uploads\/sites\/67\/2022\/01\/ch4.pdf\">ch4<\/a><a href=\"https:\/\/perso.imj-prg.fr\/nadir-matringe\/wp-content\/uploads\/sites\/67\/2022\/01\/ch4.pdf\" class=\"wp-block-file__button\" download>T\u00e9l\u00e9charger<\/a><\/div>\n\n\n\n<p>Chapitre 5: transform\u00e9e de Fourier pour les groupes ab\u00e9liens finis<\/p>\n\n\n\n<div class=\"wp-block-file\"><a href=\"https:\/\/perso.imj-prg.fr\/nadir-matringe\/wp-content\/uploads\/sites\/67\/2022\/01\/ch5.pdf\">ch5<\/a><a href=\"https:\/\/perso.imj-prg.fr\/nadir-matringe\/wp-content\/uploads\/sites\/67\/2022\/01\/ch5.pdf\" class=\"wp-block-file__button\" download>T\u00e9l\u00e9charger<\/a><\/div>\n","protected":false},"excerpt":{"rendered":"<p>Quelques th\u00e8mes d&rsquo;alg\u00e8bre lin\u00e9aire Chapitre 1: alg\u00e8bre multilin\u00e9aire Chapitre 2: dualit\u00e9 Chapitre 3: invariants de similitude Chapitre 4: repr\u00e9sentations des groupes finis Chapitre 5: transform\u00e9e de Fourier pour les groupes ab\u00e9liens finis<\/p>\n","protected":false},"author":75,"featured_media":0,"parent":0,"menu_order":0,"comment_status":"closed","ping_status":"closed","template":"","meta":{"footnotes":""},"class_list":["post-25","page","type-page","status-publish","hentry"],"_links":{"self":[{"href":"https:\/\/perso.imj-prg.fr\/nadir-matringe\/wp-json\/wp\/v2\/pages\/25","targetHints":{"allow":["GET"]}}],"collection":[{"href":"https:\/\/perso.imj-prg.fr\/nadir-matringe\/wp-json\/wp\/v2\/pages"}],"about":[{"href":"https:\/\/perso.imj-prg.fr\/nadir-matringe\/wp-json\/wp\/v2\/types\/page"}],"author":[{"embeddable":true,"href":"https:\/\/perso.imj-prg.fr\/nadir-matringe\/wp-json\/wp\/v2\/users\/75"}],"replies":[{"embeddable":true,"href":"https:\/\/perso.imj-prg.fr\/nadir-matringe\/wp-json\/wp\/v2\/comments?post=25"}],"version-history":[{"count":8,"href":"https:\/\/perso.imj-prg.fr\/nadir-matringe\/wp-json\/wp\/v2\/pages\/25\/revisions"}],"predecessor-version":[{"id":43,"href":"https:\/\/perso.imj-prg.fr\/nadir-matringe\/wp-json\/wp\/v2\/pages\/25\/revisions\/43"}],"wp:attachment":[{"href":"https:\/\/perso.imj-prg.fr\/nadir-matringe\/wp-json\/wp\/v2\/media?parent=25"}],"curies":[{"name":"wp","href":"https:\/\/api.w.org\/{rel}","templated":true}]}}