{"id":17,"date":"2022-01-30T15:57:11","date_gmt":"2022-01-30T14:57:11","guid":{"rendered":"https:\/\/perso.imj-prg.fr\/nadir-matringe\/?page_id=17"},"modified":"2026-02-15T04:01:05","modified_gmt":"2026-02-15T03:01:05","slug":"publications-et-prepublications","status":"publish","type":"page","link":"https:\/\/perso.imj-prg.fr\/nadir-matringe\/publications-et-prepublications\/","title":{"rendered":"Publications"},"content":{"rendered":"\n<p><\/p>\n\n\n\n<p><\/p>\n\n\n\n<h2 class=\"wp-block-heading\">Nouvelle page personnelle : <a href=\"https:\/\/nadirmatringe.github.io\">https:\/\/nadirmatringe.github.io<\/a><\/h2>\n\n\n\n<ol class=\"wp-block-list\">\n<li><em>Avec O. Offen et C. Yang,<\/em> <a href=\"https:\/\/arxiv.org\/abs\/2509.00441\">[2509.00441] Intertwining periods, L-functions and local-global principles for distinction of automorphic representations<\/a> (2025)<\/li>\n\n\n\n<li><em><em>Avec M. Suzuki, <\/em><\/em><a href=\"https:\/\/arxiv.org\/abs\/2507.16364\">[2507.16364] Quaternionic symplectic model for discrete series representations<\/a> (2025)<\/li>\n\n\n\n<li>On relative cuspidality, <a href=\"https:\/\/arxiv.org\/abs\/2506.08393\">[2506.08393] On relative cuspidality<\/a> (2025), soumis<\/li>\n\n\n\n<li><em><em>Avec H. Lu, <\/em><\/em>On completeness of local intertwining periods, <a href=\"https:\/\/arxiv.org\/abs\/2503.11988\">[2503.11988] On completeness of local intertwining periods<\/a> (2025), soumis<\/li>\n\n\n\n<li>Gamma factors and root numbers of pairs for the Galois and the linear model, <a href=\"https:\/\/arxiv.org\/abs\/2407.02850\">https:\/\/arxiv.org\/abs\/2407.02850<\/a> (2025), \u00e0 reprendre pour g\u00e9n\u00e9ralisation aux repr\u00e9sentations temp\u00e9r\u00e9es, suivant une suggestion de Beuzart-Plessis, probablement avec Beuzart-Plessis.<\/li>\n\n\n\n<li>Local converse theorems and Langlands parameters, <a href=\"https:\/\/arxiv.org\/abs\/2409.20240\">https:\/\/arXiv:2409.20240<\/a> (2024), A para\u00eetre dans Trans. Am. Math. Soc.<\/li>\n\n\n\n<li><em><em>Avec A. Minguez (aka A) et  V. S\u00e9cherre (aka V),<\/em><\/em> On modular rigidity for&nbsp;GLn, <a href=\"https:\/\/arxiv.org\/abs\/2409.15209\">https:\/\/arXiv:2409.15209<\/a>, (2024), soumis<\/li>\n\n\n\n<li><em><em>Avec U.K. Anandavardhanan, H. Lu,  V. S\u00e9cherre (aka V), <\/em>and C. Yang<\/em>, The sign of linear periods, <a href=\"https:\/\/arxiv.org\/abs\/2402.12106\">https:\/\/arxiv.org\/abs\/2402.12106<\/a> (2024), soumis<\/li>\n\n\n\n<li><em><em>Avec R. Kurinczuk and V. S\u00e9cherre (aka V), <\/em><\/em>Cuspidal <em>\u2113<\/em>-modular representations of GL<em>n<\/em>(<em>F<\/em>) distinguished by a Galois involution, <a href=\"https:\/\/arxiv.org\/abs\/2310.15820\">https:\/\/arxiv.org\/abs\/2310.15820<\/a> (2023), A para\u00eetre dans Forum Math. Sigma<br><\/li>\n\n\n\n<li><em><em>Avec Harald Grobner<\/em>, <\/em>On the non-vanishing of Shalika newvectors at the identity,<br><a href=\"http:\/\/homepage.univie.ac.at\/harald.grobner\/papers\/MarkoBirthdayVolume.pdf\" data-type=\"URL\" data-id=\"http:\/\/homepage.univie.ac.at\/harald.grobner\/papers\/MarkoBirthdayVolume.pdf\">[pdf]<\/a> (2023)<br>A para\u00eetre dans Rad Hrvat. Akad. Znan. (special issue devoted to Marko Tadi\u0107&rsquo;s 70th birthday)                                                                                       <br><\/li>\n\n\n\n<li><em>Avec Omer Offen et Chang Yang<\/em>, On local intertwining periods,<br><a href=\"https:\/\/arxiv.org\/abs\/2303.03663\">https:\/\/arxiv.org\/abs\/2303.03663<\/a> (2023).<br>J. Funct. Anal., Volume 286, Issue 4,15 February 2024, 110293                                                                        <br><\/li>\n\n\n\n<li>Symmetric periods for automorphic forms on unipotent groups,<br><a href=\"https:\/\/arxiv.org\/abs\/2212.12766\">https:\/\/arxiv.org\/abs\/2212.12766<\/a> (2022).<br>A para\u00eetre dans J. Math. Soc. Japan                                                                            <br><\/li>\n\n\n\n<li><em>Avec Justin Trias<\/em>, Whittaker functionals and contragredient in characteristic not <em>p<\/em>,<br><a href=\"https:\/\/arxiv.org\/abs\/2209.15353\">https:\/\/arxiv.org\/abs\/2209.15353<\/a> (2022).<br>A para\u00eetre dans MRL.                                                                                            <br><\/li>\n\n\n\n<li>Local distinction, quadratic base change and automorphic induction for GLn<br><a href=\"https:\/\/arxiv.org\/abs\/2108.03017\"> https:\/\/arxiv.org\/abs\/2108.03017<\/a> (2021).<br>J. Th\u00e9or. Nombres Bordx.Journal Profile34, No. 3, 903-916 (2023).<br><\/li>\n\n\n\n<li><em>Avec Omer Offen,<\/em> Intertwining periods and distinction for p-adic Galois symmetric pairs<br><a href=\"https:\/\/a\">https:\/\/<\/a><a href=\"https:\/\/arxiv.org\/abs\/2102.00480\">arxiv.org\/abs\/2102.00480<\/a> (2021).<br>Proc. Lond. Math. Soc. (3) 125 (2022), no. 5, 1179\u20131252.<br><\/li>\n\n\n\n<li><em>Avec U.K. Anandavardhanan,<\/em> Distinction inside L-packets of SL(n)<br><a href=\"https:\/\/a\">https:\/\/<\/a><a href=\"https:\/\/arxiv.org\/abs\/2010.05678\">arxiv.org\/abs\/2010.05678<\/a> (2020).<br>Algebra Number Theory Journal Profile 17, No. 1, 45-82 (2023).<br><\/li>\n\n\n\n<li>Generalized Whittaker functions and Jacquet modules<br><a href=\"https:\/\/a\">https:\/\/<\/a><a href=\"https:\/\/arxiv.org\/abs\/2009.01624\">arxiv.org\/abs\/2009.01624<\/a> (2020).<br>Represent. Theory Journal Profile 27, 62-79 (2023).<br><\/li>\n\n\n\n<li><em>Avec G. Moss,<\/em> The Kirillov model in families<br><a href=\"https:\/\/a\">https:\/\/<\/a><a href=\"https:\/\/arxiv.org\/abs\/2005.13484\">arxiv.org\/abs\/2005.13484<\/a> (2020).<br>Monatsh. Math. 2022, Vol. 198, n 2, 393\u2011410<br><\/li>\n\n\n\n<li><em>Avec M. Chommaux,<\/em> The split case of the Prasad&#8211;Takloo-Bighash conjecture for cuspidal representations of level zero<br><a href=\"https:\/\/a\">https:\/\/<\/a><a href=\"http:\/\/arxiv.org\/abs\/2004.05581\">arxiv.org\/abs\/2004.05581<\/a> (2020).<br>Ann. Inst. Fourier (Grenoble) 72 (2002), no.1, 123\u2013153.<br><\/li>\n\n\n\n<li><em>Avec R. Kurinczuk,<\/em> A characterization of the relation between two l-modular correspondences<br><a href=\"https:\/\/a\">https:\/\/<\/a><a href=\"http:\/\/arxiv.org\/abs\/1911.12891\">arxiv.org\/abs\/1911.12891<\/a> (2019).<br>C. R. Math. Acad. Sci. Paris 358 (2020), no. 2, 201\u2013209.<br><\/li>\n\n\n\n<li>Distinction for unipotent p-adic groups<br><a href=\"https:\/\/a\">https:\/\/<\/a><a href=\"http:\/\/arxiv.org\/abs\/1909.07289\">arxiv.org\/abs\/1909.07289<\/a> (2019).<br>Bull. Iranian Math. Soc. 46 (2020), no. 6, 1571\u20131582. <a href=\"http:\/\/www-math.sp2mi.univ-poitiers.fr\/~matringe\/erratum unipotent distinction.pdf\">Erratum \u00e0 para\u00eetre dans Bull. Iranian Math. Soc.<\/a><br>La version arxiv a \u00e9t\u00e9 corrig\u00e9e directement<br><\/li>\n\n\n\n<li><em>Avec P. Broussous,<\/em> Multiplicity one for pairs of Prasad&#8211;Takloo-Bighash type<br><a href=\"https:\/\/a\">https:\/\/<\/a><a href=\"http:\/\/arxiv.org\/abs\/1903.11051\">arxiv.org\/abs\/1903.11051<\/a> (2019).<br>Int. Math. Res. Not. IMRN 2021, no. 21, 16423\u201316447.<br><\/li>\n\n\n\n<li><em>Avec R. Kurinczuk,<\/em> Characterisation of the poles of the l-modular Asai L-factor<br><a href=\"https:\/\/a\">https:\/\/<\/a><a href=\"http:\/\/arxiv.org\/abs\/1903.02427\">arxiv.org\/abs\/1903.02427<\/a> (2019).<br>Bull. Soc. Math. France 148 (2020), no. 3, 481\u2013514.<br><\/li>\n\n\n\n<li><em>Avec U.K. Anandavardhanan, R. Kurinczuk, V. S\u00e9cherre et S. Stevens,<\/em> Galois self-dual cuspidal types and Asai local factors<br><a href=\"https:\/\/a\">https:\/\/<\/a><a href=\"http:\/\/arxiv.org\/abs\/1807.07755\">arxiv.org\/abs\/1807.07755<\/a> (2018).<br>J. Eur. Math. Soc. (JEMS) 23 (2021), no. 9, 3129\u20133191.<br><\/li>\n\n\n\n<li><em>Avec R. Kurinczuk,<\/em> The l-modular local Langlands correspondence and local factors<br><a href=\"https:\/\/a\">https:\/\/<\/a><a href=\"http:\/\/arxiv.org\/abs\/1805.05888\">arxiv.org\/abs\/1805.05888<\/a> (2018).<br>J. Inst. Math. Jussieu 20 (2021), no.5, 1585\u20131635.<br><\/li>\n\n\n\n<li><em>Avec U.K. Anandavardhanan,<\/em> Test vectors for finite periods and base change<br><a href=\"https:\/\/a\">https:\/\/<\/a><a href=\"http:\/\/arxiv.org\/abs\/1805.04047\">arxiv.org\/abs\/1805.04047<\/a> (2018).<br>Adv. Math. 360 (2020), 106915, 27 pp.<br><\/li>\n\n\n\n<li><em>Avec R. Kurinczuk,<\/em> Extension of Whittaker functions and test vectors<br><a href=\"https:\/\/a\">https:\/\/<\/a><a href=\"http:\/\/arxiv.org\/abs\/1710.04697\">arxiv.org\/abs\/1710.04697<\/a> (2017).<br>Res. Number Theory 4 (2018), no. 3, Art. 31, 18 pp.<br><\/li>\n\n\n\n<li>Gamma factors of intertwining periods and distinction for inner forms of GL(n)<br><a href=\"https:\/\/a\">https:\/\/<\/a><a href=\"http:\/\/arxiv.org\/abs\/1709.00987\">arxiv.org\/abs\/1709.00987<\/a> (2017).<br>J. Funct. Anal. 281 (2021), no.10, Paper No. 109223, 70 pp.<br><\/li>\n\n\n\n<li><em>Avec U.K. Anandavardhanan,<\/em> Test vectors for local periods<br><a href=\"https:\/\/a\">https:\/\/<\/a><a href=\"http:\/\/arXiv.org\/abs\/1607.04145\">arXiv.org\/abs\/1607.04145<\/a> (2016).<br>Forum Math. 29 (2017), no. 6, 1245-1260.<br><\/li>\n\n\n\n<li><em>Avec O. Offen,<\/em> Gamma factors root numbers and distinction<br><a href=\"https:\/\/a\">https:\/\/<\/a><a href=\"http:\/\/arxiv.org\/abs\/1607.01982\">arxiv.org\/abs\/1607.01982<\/a> (2016).<br>Canad. J. Math. 70 (2018), no. 3, 683-701.<br><\/li>\n\n\n\n<li>Distinction of the Steinberg representation for inner forms of GL(n)<br><a href=\"https:\/\/a\">https:\/\/<\/a><a href=\"http:\/\/arxiv.org\/abs\/1602.05101\">arxiv.org\/abs\/1602.05101<\/a> (2016).<br>Math. Z. 287 (2017), no. 3-4, 881-895.<br><\/li>\n\n\n\n<li>Shalika periods and parabolic induction for GL(n) over a non archimedean local field<br><a href=\"https:\/\/a\">https:\/\/<\/a><a href=\"http:\/\/arxiv.org\/abs\/1510.06213\">arxiv.org\/abs\/1510.06213<\/a> (2015).<br>Bull. Lond. Math. Soc. (2017) Volume 49, Issue 3, Pages 417\u2013427<br><\/li>\n\n\n\n<li><em>Avec R. Kurinczuk,<\/em> Test vectors for local cuspidal Rankin-Selberg integrals of GL(n), and reduction modulo-l<br><a href=\"https:\/\/a\">https:\/\/<\/a><a href=\"http:\/\/arxiv.org\/abs\/1501.07587\">arxiv.org\/abs\/1501.075877<\/a> (2015).<br>Nagoya Math. J. Volume 233 (March 2019), pp. 170-192<br><\/li>\n\n\n\n<li><em>Appendice de l&rsquo;article de H. Grobner,<\/em> A rationality result for the exterior and the symmetric square $L$-function<br><a href=\"https:\/\/a\">https:\/\/<\/a><a href=\"http:\/\/arxiv.org\/abs\/1412.8082\">arxiv.org\/abs\/1412.8082<\/a> (2014).<br>Math. Ann. 370 (2018), no. 3-4, 1639-1679.<br><\/li>\n\n\n\n<li>On the local Bump-Friedberg L function II.<br><a href=\"https:\/\/a\">https:\/\/<\/a><a href=\"http:\/\/arxiv.org\/abs\/1411.6046\">arxiv.org\/abs\/1411.6046<\/a> (2014).<br>Manuscripta Mathematica, 2017, Volume 152, Issue 1-2, pp 223-240<br><\/li>\n\n\n\n<li><em>Avec R. Kurinczuk,<\/em> Rankin-Selberg local factors modulo-l<br><a href=\"https:\/\/a\">https:\/\/<\/a><a href=\"http:\/\/arXiv.org\/abs\/1408.5252\">arXiv:1408.5252<\/a> (2014).<br>Selecta Math. 2017, Volume 23, Issue 1, pp 767-811<br><\/li>\n\n\n\n<li><em>Avec J.W. Cogdell,<\/em> The functional equation of the Jacquet-Shalika integral representation of the local exterior-square L-function<br><a href=\"https:\/\/a\">https:\/\/<\/a><a href=\"http:\/\/arXiv.org\/abs\/1406.1935\">arXiv:1406.1935<\/a> (2014).<br>Math. Res. Lett. 22 (2015), no. 3, 697-717.<br><\/li>\n\n\n\n<li>Unitary representations of GL(n,K) distinguished by a Galois involution, for K a p-adic field.<br><a href=\"https:\/\/a\">https:\/\/<\/a><a href=\"http:\/\/arxiv.org\/abs\/1308.1266\">arXiv:1308.1266<\/a> (2013).<br>Pacific J.Math. 271 (2014), no. 2, 445-460<br><\/li>\n\n\n\n<li>On the local Bump-Friedberg L-function.<br><a href=\"https:\/\/a\">https:\/\/<\/a><a href=\"http:\/\/arxiv.org\/abs\/1301.0350\">arXiv:1301.0350<\/a> (2013).<br>J. Reine Angew. Math. 709 (2015), 119-170.<br><\/li>\n\n\n\n<li>A specialisation of the Bump-Friedberg L-function.<br><a href=\"https:\/\/a\">https:\/\/<\/a><a href=\"http:\/\/arxiv.org\/abs\/1211.1241\">arXiv:1211.1241<\/a> (2012).<br>Canad. Math. Bull. 58 (2015), no. 3, 580-595.<br><\/li>\n\n\n\n<li>Linear and Shalika local periods for the mirabolic group, and some consequences.<br><a href=\"https:\/\/a\">https:\/\/<\/a><a href=\"http:\/\/arxiv.org\/abs\/1210.4307\">arXiv: 1210.4307<\/a> (2012).<br>J. Number Theory, Volume 138, May 2014, Pages 1-19 <a href=\"http:\/\/www-math.sp2mi.univ-poitiers.fr\/~matringe\/JNT Erratum.pdf\">Erratum \u00e0 l&rsquo;article \u00ab\u00a0Linear and Shalika local periods for the mirabolic group, and some consequences\u00a0\u00bb ci-dessus<\/a><br><br><\/li>\n\n\n\n<li>Cuspidal representations of GL(n,F) distinguished by a maximal Levi subgroup, when F is a non archimedean local field.<br><a href=\"https:\/\/a\">https:\/\/<\/a><a href=\"http:\/\/arxiv.org\/abs\/1207.3925\">arXiv: arXiv:1207.3925<\/a> (2012).<br>C. R. Math. Acad. Sci. Paris 350 (2012), no. 17-18, 797-800. We realised that the main result of this paper had been obtained in Proposition 1 of Hakim and Murnaghan&rsquo;s paper in Canad. Math. Bull. 45 (2002), no. 2, 220-230. Their proof is local-global, and uses the global analogue proved by Jacquet and Friedberg, whereas ours is local and more direct. Moreover, our method extends to generic representations, as shown in our paper \u00ab\u00a0Linear and Shalika local periods for the mirabolic group, and some consequences\u00a0\u00bb.<br><br><\/li>\n\n\n\n<li>Essential Whittaker functions for GL(n).<br><a href=\"https:\/\/a\">https:\/\/<\/a><a href=\"http:\/\/arxiv.org\/abs\/1201.5506v5\">arXiv:1201.5506v5<\/a> (2011).<br>Documenta Math. 18 (2013) 1191&#8211;1214<br><\/li>\n\n\n\n<li>Derivatives and asymptotics of Whittaker functions.<br><a href=\"https:\/\/a\">https:\/\/<\/a><a href=\"http:\/\/arxiv.org\/abs\/1004.1315\">arXiv:1004.1315v1<\/a> (2010).<br>Represent. Theory 15 (2011), 646-669 <a href=\"http:\/\/www-math.sp2mi.univ-poitiers.fr\/~matringe\/asymptotics.pdf\">Erratum \u00e0 l&rsquo;article \u00ab\u00a0Derivatives and asymptotics of Whittaker functions\u00a0\u00bb ci-dessus<\/a><br><br><\/li>\n\n\n\n<li>Distinction and Asai L-functions for generic representations of general linear groups over p-adic fields.<br><a href=\"https:\/\/a\">https:\/\/<\/a><a href=\"http:\/\/arxiv.org\/abs\/0902.3061\">arXiv: arXiv:0902.3061<\/a> (2009).<br>IMRN, volume 2011, issue 1, 74&#8211;95<br><\/li>\n\n\n\n<li>Distinction of some induced representations.<br><a href=\"https:\/\/a\">https:\/\/<\/a><a href=\"http:\/\/arxiv.org\/abs\/0811.3733\">arXiv:0811.3733v3<\/a> (2008).<br>MRL, 2010, vol. 17, no. 1, 77&#8211;97.<br><\/li>\n\n\n\n<li>Conjectures about distinction and Asai L-functions of generic representations of general linear groups over local fields.<br><a href=\"https:\/\/a\">https:\/\/<\/a><a href=\"http:\/\/fr.arxiv.org\/abs\/0811.1410v2\">arXiv:0811.1410v3<\/a> (2008).<br>IMRN, 2009, no. 9, 1699&#8211;1741.<br><\/li>\n\n\n\n<li>Distinguished representations and exceptional poles of the Asai-L-function.<br><a href=\"https:\/\/a\">https:\/\/<\/a><a href=\"http:\/\/fr.arxiv.org\/abs\/0807.2748\">arXiv:0807.2748<\/a> (2008).<br>Manuscripta Mathematica, 2010, vol. 131, no 3-4, 415&#8211;426.<br><\/li>\n\n\n\n<li>Distinguished principal series representations for GL(n) over a p-adic field.<br><a href=\"https:\/\/a\">https:\/\/<\/a><a href=\"http:\/\/fr.arxiv.org\/abs\/0806.1584\">arXiv:0806.1584<\/a> (2008).<br>Pacific J.Math., Vol. 239, No. 1, Jan 2009.<br><\/li>\n<\/ol>\n\n\n\n<p><\/p>\n\n\n\n<p><\/p>\n\n\n\n<p><\/p>\n\n\n\n<p>Distinguished dihedral representations of GL(2) over a p-adic field<br><a href=\"http:\/\/arxiv.org\/abs\/math.RT\/0610724v3\">arXiv:math\/0610724v3<\/a> (2005).<\/p>\n\n\n\n<pre class=\"wp-block-code\"><code><\/code><\/pre>\n","protected":false},"excerpt":{"rendered":"<p>Nouvelle page personnelle : https:\/\/nadirmatringe.github.io Distinguished dihedral representations of GL(2) over a p-adic fieldarXiv:math\/0610724v3 (2005).<\/p>\n","protected":false},"author":75,"featured_media":0,"parent":0,"menu_order":0,"comment_status":"closed","ping_status":"closed","template":"","meta":{"footnotes":""},"class_list":["post-17","page","type-page","status-publish","hentry"],"_links":{"self":[{"href":"https:\/\/perso.imj-prg.fr\/nadir-matringe\/wp-json\/wp\/v2\/pages\/17","targetHints":{"allow":["GET"]}}],"collection":[{"href":"https:\/\/perso.imj-prg.fr\/nadir-matringe\/wp-json\/wp\/v2\/pages"}],"about":[{"href":"https:\/\/perso.imj-prg.fr\/nadir-matringe\/wp-json\/wp\/v2\/types\/page"}],"author":[{"embeddable":true,"href":"https:\/\/perso.imj-prg.fr\/nadir-matringe\/wp-json\/wp\/v2\/users\/75"}],"replies":[{"embeddable":true,"href":"https:\/\/perso.imj-prg.fr\/nadir-matringe\/wp-json\/wp\/v2\/comments?post=17"}],"version-history":[{"count":32,"href":"https:\/\/perso.imj-prg.fr\/nadir-matringe\/wp-json\/wp\/v2\/pages\/17\/revisions"}],"predecessor-version":[{"id":126,"href":"https:\/\/perso.imj-prg.fr\/nadir-matringe\/wp-json\/wp\/v2\/pages\/17\/revisions\/126"}],"wp:attachment":[{"href":"https:\/\/perso.imj-prg.fr\/nadir-matringe\/wp-json\/wp\/v2\/media?parent=17"}],"curies":[{"name":"wp","href":"https:\/\/api.w.org\/{rel}","templated":true}]}}