{"id":13,"date":"2022-11-03T14:44:27","date_gmt":"2022-11-03T13:44:27","guid":{"rendered":"https:\/\/perso.imj-prg.fr\/mariefrance-vigneras\/?page_id=13"},"modified":"2026-01-05T16:26:11","modified_gmt":"2026-01-05T15:26:11","slug":"publications","status":"publish","type":"page","link":"https:\/\/perso.imj-prg.fr\/mariefrance-vigneras\/publications\/","title":{"rendered":"Publications"},"content":{"rendered":"\n<ol class=\"wp-block-list\">\n<li>\u00ab\u00a0Corps de quaternions sur un corps de nombres alg\u00e9briques\u00a0\u00bb Th\\`ese de 3\\`eme cycle &#8211; Bordeaux (1972).&nbsp;<\/li>\n\n\n\n<li>(sous le nom Gu\u00e9ho) \u00ab\u00a0Corps de quaternions et fonction z\u00eata au point -1\u00a0\u00bb C.R.A.S. 274 (1972), 296-298.&nbsp;<\/li>\n\n\n\n<li>(sous le nom Gu\u00e9ho) \u00ab\u00a0La mesure de Tamagawa dans la th\u00e9orie du nombre de classes d&rsquo;id\u00e9aux d&rsquo;un corps de quaternions totalement d\u00e9fini\u00a0\u00bb Bull. S.M.F. 37 (1974), 107-114.&nbsp;<\/li>\n\n\n\n<li>\u00ab\u00a0Nombre de classes des corps de quaternions\u00a0\u00bb Th\\`ese d&rsquo;Etat, Bordeaux (1974).&nbsp;<\/li>\n\n\n\n<li>\u00ab\u00a0Partie fractionnaire de z\u00eata au point -1\u00a0\u00bb C.R.A.S. 279 (1974), 359-361.&nbsp;<\/li>\n\n\n\n<li>\u00ab\u00a0Nombre de classes d&rsquo;un ordre d&rsquo;Eichler et valeur au point -1 de la fonction z\u00eata d&rsquo;un corps quadratique r\u00e9el\u00a0\u00bb L&rsquo;enseignement Math\u00e9matiques XXI (1975), 70-104.&nbsp;<\/li>\n\n\n\n<li>\u00ab\u00a0Simplification pour les ordres des corps de quaternions totalement d\u00e9finis\u00a0\u00bb C.R.A.S. (1974) 537-540.&nbsp;<\/li>\n\n\n\n<li>\u00ab\u00a0Simplification pour les ordres de quaternions totalement d\u00e9finis\u00a0\u00bb Journal f\\\u00a0\u00bbur die reine und angew. Math. 286\/287 (1976), 257-277.&nbsp;<\/li>\n\n\n\n<li>\u00ab\u00a0Invariants num\u00e9riques des groupes de Hilbert\u00a0\u00bb Math. Ann. 224 (1976), 189-215.&nbsp;<\/li>\n\n\n\n<li>\u00ab\u00a0Correspondances entre alg\\`ebres de quaternions et classes d&rsquo;id\u00e9aux stablement libres\u00a0\u00bb, C.R.A.S. 283 (1976), 963-965.&nbsp;<\/li>\n\n\n\n<li>\u00ab\u00a0S\u00e9ries th\u00eata des formes quadratiques ind\u00e9finies\u00a0\u00bb S\u00e9minaire Delange-Pisot-Poitou (1975-76) $n^o$ 20.&nbsp;<\/li>\n\n\n\n<li>\u00ab\u00a0S\u00e9ries th\u00eata des formes quadratiques ind\u00e9finies\u00a0\u00bb Lecture Notes Springer-Verlag 627 (1977).&nbsp;<\/li>\n\n\n\n<li>\u00ab\u00a0Facteurs gamma et \u00e9quations fonctionnelles\u00a0\u00bb Lecture Notes Springer-Verlag 627 (1977).&nbsp;<\/li>\n\n\n\n<li>\u00ab\u00a0Exemples de sous-groupes discrets non conjugu\u00e9s de PSL(2,R) qui ont m\u00eame fonction z\u00eata de Selberg\u00a0\u00bb C.R.A.S. Paris, t. 287 (1978), 47-49.&nbsp;<\/li>\n\n\n\n<li>\u00ab\u00a0L&rsquo;\u00e9quation fonctionnnelle de la fonction z\\^eta de Selberg du groupe modulaire PSL(2,Z)\u00a0\u00bb. Soc. Math. de France, Ast\u00e9rique 61 (1979), 235-249.&nbsp;<\/li>\n\n\n\n<li>\u00ab\u00a0Arithm\u00e9tique des alg\\`ebres de quaternions\u00a0\u00bb Springer-Verlag Lecture Notes 800 (1980).&nbsp;<\/li>\n\n\n\n<li>\u00ab\u00a0Vari\u00e9t\u00e9s riemanniennes isospectrales et non isom\u00e9triques\u00a0\u00bb Ann. of Math. 112 (1980), 21-32.&nbsp;<\/li>\n\n\n\n<li>\u00ab\u00a0Valeur au centre de sym\u00e9trie des fonctions L associ\u00e9es aux formes modulaires\u00a0\u00bb S\u00e9minaire de th\u00e9orie des nombres de Paris, Birkha\\\u00a0\u00bbuser Progress in math. 10 (1981).&nbsp;<\/li>\n\n\n\n<li>Quelques remarques sur la conjecture $\\lambda&gt; 1\/4$. S\u00e9minaire de th\u00e9orie des nombres de Paris 1981-1982, Birkha\\\u00a0\u00bbuser Progress in math. 1 (1982).&nbsp;<\/li>\n\n\n\n<li>\u00ab\u00a0Caract\u00e9risation des int\u00e9grales orbitales sur un groupe r\u00e9ductif p-adique\u00a0\u00bb Journal of the Faculty of Science, University of Tokyo, Sect IA, Vol 28, $n^o$ 3, pp. 945-961 (1982).&nbsp;<\/li>\n\n\n\n<li>\u00ab\u00a0Correspondance de Langlands globales entre GL(n) et une alg\\`ebre de division\u00a0\u00bb Thursday seminar Institute For Advanced Study &#8211; Princeton (1984)&nbsp;<\/li>\n\n\n\n<li>\u00ab\u00a0Repr\u00e9sentations des groupes r\u00e9ductifs sur un corps local\u00a0\u00bb Avec J.N. Bernstein, P. Deligne, D. Kazhdan Travaux en cours &#8211; Hermann, Paris (1984).&nbsp;<\/li>\n\n\n\n<li>\u00ab\u00a0Moyennes galoisiennes des valeurs de fonctions L\u00a0\u00bb Canadian J. of Math., (1989).&nbsp;<\/li>\n\n\n\n<li>\u00ab\u00a0Repr\u00e9sentations galoisiennes paires\u00a0\u00bb Glasgow Math. J. 27 (1985) p. 223-237.&nbsp;<\/li>\n\n\n\n<li>\u00ab\u00a0Correspondances entre repr\u00e9sentations automorphes de GL(2) sur une extension quadratique et de $GSp(4)$ sur Q. Conjecture locale de Langlands pour $GSp(4)$\u00a0\u00bb Contemporary Mathematics Volume 53, (1986) A.M.S. p. 463-527.&nbsp;<\/li>\n\n\n\n<li>\u00ab\u00a0Correspondances de Howe sur un corps p-adique\u00a0\u00bb Avec C. Moeglin et J.L. Waldspurger. Springer-Verlag Lectures Notes 1291 (1987).&nbsp;<\/li>\n\n\n\n<li>\u00ab\u00a0Repr\u00e9sentations modulaires de $GL(2,F)$ en caract\u00e9ristique $\\l$, $F$ corps fini de caract\u00e9ristique $p \\neq l$\u00a0\u00bb C.R.A.S. t. 306, S\u00e9rie I, p. 451-454, (1988)&nbsp;<\/li>\n\n\n\n<li>\u00ab\u00a0Repr\u00e9sentations modulaires galois-quaternions pour un corps p-adique\u00a0\u00bb. Journ\u00e9es Arithm\u00e9tiques d&rsquo;Ulm, Springer-Verlag Lecture Notes 1380, page 254-266 (1989)&nbsp;<\/li>\n\n\n\n<li>\u00ab\u00a0Repr\u00e9sentations modulaires $GL(2,F)$ en caract\u00e9ristique $\\l$, $F$ corps p-adique, $p \\neq l$.\u00a0\u00bb Compositio Mathematica (1989).&nbsp;<\/li>\n\n\n\n<li>\u00ab\u00a0Formal degrees and existence of stable lattices in cuspidal representations of reductive p-adic groups\u00a0\u00bb Inventions Mathematica (1988)&nbsp;<\/li>\n\n\n\n<li>\u00ab\u00a0Repr\u00e9sentations modulaires des groupes r\u00e9ductifs p-adiques\u00a0\u00bb \u00ab\u00a020-i\\`eme anniversaire du s\u00e9minaire de th\u00e9orie des nombres de Bordeaux\u00a0\u00bb (1989).&nbsp;<\/li>\n\n\n\n<li>\u00ab\u00a0On formal dimensions for reductive p-adic groups\u00a0\u00bb, Piatetski-Shapiro festchrift The Weizmann Science press of Israel (1990).&nbsp;<\/li>\n\n\n\n<li>\u00ab\u00a0An elementary introduction to the local trace formuls of J. Arthur. The case of finite groups\u00a0\u00bb Jubilaum band DMV B.G. Teubner Stuttgart(1991). <a href=\"https:\/\/perso.imj-prg.fr\/mariefrance-vigneras\/wp-content\/uploads\/vigneras-pub\/dmv.dvi\">(DVI)<\/a><a href=\"https:\/\/perso.imj-prg.fr\/mariefrance-vigneras\/wp-content\/uploads\/vigneras-pub\/dmv.pdf\">(pdf)<\/a><\/li>\n\n\n\n<li>\u00ab\u00a0$\\l$-principe de Brauer pour un groupe de Lie p-adique, $p\\neq l$\u00a0\u00bb , Mathematische Nachrichten (1992). <a href=\"http:\/\/www.math.jussieu.fr\/%7Evigneras\/dmv.dvi\">(DVI)<\/a><\/li>\n\n\n\n<li>\u00ab\u00a0Homologie cyclique, principe de Selberg, et pseudo-coefficients pour les fonctions rapidement d\u00e9croissantes sur un groupe r\u00e9ductif p-adique\u00a0\u00bb Inventiones Mathematicae 116, 651-676 (1994)&nbsp;<\/li>\n\n\n\n<li>\u00ab\u00a0Banal Characteristic for Reductive p-adic Groups\u00a0\u00bb J. of Number Theory Vol.47, Number 3, June 1994, 378-397.<a href=\"http:\/\/www.math.jussieu.fr\/%7Evigneras\/banal.dvi\">(DVI)<\/a><\/li>\n\n\n\n<li>\u00ab\u00a0Sur la conjecture locale de Langlands pour $GL(n,F)$ sur $\\Fbar$\u00a0\u00bb C.R.A.S., t. 318, Serie I, p.905-908, 1994, 378-397<a href=\"http:\/\/www.math.jussieu.fr\/%7Evigneras\/CRAS94.dvi\">(DVI)<\/a><\/li>\n\n\n\n<li>\u00ab\u00a0A propos d&rsquo;une conjecture de Langlands modulaire\u00a0\u00bb Luminy 1994. Progress in Math 141 Birkhauser 1997.<a href=\"https:\/\/perso.imj-prg.fr\/mariefrance-vigneras\/wp-content\/uploads\/vigneras-pub\/luminy.pdf\">(pdf)<\/a><\/li>\n\n\n\n<li>\u00ab\u00a0Repr\u00e9sentations $\\l$-modulaires d&rsquo;un groupe r\u00e9ductif p-adique avec $\\l \\neq p$. Progress in Math 131 Birkhauser 1996.<\/li>\n\n\n\n<li>\u00ab\u00a0Cohomology of sheaves on the building and $R$-representations\u00a0\u00bb. Inventiones 127, 349-373, 1997. <a href=\"http:\/\/www.math.jussieu.fr\/%7Evigneras\/sheaves.dvi\">(DVI)<\/a><a href=\"http:\/\/www.math.jussieu.fr\/%7Evigneras\/sheaves.pdf\">(pdf)<\/a><\/li>\n\n\n\n<li>\u00ab\u00a0Extensions between irreducible representations of a p-adic GL(n)\u00a0\u00bb. 1997. Pacific Journal of Math. vol.181 no3 349-357 1997 <a href=\"https:\/\/perso.imj-prg.fr\/mariefrance-vigneras\/wp-content\/uploads\/vigneras-pub\/ext.dvi\">(DVI)<\/a><a href=\"https:\/\/perso.imj-prg.fr\/mariefrance-vigneras\/wp-content\/uploads\/vigneras-pub\/ext.pdf\">(pdf)&nbsp;<\/a><\/li>\n\n\n\n<li>\u00ab\u00a0Induced representations of reductive p-adic groups in characteristic $\\l \\neq p$.\u00a0\u00bb Preprint MPI 1996. Selecta Mathematica 4 (1998) 549-623. <a href=\"http:\/\/www.math.jussieu.fr\/%7Evigneras\/sealu98.dvi\">(DVI)<\/a><a href=\"http:\/\/www.math.jussieu.fr\/%7Evigneras\/qptf.dvi\">(appendice DVI)<\/a> <a href=\"http:\/\/www.math.jussieu.fr\/%7Evigneras\/sealu98.pdf\">(pdf)<\/a><a href=\"http:\/\/www.math.jussieu.fr\/%7Evigneras\/qptf.pdf\">(appendice pdf)<\/a><\/li>\n\n\n\n<li>\u00ab\u00a0Integrales orbitales modulo ell pour un groupe reductif ou son algebre de Lie. Arithmetic Geometric conference \u00ab\u00a0Hirzebruch 70\u00a0\u00bbContemporary Mathematics A.M.S. (1999)&nbsp; <a href=\"https:\/\/perso.imj-prg.fr\/mariefrance-vigneras\/wp-content\/uploads\/vigneras-pub\/hirzebruch70.dvi\">(dvi)(<\/a><a href=\"https:\/\/perso.imj-prg.fr\/mariefrance-vigneras\/wp-content\/uploads\/vigneras-pub\/hirzebruch70.pdf\">pdf)<\/a><\/li>\n\n\n\n<li>(with Jean-Loup Waldspurger ) Premiers r\\&rsquo;eguliers de l&rsquo;analyse harmonique mod $\\l$ d&rsquo;un groupe r\\&rsquo;eductif p-adique. Preprint septembre 1999. J. fur die reine und angewandte Mathematik 535 (2001),165-205. (pdf).<\/li>\n\n\n\n<li>\u00ab\u00a0Correspondance locale de Langlands semi-simple pour $GL(n,F)$ modulo $\\ell\\neq p$\u00a0\u00bb. Institut de Math\\&#8217;ematiques de Jussieu. Preprint 235. Inventiones 2001, 144 page 197-223.<a href=\"http:\/\/www.math.jussieu.fr\/%7Evigneras\/ens.pdf\">(<\/a> <a href=\"http:\/\/www.math.jussieu.fr\/%7Evigneras\/inventiones.pdf\">pdf)<\/a> .<\/li>\n\n\n\n<li>\u00ab\u00a0Congruence modulo $\\ell$ between $\\epsilon$ factors for cuspidal representations of&nbsp; $GL(2)$\u00a0\u00bb. Mars 2000. Journal de Th\u00e9orie des Nombres de Bordeaux\u00a0\u00bb 12 (2000), 571-580. <a href=\"http:\/\/www.math.jussieu.fr\/%7Evigneras\/martinet.jtnb.pdf\">(pdf)<\/a><\/li>\n\n\n\n<li>\u00ab\u00a0 Irreducible modular representations of a reductive p-adic group and simple modules for Hecke algebras\u00a0\u00bb European Congress in Mathematics. Barcelona 2000 <a href=\"http:\/\/www.math.jussieu.fr\/%7Evigneras\/vigneras.ecm.pdf\">(pdf)<\/a> .<\/li>\n\n\n\n<li>\u00ab\u00a0La conjecture locale de Langlands pour $GL(n,F)$ modulo $ell\\neq p$ et $\\ell &gt;n$\u00a0\u00bb. Annales de l&rsquo;E.N.S. &nbsp;t.34, 2001, 789-816.<a href=\"\/\/\/Macintosh%20HD\/Documents\/maylis\/My-Web-Files\/public_html\/ens.pdf\">(pdf)<\/a> .<\/li>\n\n\n\n<li>\u00ab\u00a0Schur algebras of reductive p-adic groups I\u00a0\u00bb. Insitut de Mathematiques de Jussieu. Prepublication 289 mai 2001. &nbsp;Duke Math. Journal 2003&nbsp; &nbsp;&nbsp;<a href=\"http:\/\/www.math.jussieu.fr\/%7Evigneras\/schur-princeton.pdf\"> (pdf)<\/a><\/li>\n\n\n\n<li>&nbsp;\u00ab\u00a0Representations modulo p of the p-adic group $GL(2,F)$\u00a0\u00bb.&nbsp;&nbsp; Compositio Math. 140 (2004) 333-358.<a href=\"https:\/\/webusers.imj-prg.fr\/%7Evigneras\/cmat0007.pdf\">(pdf)<\/a><\/li>\n\n\n\n<li>\u00ab\u00a0On highest Whittaker models and integral structures\u00a0\u00bb.&nbsp; Contributions to<br>Automorphic Forms, Geometry and Number Theory: Shalikafest 2002&Prime;&#8211;a supplemental volume to the American Journal of Mathematics 2003. <a href=\"https:\/\/perso.imj-prg.fr\/mariefrance-vigneras\/wp-content\/uploads\/vigneras-pub\/whittaker.pdf\">(pdf)<\/a><br><\/li>\n\n\n\n<li>\u00ab\u00a0Modular representations of&nbsp; p-adic groups and of affine Hecke algebras\u00a0\u00bb.&nbsp; International Congress of Mathematicians. Beijing 2002. Higher Education Press.<\/li>\n\n\n\n<li>&nbsp;\u00ab\u00a0On a numerical Langlands correspondence modulo p with the pro-p-Iwahori Hecke ring\u00a0\u00bb. Mathematische Annalen 2004. Erratum volume 333, no. 3, du 28 octobre (2005) 699-701. Erratum <a href=\"https:\/\/webusers.imj-prg.fr\/%7Evigneras\/cormathann.pdf\">(pdf)<\/a>. Corrected version <a href=\"https:\/\/webusers.imj-prg.fr\/%7Evigneras\/mathannalen3.pdf\">(pdf)<\/a><\/li>\n\n\n\n<li>&nbsp;\u00ab\u00a0Remark on congruences between algebraic automorphic forms\u00a0\u00bb.&nbsp; In Automorphic&nbsp; Representations, $L$-functions and Aplications: progress and Propsects, Berline:de Gruyter 2005, Volume en l&rsquo;honneur de Stephen Rallis.<a href=\"https:\/\/perso.imj-prg.fr\/mariefrance-vigneras\/wp-content\/uploads\/vigneras-pub\/16_VI.pdf\">(pdf)<\/a><\/li>\n\n\n\n<li>&nbsp;\u00ab\u00a0Alg\\`ebres de Hecke affines g\\&rsquo;en\\&rsquo;eriques\u00a0\u00bb.&nbsp; Representation Theory 10 (2006) 1-20. <a href=\"https:\/\/webusers.imj-prg.fr\/%7Evigneras\/heckearxivcorrige.pdf\">(pdf)<\/a><\/li>\n\n\n\n<li>A criterion for integral structures and coefficient systems on the tree of $PGL(2,F)$,&nbsp; special issue&nbsp; dedicated to Prof. Serre of Pure and Applied Mathematics Quarterly. February 20 2008:&nbsp; old version&nbsp; (<a href=\"http:\/\/www.math.jussieu.fr\/%7Evigneras\/intcriterium10.pdf\">pdf<\/a>).&nbsp; Final version (written december&nbsp; 2006)&nbsp;&nbsp; (<a href=\"https:\/\/webusers.imj-prg.fr\/%7Evigneras\/intcriterium10.1.pdf\">pdf)&nbsp;<\/a> Corrections <a href=\"https:\/\/perso.imj-prg.fr\/mariefrance-vigneras\/wp-content\/uploads\/vigneras-pub\/correctionint.pdf\">Corrections&nbsp;<\/a><a href=\"https:\/\/perso.imj-prg.fr\/mariefrance-vigneras\/wp-content\/uploads\/vigneras-pub\/intcriterium10.1.pdf\"><\/a><\/li>\n\n\n\n<li>Repr\\&rsquo;esentations irr\\&rsquo;eductibles de $GL(2,F )$ modulo $p$.&nbsp; In L-functions and Galois representations, ed. Burns, Buzzard, Nekovar, LMS Lecture Notes 320 (2007) <a href=\"http:\/\/www.math.jussieu.fr\/%7Evigneras\/durham06.pdf\">(pdf)<\/a><\/li>\n\n\n\n<li>&nbsp;S\\&rsquo;erie principale modulo $p$&nbsp;&nbsp; de groupes r\\&rsquo;eductifs $p$-adiques,&nbsp; 18&nbsp; decembre 2006 <a href=\"https:\/\/webusers.imj-prg.fr\/%7Evigneras\/serieprincip.pdf\">(pdf)<\/a> GAFA (2008) vol. in the honour of J. Bernstein.<br><\/li>\n\n\n\n<li>Unipotent representations of $GL(n,F)$ in the quasi-banal case. Appendice \\`a Clozel, Harris, Taylor Automorphy for some $\\ell$-adic lifts of automorphic mod $\\ell$ representations.&nbsp; Publ. Math. IHES, 108 1-181 (2008) <a href=\"https:\/\/perso.imj-prg.fr\/mariefrance-vigneras\/wp-content\/uploads\/vigneras-pub\/twugnew.pdf\">(pdf)<\/a><br><\/li>\n\n\n\n<li>&nbsp;$\\ell$-adic Banach continuous representations of reductive $p$-adic groups when $\\ell \\neq p$.&nbsp; Asterisque 330 1-12 (2010) <a href=\"https:\/\/perso.imj-prg.fr\/mariefrance-vigneras\/wp-content\/uploads\/vigneras-pub\/smooth-banach07.pdf\">(pdf)<\/a><\/li>\n\n\n\n<li>&nbsp; Representations p-adiques de torsion admissibles (shorter version of Admissibilite des representations p-adiques et lemme de Nakayama,&nbsp; janvier 2007 <a href=\"\/\/\/Users\/marie\/Desktop\/lang.pdf\">(pdf)<\/a>). &nbsp; Number Theory, Analysis and Geometry: In Memory of Serge Lang. Springer (2011).<br><\/li>\n\n\n\n<li>(with Peter Schneider) A functor from smooth o-torsion representations to (phi, Gamma)-modules version fevrier 2009<a href=\"\/\/\/Users\/marie\/Desktop\/functor.pdf\"> (pdf) <\/a>In honor of F. Shahidi\u2019s 60 th birthday. Clay Mathematics Proceedings Volume 13, 525-601 (2011). <a href=\"\/\/\/Users\/marie\/Desktop\/functor.pdf\"><\/a><\/li>\n\n\n\n<li>Le foncteur de Colmez pour GL(2,F) Version 2009 <a href=\"\/\/\/Users\/marie\/Desktop\/Colmezjuillet2009.pdf\">(pdf)<\/a>&nbsp; Arithmetic Geometry and Automorphic Forms. In honor of S. Kudla\u2019s 60 th birthday. ALM 19, International Press and the Higher Education Press of China, . pp. 531-557 (2011).<\/li>\n\n\n\n<li>(with Guy Henniart) A Satake isomorphism for representations modulo p of reductive groups over local fields. Journal fr die reine und angewandte Mathematik (Crelles Journal), 2015(701), pp. 33-75.<a href=\"http:\/\/www.math.jussieu.fr\/%7Evigneras\/satake_isomorphism-07032012.pdf\">(pdf<\/a>)<\/li>\n\n\n\n<li>(with Guy Henniart) Comparison of compact induction with&nbsp; parabolic induction.&nbsp; Special issue to the memory of J. Rogawski. Pacific Journal of Mathematics, vol 260, No 2, 2012, 457-495. &nbsp; <a href=\"http:\/\/www.math.jussieu.fr\/%7Evigneras\/satake07-17-2012.pdf\">(pdf)<\/a><\/li>\n\n\n\n<li>(with Peter Schneider and Gergely Zabradi)&nbsp; From \u00e9tale P_+ repr\u00e9sentations to G-equivariant sheaves on G\/P.&nbsp; LMS Lecture Note Series 415 \u201cAutomorphic Forms and Galois Representations\u201c (eds.: F. Diamond, P. Kassaei, M. Kim) Volume 2, 248-366 (2014). <a href=\"http:\/\/www.math.jussieu.fr\/%7Evigneras\/reverse-2012-06-06.pdf\">(pdf)<\/a><\/li>\n\n\n\n<li>The right adjoint of the parabolic induction. Hirzebruch Volume Proceedings Arbeitstagung 2013, Birkhauser Progress in Math. 319, 2016, 405-424&nbsp;<a href=\"https:\/\/perso.imj-prg.fr\/mariefrance-vigneras\/wp-content\/uploads\/vigneras-pub\/ordinaryfunctor2013octrevised2016sept2.pdf\"> (pdf)<\/a><\/li>\n\n\n\n<li>\u00a0The pro-p-Iwahori Hecke algebra of a reductive p-adic group II.\u00a0 Muenster J. of Math. Vol. 7, No 1, 2014 (364-379). Corrected version 2015-04-08 <a href=\"https:\/\/perso.imj-prg.fr\/mariefrance-vigneras\/wp-content\/uploads\/vigneras-pub\/mjm_vol_7_15.pdf\">(pdf)<\/a><\/li>\n\n\n\n<li>The pro-p-Iwahori Hecke algebra of a reductive p-adic group I.\u00a0 (first version 2013)\u00a0 Compositio mathematica 152, vol.7 No1,\u00a0 2016, 653-753 <a href=\"http:\/\/webusers.imj-prg.fr\/%7Emarie-france.vigneras\/rv2013-18-07.pdf\">(pdf)<\/a><\/li>\n\n\n\n<li>The pro-p-Iwahori Hecke algebra of a reductive p-adic group III. (first version 2014)\u00a0 Journal of the Institute of Mathematics of Jussieu 2015, 1-38 <a href=\"https:\/\/perso.imj-prg.fr\/mariefrance-vigneras\/wp-content\/uploads\/vigneras-pub\/imj.pdf\">(pdf) <\/a>erratum <a href=\"\/\/\/Users\/marie\/Desktop\/corrections%20pour%20Vigneras.pdf\">(pdf)<\/a><\/li>\n\n\n\n<li>The pro-p-Iwahori Hecke algebra of a reductive p-adic group V\u00a0 (parabolic induction)\u00a0 Pacific J. of Math. vol. 279 No 1-2, 2015, 499-529 (<a href=\"https:\/\/perso.imj-prg.fr\/mariefrance-vigneras\/wp-content\/uploads\/vigneras-pub\/Steinberg-corrige2.pdf\">pdf<\/a>)<\/li>\n\n\n\n<li>(with N. Abe, G. Henniart, Fl. Herzig) A classification of irreducible mod p representations of p-adic reductive groups. J. of the A.M.S. 30 2016 N02, 495-559 (<a href=\"https:\/\/perso.imj-prg.fr\/mariefrance-vigneras\/wp-content\/uploads\/vigneras-pub\/classification2016.pdf\">pdf<\/a>)<\/li>\n\n\n\n<li>(with R. Ollivier) Parabolic Induction in characteristic p.&nbsp; Selecta Mathematica 24, 3973-4039, 2018 <a href=\"https:\/\/perso.imj-prg.fr\/mariefrance-vigneras\/wp-content\/uploads\/sites\/74\/2022\/11\/final.pdf\">(pdf)<\/a>.<\/li>\n\n\n\n<li>(with N. Abe, G. Henniart) Modulo p representations of reductive p-adic groups. Functoriality properties. Transactions of the A.M.S. 371, 8297-8337, 2019 <a href=\"https:\/\/perso.imj-prg.fr\/mariefrance-vigneras\/wp-content\/uploads\/sites\/74\/2022\/11\/AHenV1.pdf\">(pdf)<\/a><\/li>\n\n\n\n<li>(with N. Abe, G. Henniart) On pro-p Iwahori invariants of R-representations of reductive p-adic groups. Representation Theory A.M.S. 22, 119-159, 2018 <a href=\"https:\/\/perso.imj-prg.fr\/mariefrance-vigneras\/wp-content\/uploads\/sites\/74\/2022\/11\/AHenV2.pdf\">(pdf)<\/a><\/li>\n\n\n\n<li>(with G. Henniart) Representations of a p-adic group in characteristic p.&nbsp; Proceedings of Symposia in Pure Mathematics Volume 101, 2019 in honor of J. Bernstein, 171-210 <a href=\"https:\/\/perso.imj-prg.fr\/mariefrance-vigneras\/wp-content\/uploads\/sites\/74\/2022\/11\/HV19.pdf\">(pdf)<\/a><\/li>\n\n\n\n<li>(with G. Henniart) Representations of a p-adic group in characteristic different from p.&nbsp;Tunisian J. Math. 4 (2) 249 &#8211; 305,&nbsp;<em>2022<\/em> <a href=\"https:\/\/perso.imj-prg.fr\/mariefrance-vigneras\/wp-content\/uploads\/sites\/74\/2022\/11\/21-10-30.pdf\">(pdf)<\/a>.<\/li>\n\n\n\n<li>Representations of p-adic groups over commutative rings. Noether Lecture at the ICM 2022 <a href=\"https:\/\/perso.imj-prg.fr\/mariefrance-vigneras\/wp-content\/uploads\/sites\/74\/2022\/11\/ICM-Vigneras.pdf\">(pdf)<\/a><\/li>\n\n\n\n<li>(with G. Henniart) Representations of GL_n(D) near the identity.  Proceeding of the London Mathematical Society 2024,  vol.129, issue 6 <a href=\"https:\/\/perso.imj-prg.fr\/mariefrance-vigneras\/wp-content\/uploads\/sites\/74\/2022\/11\/ICM-Vigneras.pdf\">(<\/a><a href=\"https:\/\/perso.imj-prg.fr\/mariefrance-vigneras\/wp-content\/uploads\/sites\/74\/2024\/10\/dimension-23-version3.pdf\" data-type=\"link\" data-id=\"https:\/\/perso.imj-prg.fr\/mariefrance-vigneras\/wp-content\/uploads\/sites\/74\/2024\/10\/dimension-23-version3.pdf\">pdf<\/a><a href=\"https:\/\/perso.imj-prg.fr\/mariefrance-vigneras\/wp-content\/uploads\/sites\/74\/2022\/11\/ICM-Vigneras.pdf\">)<\/a><\/li>\n\n\n\n<li>(with G. Henniart) Representations of SL_2(F).  Pacific Journal of Math. Vol.335, No,2, 2025 <a href=\"https:\/\/perso.imj-prg.fr\/mariefrance-vigneras\/wp-content\/uploads\/sites\/74\/2025\/04\/SL2-final.pdf\" data-type=\"attachment\" data-id=\"66\">(pdf)<\/a><\/li>\n\n\n\n<li>(avec G. Henniart) Repr\u00e9sentations des quaternions de norme 1. A para\u00eetre au Bulletin de la S.M.F. 2026 <a href=\"https:\/\/perso.imj-prg.fr\/mariefrance-vigneras\/wp-content\/uploads\/sites\/74\/2026\/01\/25HVQuaternionstitreabstract.pdf\">(pdf)<\/a><\/li>\n<\/ol>\n\n\n\n<p><\/p>\n","protected":false},"excerpt":{"rendered":"","protected":false},"author":1,"featured_media":0,"parent":0,"menu_order":0,"comment_status":"closed","ping_status":"closed","template":"","meta":{"footnotes":""},"class_list":["post-13","page","type-page","status-publish","hentry"],"_links":{"self":[{"href":"https:\/\/perso.imj-prg.fr\/mariefrance-vigneras\/wp-json\/wp\/v2\/pages\/13","targetHints":{"allow":["GET"]}}],"collection":[{"href":"https:\/\/perso.imj-prg.fr\/mariefrance-vigneras\/wp-json\/wp\/v2\/pages"}],"about":[{"href":"https:\/\/perso.imj-prg.fr\/mariefrance-vigneras\/wp-json\/wp\/v2\/types\/page"}],"author":[{"embeddable":true,"href":"https:\/\/perso.imj-prg.fr\/mariefrance-vigneras\/wp-json\/wp\/v2\/users\/1"}],"replies":[{"embeddable":true,"href":"https:\/\/perso.imj-prg.fr\/mariefrance-vigneras\/wp-json\/wp\/v2\/comments?post=13"}],"version-history":[{"count":25,"href":"https:\/\/perso.imj-prg.fr\/mariefrance-vigneras\/wp-json\/wp\/v2\/pages\/13\/revisions"}],"predecessor-version":[{"id":83,"href":"https:\/\/perso.imj-prg.fr\/mariefrance-vigneras\/wp-json\/wp\/v2\/pages\/13\/revisions\/83"}],"wp:attachment":[{"href":"https:\/\/perso.imj-prg.fr\/mariefrance-vigneras\/wp-json\/wp\/v2\/media?parent=13"}],"curies":[{"name":"wp","href":"https:\/\/api.w.org\/{rel}","templated":true}]}}