{"id":8,"date":"2021-08-26T13:05:07","date_gmt":"2021-08-26T11:05:07","guid":{"rendered":"https:\/\/perso.imj-prg.fr\/loic-merel\/?page_id=8"},"modified":"2025-12-15T19:35:05","modified_gmt":"2025-12-15T18:35:05","slug":"page-daccueil-colonne-centrale","status":"publish","type":"page","link":"https:\/\/perso.imj-prg.fr\/loic-merel\/","title":{"rendered":"Page d\u2019accueil : Colonne centrale"},"content":{"rendered":"\n<div class=\"wp-block-columns is-layout-flex wp-container-core-columns-is-layout-28f84493 wp-block-columns-is-layout-flex\">\n<div class=\"wp-block-column is-layout-flow wp-block-column-is-layout-flow\">\n<figure class=\"wp-block-image size-large is-resized\"><img loading=\"lazy\" decoding=\"async\" width=\"822\" height=\"1024\" src=\"https:\/\/perso.imj-prg.fr\/loic-merel\/wp-content\/uploads\/sites\/17\/2021\/08\/P1330400-1-822x1024.jpeg\" alt=\"\" class=\"wp-image-85\" style=\"aspect-ratio:0.8027349163817795;width:389px;height:auto\" srcset=\"https:\/\/perso.imj-prg.fr\/loic-merel\/wp-content\/uploads\/sites\/17\/2021\/08\/P1330400-1-822x1024.jpeg 822w, https:\/\/perso.imj-prg.fr\/loic-merel\/wp-content\/uploads\/sites\/17\/2021\/08\/P1330400-1-241x300.jpeg 241w, https:\/\/perso.imj-prg.fr\/loic-merel\/wp-content\/uploads\/sites\/17\/2021\/08\/P1330400-1-768x957.jpeg 768w, https:\/\/perso.imj-prg.fr\/loic-merel\/wp-content\/uploads\/sites\/17\/2021\/08\/P1330400-1-1233x1536.jpeg 1233w, https:\/\/perso.imj-prg.fr\/loic-merel\/wp-content\/uploads\/sites\/17\/2021\/08\/P1330400-1.jpeg 1527w\" sizes=\"auto, (max-width: 822px) 100vw, 822px\" \/><\/figure>\n<\/div>\n\n\n\n<div class=\"wp-block-column is-layout-flow wp-block-column-is-layout-flow\">\n<p class=\"has-large-font-size\"><strong>Lo\u00efc Merel<\/strong><\/p>\n\n\n\n<p class=\"has-medium-font-size\">Professeur des universit\u00e9s<\/p>\n\n\n\n<p class=\"has-medium-font-size\">Universit\u00e9 Paris Cit\u00e9<\/p>\n\n\n\n<p class=\"has-medium-font-size\">Institut de Math\u00e9matiques de Jussieu-Paris Rive Gauche<\/p>\n\n\n\n<p><\/p>\n\n\n\n<p><\/p>\n\n\n\n<p><\/p>\n\n\n\n<p class=\"has-small-font-size\">(ci-contre \u00e0 bord du <a href=\"https:\/\/www.irishferries.com\/uk-en\/ships\/wbyeats\/\">W.B. Yeats<\/a>)<\/p>\n<\/div>\n<\/div>\n\n\n\n<div class=\"wp-block-columns is-layout-flex wp-container-core-columns-is-layout-28f84493 wp-block-columns-is-layout-flex\">\n<div class=\"wp-block-column is-layout-flow wp-block-column-is-layout-flow\">\n<p>Universit\u00e9 Paris Cit\u00e9 \u2013 Campus des Grands Moulins&nbsp;<br>Boite Courrier 7012<br>8 Place Aur\u00e9lie Nemours<br>75205 PARIS Cedex 13 <br>FRANCE<\/p>\n\n\n\n<figure class=\"wp-block-image size-large is-resized\"><a href=\"https:\/\/u-paris.fr\"><img loading=\"lazy\" decoding=\"async\" width=\"1024\" height=\"390\" src=\"https:\/\/perso.imj-prg.fr\/loic-merel\/wp-content\/uploads\/sites\/17\/2022\/11\/logo-upc-1024x390.jpg\" alt=\"\" class=\"wp-image-139\" style=\"aspect-ratio:2.625765017000378;width:200px;height:auto\" srcset=\"https:\/\/perso.imj-prg.fr\/loic-merel\/wp-content\/uploads\/sites\/17\/2022\/11\/logo-upc-1024x390.jpg 1024w, https:\/\/perso.imj-prg.fr\/loic-merel\/wp-content\/uploads\/sites\/17\/2022\/11\/logo-upc-300x114.jpg 300w, https:\/\/perso.imj-prg.fr\/loic-merel\/wp-content\/uploads\/sites\/17\/2022\/11\/logo-upc-768x293.jpg 768w, https:\/\/perso.imj-prg.fr\/loic-merel\/wp-content\/uploads\/sites\/17\/2022\/11\/logo-upc-1536x586.jpg 1536w, https:\/\/perso.imj-prg.fr\/loic-merel\/wp-content\/uploads\/sites\/17\/2022\/11\/logo-upc.jpg 1836w\" sizes=\"auto, (max-width: 1024px) 100vw, 1024px\" \/><\/a><\/figure>\n<\/div>\n\n\n\n<div class=\"wp-block-column is-layout-flow wp-block-column-is-layout-flow\">\n<p>Bureau 600, b\u00e2timent Sophie Germain (PRG)<br>Th\u00e9orie des nombres<br>Institut de Math\u00e9matiques de Jussieu-Paris Rive Gauche<br>UMR7586<br>loic.merel@imj-prg.fr<\/p>\n\n\n\n<figure class=\"wp-block-image size-large is-resized\"><a href=\"https:\/\/www.imj-prg.fr\/\"><img loading=\"lazy\" decoding=\"async\" width=\"1024\" height=\"392\" src=\"https:\/\/perso.imj-prg.fr\/loic-merel\/wp-content\/uploads\/sites\/17\/2025\/09\/logo_IMJ-PRG_horizontal_bleu-RVB-1-1024x392.jpg\" alt=\"\" class=\"wp-image-513\" style=\"width:193px;height:auto\" srcset=\"https:\/\/perso.imj-prg.fr\/loic-merel\/wp-content\/uploads\/sites\/17\/2025\/09\/logo_IMJ-PRG_horizontal_bleu-RVB-1-1024x392.jpg 1024w, https:\/\/perso.imj-prg.fr\/loic-merel\/wp-content\/uploads\/sites\/17\/2025\/09\/logo_IMJ-PRG_horizontal_bleu-RVB-1-300x115.jpg 300w, https:\/\/perso.imj-prg.fr\/loic-merel\/wp-content\/uploads\/sites\/17\/2025\/09\/logo_IMJ-PRG_horizontal_bleu-RVB-1-768x294.jpg 768w, https:\/\/perso.imj-prg.fr\/loic-merel\/wp-content\/uploads\/sites\/17\/2025\/09\/logo_IMJ-PRG_horizontal_bleu-RVB-1.jpg 1182w\" sizes=\"auto, (max-width: 1024px) 100vw, 1024px\" \/><\/a><\/figure>\n<\/div>\n<\/div>\n\n\n\n<p><\/p>\n","protected":false},"excerpt":{"rendered":"<p>Lo\u00efc Merel Professeur des universit\u00e9s Universit\u00e9 Paris Cit\u00e9 Institut de Math\u00e9matiques de Jussieu-Paris Rive Gauche (ci-contre \u00e0 bord du W.B. Yeats) Universit\u00e9 Paris Cit\u00e9 \u2013 Campus des Grands Moulins&nbsp;Boite Courrier 70128 Place Aur\u00e9lie Nemours75205 PARIS Cedex 13 FRANCE Bureau 600, b\u00e2timent Sophie Germain (PRG)Th\u00e9orie des nombresInstitut de Math\u00e9matiques de Jussieu-Paris Rive GaucheUMR7586loic.merel@imj-prg.fr<\/p>\n","protected":false},"author":1,"featured_media":0,"parent":0,"menu_order":0,"comment_status":"closed","ping_status":"closed","template":"","meta":{"site-sidebar-layout":"default","site-content-layout":"default","ast-site-content-layout":"default","site-content-style":"default","site-sidebar-style":"default","ast-global-header-display":"","ast-banner-title-visibility":"","ast-main-header-display":"disabled","ast-hfb-above-header-display":"","ast-hfb-below-header-display":"","ast-hfb-mobile-header-display":"disabled","site-post-title":"disabled","ast-breadcrumbs-content":"","ast-featured-img":"","footer-sml-layout":"","ast-disable-related-posts":"","theme-transparent-header-meta":"","adv-header-id-meta":"","stick-header-meta":"","header-above-stick-meta":"","header-main-stick-meta":"","header-below-stick-meta":"","astra-migrate-meta-layouts":"set","ast-page-background-enabled":"default","ast-page-background-meta":{"desktop":{"background-color":"var(--ast-global-color-4)","background-image":"","background-repeat":"repeat","background-position":"center center","background-size":"auto","background-attachment":"scroll","background-type":"","background-media":"","overlay-type":"","overlay-color":"","overlay-opacity":"","overlay-gradient":""},"tablet":{"background-color":"","background-image":"","background-repeat":"repeat","background-position":"center center","background-size":"auto","background-attachment":"scroll","background-type":"","background-media":"","overlay-type":"","overlay-color":"","overlay-opacity":"","overlay-gradient":""},"mobile":{"background-color":"","background-image":"","background-repeat":"repeat","background-position":"center center","background-size":"auto","background-attachment":"scroll","background-type":"","background-media":"","overlay-type":"","overlay-color":"","overlay-opacity":"","overlay-gradient":""}},"ast-content-background-meta":{"desktop":{"background-color":"var(--ast-global-color-5)","background-image":"","background-repeat":"repeat","background-position":"center center","background-size":"auto","background-attachment":"scroll","background-type":"","background-media":"","overlay-type":"","overlay-color":"","overlay-opacity":"","overlay-gradient":""},"tablet":{"background-color":"var(--ast-global-color-5)","background-image":"","background-repeat":"repeat","background-position":"center center","background-size":"auto","background-attachment":"scroll","background-type":"","background-media":"","overlay-type":"","overlay-color":"","overlay-opacity":"","overlay-gradient":""},"mobile":{"background-color":"var(--ast-global-color-5)","background-image":"","background-repeat":"repeat","background-position":"center center","background-size":"auto","background-attachment":"scroll","background-type":"","background-media":"","overlay-type":"","overlay-color":"","overlay-opacity":"","overlay-gradient":""}},"footnotes":""},"class_list":["post-8","page","type-page","status-publish","hentry"],"_links":{"self":[{"href":"https:\/\/perso.imj-prg.fr\/loic-merel\/wp-json\/wp\/v2\/pages\/8","targetHints":{"allow":["GET"]}}],"collection":[{"href":"https:\/\/perso.imj-prg.fr\/loic-merel\/wp-json\/wp\/v2\/pages"}],"about":[{"href":"https:\/\/perso.imj-prg.fr\/loic-merel\/wp-json\/wp\/v2\/types\/page"}],"author":[{"embeddable":true,"href":"https:\/\/perso.imj-prg.fr\/loic-merel\/wp-json\/wp\/v2\/users\/1"}],"replies":[{"embeddable":true,"href":"https:\/\/perso.imj-prg.fr\/loic-merel\/wp-json\/wp\/v2\/comments?post=8"}],"version-history":[{"count":40,"href":"https:\/\/perso.imj-prg.fr\/loic-merel\/wp-json\/wp\/v2\/pages\/8\/revisions"}],"predecessor-version":[{"id":582,"href":"https:\/\/perso.imj-prg.fr\/loic-merel\/wp-json\/wp\/v2\/pages\/8\/revisions\/582"}],"wp:attachment":[{"href":"https:\/\/perso.imj-prg.fr\/loic-merel\/wp-json\/wp\/v2\/media?parent=8"}],"curies":[{"name":"wp","href":"https:\/\/api.w.org\/{rel}","templated":true}]}}