{"id":62,"date":"2021-08-26T14:11:28","date_gmt":"2021-08-26T12:11:28","guid":{"rendered":"https:\/\/perso.imj-prg.fr\/loic-merel\/?page_id=62"},"modified":"2025-09-11T15:33:55","modified_gmt":"2025-09-11T13:33:55","slug":"encadrement-doctoral","status":"publish","type":"page","link":"https:\/\/perso.imj-prg.fr\/loic-merel\/encadrement-doctoral\/","title":{"rendered":"Encadrement doctoral"},"content":{"rendered":"\n<p><strong>Th\u00e8se pass\u00e9es et en cours<\/strong> &nbsp;<\/p>\n\n\n\n<ul class=\"wp-block-list\">\n<li>Amod Agash\u00e9 (professeur \u00e0 Florida State University), th\u00e8se de UC Berkeley obtenue en mai 2000 :&nbsp;<br>&nbsp;&nbsp;&nbsp; &nbsp;&nbsp;&nbsp; &nbsp;&nbsp;&nbsp; &nbsp;&nbsp;&nbsp; &nbsp;&nbsp;&nbsp;&nbsp;<em>On the conjecture of Birch and Swinnerton-Dyer<\/em><\/li>\n\n\n\n<li>Fran\u00e7ois Martin (ma\u00eetre de conf\u00e9rences \u00e0 l&rsquo;universit\u00e9 de Clermont-Ferrand), th\u00e8se de l&rsquo;universit\u00e9 paris 7 soutenue en d\u00e9cembre 2001 :&nbsp;<br><em>&nbsp;&nbsp;&nbsp; &nbsp;&nbsp;&nbsp; &nbsp;&nbsp;&nbsp; &nbsp;&nbsp;&nbsp; &nbsp;&nbsp;&nbsp; P\u00e9riodes de formes modulaires de poids 1<\/em><\/li>\n\n\n\n<li>Marusia Rebolledo (ma\u00eetre de conf\u00e9rences \u00e0 l&rsquo;universit\u00e9 de Clermont-Ferrand), th\u00e8se de l&rsquo;universit\u00e9 Paris 6 soutenue le 29 septembre 2004 :&nbsp;<br><em>&nbsp;&nbsp;&nbsp; &nbsp;&nbsp;&nbsp; &nbsp;&nbsp;&nbsp; &nbsp;&nbsp;&nbsp; &nbsp;&nbsp;&nbsp; Module supersingulier et points rationnels des courbes modulaires<\/em><\/li>\n\n\n\n<li>Fran\u00e7ois Brunault (ma\u00eetre de conf\u00e9rences \u00e0 l&rsquo;ENS Lyon), th\u00e8se de l&rsquo;universit\u00e9 Paris 7 soutenue le 9 d\u00e9cembre 2005 :<br>&nbsp;&nbsp;&nbsp; &nbsp;&nbsp;&nbsp; &nbsp;&nbsp;&nbsp; &nbsp;&nbsp;&nbsp; &nbsp;&nbsp;&nbsp;&nbsp;<em>\u00c9tude de la valeur en s=2 de la fonction L d&rsquo;une courbe elliptique<\/em><\/li>\n\n\n\n<li>C\u00e9cile Armana (ma\u00eetre de Conf\u00e9rence Universit\u00e9 de Franche-Comt\u00e9), th\u00e8se de l&rsquo;universit\u00e9 Paris 7 soutenue le 5 novembre 2008&nbsp;:<br>&nbsp;&nbsp;&nbsp; &nbsp;&nbsp;&nbsp; &nbsp;&nbsp;&nbsp; &nbsp;&nbsp;&nbsp; &nbsp;&nbsp;&nbsp;&nbsp;<em>La torsion rationnelle des modules de Drinfeld<\/em><\/li>\n\n\n\n<li>Nicolas Provost (Enseignant classe pr\u00e9paratoire), th\u00e8se de l&rsquo;universit\u00e9 Paris-Diderot soutenue le 12 d\u00e9cembre 2014 :<br>&nbsp;&nbsp;&nbsp; &nbsp;&nbsp;&nbsp; &nbsp;&nbsp;&nbsp; &nbsp;&nbsp;&nbsp; &nbsp;&nbsp;&nbsp;&nbsp;<em>Valeurs de fonctions&nbsp;<\/em>L<em>&nbsp;multiples de formes modulaires<\/em><\/li>\n\n\n\n<li>Emmanuel Lecouturier (professeur, West Lake Universit\u00e9, Hangzhou),&nbsp;th\u00e8se de l&rsquo;universit\u00e9 Paris-Diderot soutenue le 28 mai 2018&nbsp;:<br>&nbsp;&nbsp;&nbsp; &nbsp;&nbsp;&nbsp; &nbsp;&nbsp;&nbsp; &nbsp;&nbsp;&nbsp; &nbsp;&nbsp;&nbsp;&nbsp;<em>\u00c9l\u00e9ments d&rsquo;Eisenstein sup\u00e9rieurs<\/em><\/li>\n\n\n\n<li>\u00c9lie Studnia (post-doctorant Universit\u00e9 Leiden), th\u00e8se de l&rsquo;universit\u00e9 Paris Cit\u00e9 soutenue le 6 novembre 2024 :<br>&nbsp;&nbsp;&nbsp; &nbsp;&nbsp;&nbsp; &nbsp;&nbsp;&nbsp; &nbsp;&nbsp;&nbsp; &nbsp;&nbsp;&nbsp;&nbsp;<em>L-functions and rational points for Galois twists of modular curves<\/em><\/li>\n\n\n\n<li>Brian Flanagan (Universit\u00e9 Paris Cit\u00e9), en cours<\/li>\n\n\n\n<li>Hahn Lheem (Universit\u00e9 Paris Cit\u00e9), codirection : Olivier Fouquet, en cours<\/li>\n<\/ul>\n\n\n\n<p><\/p>\n","protected":false},"excerpt":{"rendered":"<p>Th\u00e8se pass\u00e9es et en cours &nbsp;<\/p>\n","protected":false},"author":1,"featured_media":0,"parent":0,"menu_order":0,"comment_status":"closed","ping_status":"closed","template":"","meta":{"site-sidebar-layout":"default","site-content-layout":"","ast-site-content-layout":"default","site-content-style":"default","site-sidebar-style":"default","ast-global-header-display":"","ast-banner-title-visibility":"","ast-main-header-display":"","ast-hfb-above-header-display":"","ast-hfb-below-header-display":"","ast-hfb-mobile-header-display":"","site-post-title":"disabled","ast-breadcrumbs-content":"","ast-featured-img":"","footer-sml-layout":"","ast-disable-related-posts":"","theme-transparent-header-meta":"","adv-header-id-meta":"","stick-header-meta":"","header-above-stick-meta":"","header-main-stick-meta":"","header-below-stick-meta":"","astra-migrate-meta-layouts":"set","ast-page-background-enabled":"default","ast-page-background-meta":{"desktop":{"background-color":"var(--ast-global-color-4)","background-image":"","background-repeat":"repeat","background-position":"center center","background-size":"auto","background-attachment":"scroll","background-type":"","background-media":"","overlay-type":"","overlay-color":"","overlay-opacity":"","overlay-gradient":""},"tablet":{"background-color":"","background-image":"","background-repeat":"repeat","background-position":"center center","background-size":"auto","background-attachment":"scroll","background-type":"","background-media":"","overlay-type":"","overlay-color":"","overlay-opacity":"","overlay-gradient":""},"mobile":{"background-color":"","background-image":"","background-repeat":"repeat","background-position":"center center","background-size":"auto","background-attachment":"scroll","background-type":"","background-media":"","overlay-type":"","overlay-color":"","overlay-opacity":"","overlay-gradient":""}},"ast-content-background-meta":{"desktop":{"background-color":"var(--ast-global-color-5)","background-image":"","background-repeat":"repeat","background-position":"center center","background-size":"auto","background-attachment":"scroll","background-type":"","background-media":"","overlay-type":"","overlay-color":"","overlay-opacity":"","overlay-gradient":""},"tablet":{"background-color":"var(--ast-global-color-5)","background-image":"","background-repeat":"repeat","background-position":"center center","background-size":"auto","background-attachment":"scroll","background-type":"","background-media":"","overlay-type":"","overlay-color":"","overlay-opacity":"","overlay-gradient":""},"mobile":{"background-color":"var(--ast-global-color-5)","background-image":"","background-repeat":"repeat","background-position":"center center","background-size":"auto","background-attachment":"scroll","background-type":"","background-media":"","overlay-type":"","overlay-color":"","overlay-opacity":"","overlay-gradient":""}},"footnotes":""},"class_list":["post-62","page","type-page","status-publish","hentry"],"_links":{"self":[{"href":"https:\/\/perso.imj-prg.fr\/loic-merel\/wp-json\/wp\/v2\/pages\/62","targetHints":{"allow":["GET"]}}],"collection":[{"href":"https:\/\/perso.imj-prg.fr\/loic-merel\/wp-json\/wp\/v2\/pages"}],"about":[{"href":"https:\/\/perso.imj-prg.fr\/loic-merel\/wp-json\/wp\/v2\/types\/page"}],"author":[{"embeddable":true,"href":"https:\/\/perso.imj-prg.fr\/loic-merel\/wp-json\/wp\/v2\/users\/1"}],"replies":[{"embeddable":true,"href":"https:\/\/perso.imj-prg.fr\/loic-merel\/wp-json\/wp\/v2\/comments?post=62"}],"version-history":[{"count":14,"href":"https:\/\/perso.imj-prg.fr\/loic-merel\/wp-json\/wp\/v2\/pages\/62\/revisions"}],"predecessor-version":[{"id":518,"href":"https:\/\/perso.imj-prg.fr\/loic-merel\/wp-json\/wp\/v2\/pages\/62\/revisions\/518"}],"wp:attachment":[{"href":"https:\/\/perso.imj-prg.fr\/loic-merel\/wp-json\/wp\/v2\/media?parent=62"}],"curies":[{"name":"wp","href":"https:\/\/api.w.org\/{rel}","templated":true}]}}