{"id":276,"date":"2024-01-02T20:35:26","date_gmt":"2024-01-02T19:35:26","guid":{"rendered":"https:\/\/perso.imj-prg.fr\/loic-merel\/?page_id=276"},"modified":"2026-03-13T10:05:57","modified_gmt":"2026-03-13T09:05:57","slug":"ouverture","status":"publish","type":"page","link":"https:\/\/perso.imj-prg.fr\/loic-merel\/ouverture\/","title":{"rendered":"Ouverture"},"content":{"rendered":"\n<p><\/p>\n\n\n\n<p> <a href=\"https:\/\/perso.imj-prg.fr\/loic-merel\/wp-content\/uploads\/sites\/17\/2026\/03\/CelebratioMazur.pdf\">Mazur\u2019s work with the Eisenstein ideal: Diophantine and nondiophantine perspectives<\/a> (voir <a href=\"https:\/\/celebratio.org\/Mazur_BC\/article\/1148\/\">https:\/\/celebratio.org\/Mazur_BC\/article\/1148\/<\/a>  dans le Volume de la collection Celebratio Mathematica consacr\u00e9 \u00e0 Barry Mazur, 2024)<\/p>\n\n\n\n<p><a href=\"https:\/\/perso.imj-prg.fr\/loic-merel\/wp-content\/uploads\/sites\/17\/2024\/02\/Arom-1.pdf\">De la mentalit\u00e9 romantique aux recherches arithm\u00e9tiques<\/a> (Texte d&rsquo;un expos\u00e9 donn\u00e9 au s\u00e9minaire Mamuphi le 4 f\u00e9vrier 2023)<\/p>\n\n\n\n<p><a href=\"https:\/\/www.youtube.com\/watch?v=kFCsXNGqGbw\">The elusive prediction of L-values<\/a> (un expos\u00e9 donn\u00e9 \u00e0 Institute of Mathematical Sciences Chennai en 2022)<\/p>\n\n\n\n<p>Le site de l&rsquo;association <a href=\"https:\/\/www.qsf.fr\">Qualit\u00e9 de la Science Fran\u00e7aise<\/a> (QSF)<\/p>\n\n\n\n<p><\/p>\n","protected":false},"excerpt":{"rendered":"<p>Mazur\u2019s work with the Eisenstein ideal: Diophantine and nondiophantine perspectives (voir https:\/\/celebratio.org\/Mazur_BC\/article\/1148\/ dans le Volume de la collection Celebratio Mathematica consacr\u00e9 \u00e0 Barry Mazur, 2024) De la mentalit\u00e9 romantique aux recherches arithm\u00e9tiques (Texte d&rsquo;un expos\u00e9 donn\u00e9 au s\u00e9minaire Mamuphi le 4 f\u00e9vrier 2023) The elusive prediction of L-values (un expos\u00e9 donn\u00e9 \u00e0 Institute of Mathematical [&hellip;]<\/p>\n","protected":false},"author":17,"featured_media":0,"parent":0,"menu_order":0,"comment_status":"closed","ping_status":"closed","template":"","meta":{"site-sidebar-layout":"default","site-content-layout":"","ast-site-content-layout":"default","site-content-style":"default","site-sidebar-style":"default","ast-global-header-display":"","ast-banner-title-visibility":"","ast-main-header-display":"","ast-hfb-above-header-display":"","ast-hfb-below-header-display":"","ast-hfb-mobile-header-display":"","site-post-title":"disabled","ast-breadcrumbs-content":"","ast-featured-img":"","footer-sml-layout":"","ast-disable-related-posts":"","theme-transparent-header-meta":"","adv-header-id-meta":"","stick-header-meta":"","header-above-stick-meta":"","header-main-stick-meta":"","header-below-stick-meta":"","astra-migrate-meta-layouts":"set","ast-page-background-enabled":"default","ast-page-background-meta":{"desktop":{"background-color":"var(--ast-global-color-4)","background-image":"","background-repeat":"repeat","background-position":"center center","background-size":"auto","background-attachment":"scroll","background-type":"","background-media":"","overlay-type":"","overlay-color":"","overlay-opacity":"","overlay-gradient":""},"tablet":{"background-color":"","background-image":"","background-repeat":"repeat","background-position":"center center","background-size":"auto","background-attachment":"scroll","background-type":"","background-media":"","overlay-type":"","overlay-color":"","overlay-opacity":"","overlay-gradient":""},"mobile":{"background-color":"","background-image":"","background-repeat":"repeat","background-position":"center center","background-size":"auto","background-attachment":"scroll","background-type":"","background-media":"","overlay-type":"","overlay-color":"","overlay-opacity":"","overlay-gradient":""}},"ast-content-background-meta":{"desktop":{"background-color":"var(--ast-global-color-5)","background-image":"","background-repeat":"repeat","background-position":"center center","background-size":"auto","background-attachment":"scroll","background-type":"","background-media":"","overlay-type":"","overlay-color":"","overlay-opacity":"","overlay-gradient":""},"tablet":{"background-color":"var(--ast-global-color-5)","background-image":"","background-repeat":"repeat","background-position":"center center","background-size":"auto","background-attachment":"scroll","background-type":"","background-media":"","overlay-type":"","overlay-color":"","overlay-opacity":"","overlay-gradient":""},"mobile":{"background-color":"var(--ast-global-color-5)","background-image":"","background-repeat":"repeat","background-position":"center center","background-size":"auto","background-attachment":"scroll","background-type":"","background-media":"","overlay-type":"","overlay-color":"","overlay-opacity":"","overlay-gradient":""}},"footnotes":""},"class_list":["post-276","page","type-page","status-publish","hentry"],"_links":{"self":[{"href":"https:\/\/perso.imj-prg.fr\/loic-merel\/wp-json\/wp\/v2\/pages\/276","targetHints":{"allow":["GET"]}}],"collection":[{"href":"https:\/\/perso.imj-prg.fr\/loic-merel\/wp-json\/wp\/v2\/pages"}],"about":[{"href":"https:\/\/perso.imj-prg.fr\/loic-merel\/wp-json\/wp\/v2\/types\/page"}],"author":[{"embeddable":true,"href":"https:\/\/perso.imj-prg.fr\/loic-merel\/wp-json\/wp\/v2\/users\/17"}],"replies":[{"embeddable":true,"href":"https:\/\/perso.imj-prg.fr\/loic-merel\/wp-json\/wp\/v2\/comments?post=276"}],"version-history":[{"count":9,"href":"https:\/\/perso.imj-prg.fr\/loic-merel\/wp-json\/wp\/v2\/pages\/276\/revisions"}],"predecessor-version":[{"id":647,"href":"https:\/\/perso.imj-prg.fr\/loic-merel\/wp-json\/wp\/v2\/pages\/276\/revisions\/647"}],"wp:attachment":[{"href":"https:\/\/perso.imj-prg.fr\/loic-merel\/wp-json\/wp\/v2\/media?parent=276"}],"curies":[{"name":"wp","href":"https:\/\/api.w.org\/{rel}","templated":true}]}}