{"id":88,"date":"2023-09-27T15:15:05","date_gmt":"2023-09-27T13:15:05","guid":{"rendered":"https:\/\/perso.imj-prg.fr\/jeremie-bouttier\/?page_id=88"},"modified":"2025-10-15T18:45:20","modified_gmt":"2025-10-15T16:45:20","slug":"evenements","status":"publish","type":"page","link":"https:\/\/perso.imj-prg.fr\/jeremie-bouttier\/evenements\/","title":{"rendered":"Conf\u00e9rences"},"content":{"rendered":"\n<p>Les rencontres scientifiques (conf\u00e9rences, s\u00e9minaires&#8230;) constituent une part essentielle de mon travail. \u00c0 ce titre, j&rsquo;organise ou ai organis\u00e9 les \u00e9v\u00e8nements suivants&nbsp;:<\/p>\n\n\n\n<ul class=\"wp-block-list\">\n<li><a href=\"https:\/\/indico.math.cnrs.fr\/event\/14175\/\" data-type=\"link\" data-id=\"https:\/\/indico.math.cnrs.fr\/event\/14175\/\">\u00c9cole d&rsquo;\u00e9t\u00e9 IMJ-PRG Combinatoire int\u00e9grable<\/a>, Paris, 15-19 juin 2026<\/li>\n\n\n\n<li><a href=\"https:\/\/indico.in2p3.fr\/event\/37390\/\" data-type=\"link\" data-id=\"https:\/\/indico.in2p3.fr\/event\/37390\/\">Journ\u00e9e Cartes \u00e0 Jussieu<\/a>, Paris, 17 novembre 2025<\/li>\n\n\n\n<li><a href=\"https:\/\/indico.math.cnrs.fr\/e\/journeeCO2025\" data-type=\"link\" data-id=\"https:\/\/indico.math.cnrs.fr\/e\/journeeCO2025\">Journ\u00e9e de l&rsquo;\u00e9quipe Combinatoire et Optimisation de l&rsquo;IMJ-PRG<\/a>, Paris, 27 juin 2025<\/li>\n\n\n\n<li><a href=\"https:\/\/indico.in2p3.fr\/e\/emmanuel60\" data-type=\"link\" data-id=\"https:\/\/indico.in2p3.fr\/e\/emmanuel60\">L\u2019esprit des cartes : une conf\u00e9rence en l\u2019honneur d\u2019Emmanuel Guitter<\/a>, Saclay, 15-16 mai 2025<\/li>\n\n\n\n<li><a href=\"https:\/\/indico.math.cnrs.fr\/category\/748\/\">Rencontres de probabilit\u00e9s int\u00e9grables<\/a>, depuis 2024<\/li>\n\n\n\n<li><a href=\"https:\/\/www.imj-prg.fr\/blog\/2024\/09\/18\/journee-de-rentree-de-limj-prg-15-octobre-2024\/\" data-type=\"link\" data-id=\"https:\/\/www.imj-prg.fr\/blog\/2024\/09\/18\/journee-de-rentree-de-limj-prg-15-octobre-2024\/\">Journ\u00e9e de rentr\u00e9e de l&rsquo;IMJ-PRG<\/a>, 15 octobre 2024<\/li>\n\n\n\n<li><a href=\"https:\/\/indico.in2p3.fr\/e\/philippe60\" data-type=\"link\" data-id=\"https:\/\/indico.in2p3.fr\/e\/philippe60\"><em>At the crossroads of physics and mathematics : the joy of integrable combinatorics \u2014 A conference in the honor of Philippe Di Francesco&rsquo;s 60th birthday<\/em><\/a>, Saclay, 24-26 juin 2024<\/li>\n\n\n\n<li><a href=\"https:\/\/rtca2023.github.io\/pages_Paris\/m6.html\" data-type=\"link\" data-id=\"https:\/\/rtca2023.github.io\/pages_Paris\/m6.html\"><em>Computer Algebra for Functional Equations in Combinatorics and Physics<\/em><\/a>, Institut Henri Poincar\u00e9, Paris, 4-8 d\u00e9cembre 2023<\/li>\n\n\n\n<li><a href=\"https:\/\/www.ipht.fr\/Phocea\/Vie_des_labos\/Seminaires\/index.php?type=1\">S\u00e9minaire de physique math\u00e9matique de l&rsquo;IPhT<\/a>, 2021-2023<\/li>\n\n\n\n<li><a href=\"https:\/\/indico.in2p3.fr\/event\/27025\/\"><em>Mini-school on Universality in mathematical physics: random geometries, field theories and hydrodynamics<\/em><\/a>, Lyon, 26-30 septembre 2022<\/li>\n\n\n\n<li><a href=\"https:\/\/indico.in2p3.fr\/event\/27067\/\" data-type=\"link\" data-id=\"https:\/\/indico.in2p3.fr\/event\/27067\/\">Journ\u00e9e Cartes \u00e0 l&rsquo;IPhT<\/a>, 24 juin 2022<\/li>\n\n\n\n<li><a href=\"https:\/\/indico.in2p3.fr\/event\/25182\/\"><em>Determinantal and permanental point processes, quantum physics, and signal processing<\/em><\/a>, Lyon, 30 mai-10 juin 2022<\/li>\n\n\n\n<li><a href=\"https:\/\/conferences.cirm-math.fr\/2696.html\">Journ\u00e9es Al\u00e9a<\/a>, CIRM, Marseille, 21-25 mars 2022<\/li>\n\n\n\n<li><a href=\"https:\/\/indico.in2p3.fr\/event\/24704\/\">Journ\u00e9e CombiTop@Lyon<\/a>, 14 septembre 2021<\/li>\n\n\n\n<li><a href=\"https:\/\/indico.math.cnrs.fr\/category\/326\/\">S\u00e9minaire de combinatoire de l&rsquo;ENS de Lyon<\/a>, 2018-2021<\/li>\n\n\n\n<li><a href=\"https:\/\/indico.in2p3.fr\/event\/13590\/\">Mini-\u00e9cole <em>Random maps and the Gaussian free field<\/em><\/a>, Lyon, 15-19 mai 2017<\/li>\n\n\n\n<li><a href=\"http:\/\/combi17.math.cnrs.fr\/?sec=school\">\u00c9cole d&rsquo;hiver <em>Combinatoire et interactions<\/em><\/a>, CIRM, Marseille, 9-13 janvier 2017<\/li>\n\n\n\n<li><a href=\"https:\/\/indico.in2p3.fr\/e\/cargese2016\">\u00c9cole <em>Quantum integrable systems, conformal field theories and stochastic processes<\/em><\/a>, Carg\u00e8se, 12-25 septembre 2016<\/li>\n\n\n\n<li><a href=\"http:\/\/cartaplus.math.cnrs.fr\/JourneeCarte10novembre2015\">Journ\u00e9e Cartes \u00e0 l&rsquo;ENS de Lyon<\/a>, 10 novembre 2015<\/li>\n\n\n\n<li><a href=\"http:\/\/www.math.ens.fr\/enseignement\/seminaires.html\">S\u00e9minaire <em>Des Math\u00e9matiques<\/em><\/a>, \u00c9cole normale sup\u00e9rieure, 2013-2015<\/li>\n\n\n\n<li><a href=\"http:\/\/theory.fi.infn.it\/SMIC\/confRM\/\"><em>Random Interfaces and Integrable Probability<\/em><\/a>, Florence, 22-26 juin 2015<\/li>\n\n\n\n<li><a href=\"https:\/\/indico.in2p3.fr\/event\/10750\/overview\">20\u00e8me rencontre Claude Itzykson \u2014 <em>Random Surfaces and Random Geometry<\/em><\/a>, Saclay, 10-12 juin 2015<\/li>\n\n\n\n<li>Journ\u00e9e th\u00e9matique <em>Random tilings and surfaces<\/em> au sein de l&rsquo;atelier <a href=\"http:\/\/irs.math.cnrs.fr\/2015\/\"><em>Inhomogeneous Random Systems<\/em><\/a>, Institut Henri Poincar\u00e9, 28 janvier 2015<\/li>\n\n\n\n<li><a href=\"http:\/\/cartaplus.math.cnrs.fr\/JourneeCarte29avril2014\">Journ\u00e9e Cartes \u00e0 l&rsquo;ENS<\/a>, 14 avril 2014<\/li>\n\n\n\n<li><a href=\"http:\/\/cartaplus.math.cnrs.fr\/JourneesCartes20-21juin2013\">Journ\u00e9es Cartes \u00e0 l&rsquo;IPhT<\/a>, 20-21 juin 2013<\/li>\n\n\n\n<li>Trimestre <a href=\"https:\/\/www.ipht.fr\/Meetings\/Statcomb2009\/\"><em>Physique statistique, combinatoire et probabilit\u00e9s&nbsp;: approches du continu par le discret<\/em><\/a>, Centre \u00c9mile Borel, Institut Henri Poincar\u00e9, automne 2009<\/li>\n\n\n\n<li><a href=\"https:\/\/www.ipht.fr\/Phocea\/Vie_des_labos\/Ast\/ast_visu.php?id_ast=451\">Colloque de l&rsquo;IPhT 2008<\/a>, Batz-sur-Mer, 15-17 octobre 2008<\/li>\n<\/ul>\n\n\n\n<p>Quelques autres \u00e9v\u00e8nements \u00e0 venir ou pass\u00e9s&nbsp;:<\/p>\n\n\n\n<ul class=\"wp-block-list\">\n<li><em><a href=\"https:\/\/www.icts.res.in\/program\/DISDECAP2024\">Discrete integrable systems: difference equations, cluster algebras and probabilistic models<\/a><\/em>, ICTS Bengaluru, 21 octobre-1 novembre 2024<\/li>\n\n\n\n<li><a href=\"https:\/\/indico.math.cnrs.fr\/event\/10584\/\" data-type=\"link\" data-id=\"https:\/\/indico.math.cnrs.fr\/event\/10584\/\">11\u00e8me s\u00e9minaire Itzykson<\/a>, IH\u00c9S, 20 novembre 2023<\/li>\n\n\n\n<li><a href=\"http:\/\/math.iisc.ac.in\/fpsac2022\/\"><em>FPSAC 2022<\/em><\/a>, IISc Bengaluru, 18-22 juillet 2022<\/li>\n\n\n\n<li><a href=\"https:\/\/sites.google.com\/view\/intcombfintemp2021\/home\"><em>Integrability and Combinatorics at Finite Temperature<\/em><\/a>, en ligne, 7-18 juin 2021<\/li>\n\n\n\n<li><a href=\"http:\/\/www.i2m.univ-amu.fr\/perso\/remi.rhodes\/Porquerolles\/index3.html\"><em>Probability and quantum field theory: discrete models, CFT, SLE and constructive aspects<\/em><\/a>, Porquerolles, 10-21 juin 2019<\/li>\n\n\n\n<li><a href=\"http:\/\/gt-alea.math.cnrs.fr\/alea2019\/\"><em>Journ\u00e9es Al\u00e9a<\/em><\/a>, CIRM, Marseille, 18-22 mars 2019<\/li>\n\n\n\n<li><a href=\"https:\/\/dpp-fermions.sciencesconf.org\/\"><em>Determinantal point processes and fermions<\/em><\/a>, Lille, 6-8 f\u00e9vrier 2019<\/li>\n\n\n\n<li><a href=\"http:\/\/perso.ens-lyon.fr\/adrien.kassel\/workshop-loop-2018\/\"><em>Random matrices, maps, and gauge theories<\/em><\/a>, ENS de Lyon, 25-29 juin 2018<\/li>\n\n\n\n<li><a href=\"http:\/\/www.mfo.de\/occasion\/1820\/www_view\"><em>Enumerative Combinatorics<\/em><\/a>, Oberwolfach, 14-18 mai 2018<\/li>\n\n\n\n<li><a href=\"https:\/\/www.matrix-inst.org.au\/events\/non-equilibrium-systems-and-special-functions\/\"><em>Non-equilibrium systems and special functions<\/em><\/a>, MATRIX, Creswick, janvier 2018<\/li>\n\n\n\n<li><a href=\"http:\/\/www.mat.univie.ac.at\/~kratt\/esi4\/\"><em>Algorithmic and Enumerative Combinatorics<\/em><\/a>, Erwin Sch\u00f6dinger Institute, Vienne, automne 2017<\/li>\n\n\n\n<li>Trimestre <a href=\"http:\/\/combi17.math.cnrs.fr\/\"><em>Combinatoire et interactions<\/em><\/a>, Centre \u00c9mile Borel, Institut Henri Poincar\u00e9, hiver 2017<\/li>\n\n\n\n<li><a href=\"http:\/\/theory.fi.infn.it\/SMIC\/\"><em>Statistical Mechanics, Integrability and Combinatorics<\/em><\/a>, Galileo Galilei Institute for Theoretical Physics, Florence, printemps-\u00e9t\u00e9 2015<\/li>\n\n\n\n<li><a href=\"https:\/\/www.newton.ac.uk\/event\/rgm\/\"><em>Random Geometry<\/em><\/a>, Isaac Newton Institute, Cambridge, printemps 2015<\/li>\n\n\n\n<li><a href=\"http:\/\/www.birs.ca\/events\/2014\/5-day-workshops\/14w5159\/\"><em>Probability on Trees and Planar Graphs<\/em><\/a>, Banff, 14-19 septembre 2014<\/li>\n\n\n\n<li><a href=\"https:\/\/www.ictp-saifr.org\/school-on-random-geometry-and-random-matrices\/\"><em>School on Random Geometry and Random Matrices<\/em><\/a>, ICTP-SAIFR, S\u00e3o Paulo, 25 ao\u00fbt-5 septembre 2014<\/li>\n\n\n\n<li><a href=\"http:\/\/www.mat.univie.ac.at\/~kratt\/esi3\/\"><em>Combinatorics, Geometry, and Physics<\/em><\/a>, Erwin Sch\u00f6dinger Institute, Vienne, juin-juillet 2014<\/li>\n\n\n\n<li><a href=\"http:\/\/www.mfo.de\/occasion\/1410\/www_view\"><em>Enumerative Combinatorics<\/em><\/a>, Oberwolfach, 2-8 mars 2014<\/li>\n\n\n\n<li><a href=\"http:\/\/aofa2013.lsi.upc.edu\/\"><em>AofA 2013<\/em><\/a>, Cala Galdana, 27-31 mai 2013<\/li>\n\n\n\n<li><a href=\"http:\/\/scgp.stonybrook.edu\/archives\/16178\"><em>Conformal Geometry<\/em><\/a>, Simons Center for Geometry and Physics, Stony Brook, printemps 2013<\/li>\n\n\n\n<li><a href=\"https:\/\/www.msri.org\/programs\/265\"><em>Random Spatial Processes<\/em><\/a>, MSRI, Berkeley, printemps 2012<\/li>\n\n\n\n<li><a href=\"http:\/\/www.ms.unimelb.edu.au\/~statphys24\/website\/\"><em>STATPHYS 24<\/em><\/a>, Cairns, 19-23 juillet 2010<\/li>\n\n\n\n<li><a href=\"http:\/\/www.mat.univie.ac.at\/~kratt\/esi\/\"><em>Combinatorics and Statistical Physics<\/em><\/a>, Erwin Sch\u00f6dinger Institute, Vienne, printemps 2008<\/li>\n\n\n\n<li><a href=\"https:\/\/www.newton.ac.uk\/event\/csm\/\"><em>Combinatorics and Statistical Mechanics<\/em><\/a>, Isaac Newton Institute, Cambridge, printemps 2008<\/li>\n<\/ul>\n\n\n\n<p>Quelques \u00e9v\u00e8nements r\u00e9currents&nbsp;:<\/p>\n\n\n\n<ul class=\"wp-block-list\">\n<li><a href=\"https:\/\/indico.in2p3.fr\/category\/969\/\">Journ\u00e9es cartes<\/a><\/li>\n\n\n\n<li><a href=\"https:\/\/indico.math.cnrs.fr\/category\/748\/\">Rencontres de probabilit\u00e9s int\u00e9grables<\/a> et <a href=\"https:\/\/indico.math.cnrs.fr\/category\/733\/\" data-type=\"link\" data-id=\"https:\/\/indico.math.cnrs.fr\/category\/733\/\">s\u00e9minaire PIICQ en ligne<\/a><\/li>\n\n\n\n<li><a href=\"http:\/\/semflajolet.math.cnrs.fr\/\">S\u00e9minaire Philippe Flajolet<\/a><\/li>\n\n\n\n<li><a href=\"https:\/\/conferences.cirm-math.fr\/archives-alea.html\" data-type=\"link\" data-id=\"https:\/\/conferences.cirm-math.fr\/archives-alea.html\">Journ\u00e9es<\/a> du <a href=\"http:\/\/gt-alea.math.cnrs.fr\/\">groupe de travail AL\u00c9A<\/a> au CIRM<\/li>\n\n\n\n<li><a href=\"https:\/\/jcb.labri.fr\/\" data-type=\"link\" data-id=\"https:\/\/jcb.labri.fr\/\">Journ\u00e9es de combinatoire de Bordeaux<\/a> (\u00abJCB\u00bb)<\/li>\n\n\n\n<li><a href=\"https:\/\/aofa.cs.purdue.edu\/\" data-type=\"link\" data-id=\"https:\/\/aofa.cs.purdue.edu\/\">AofA<\/a>, <a href=\"http:\/\/fpsac.org\/\" data-type=\"link\" data-id=\"http:\/\/fpsac.org\/\">FPSAC<\/a><\/li>\n<\/ul>\n","protected":false},"excerpt":{"rendered":"<p>Les rencontres scientifiques (conf\u00e9rences, s\u00e9minaires&#8230;) constituent une part essentielle de mon travail. \u00c0 ce titre, j&rsquo;organise ou ai organis\u00e9 les \u00e9v\u00e8nements suivants&nbsp;: Quelques autres \u00e9v\u00e8nements \u00e0 venir ou pass\u00e9s&nbsp;: Quelques \u00e9v\u00e8nements r\u00e9currents&nbsp;:<\/p>\n","protected":false},"author":104,"featured_media":0,"parent":0,"menu_order":0,"comment_status":"closed","ping_status":"closed","template":"","meta":{"footnotes":""},"class_list":["post-88","page","type-page","status-publish","hentry"],"_links":{"self":[{"href":"https:\/\/perso.imj-prg.fr\/jeremie-bouttier\/wp-json\/wp\/v2\/pages\/88","targetHints":{"allow":["GET"]}}],"collection":[{"href":"https:\/\/perso.imj-prg.fr\/jeremie-bouttier\/wp-json\/wp\/v2\/pages"}],"about":[{"href":"https:\/\/perso.imj-prg.fr\/jeremie-bouttier\/wp-json\/wp\/v2\/types\/page"}],"author":[{"embeddable":true,"href":"https:\/\/perso.imj-prg.fr\/jeremie-bouttier\/wp-json\/wp\/v2\/users\/104"}],"replies":[{"embeddable":true,"href":"https:\/\/perso.imj-prg.fr\/jeremie-bouttier\/wp-json\/wp\/v2\/comments?post=88"}],"version-history":[{"count":22,"href":"https:\/\/perso.imj-prg.fr\/jeremie-bouttier\/wp-json\/wp\/v2\/pages\/88\/revisions"}],"predecessor-version":[{"id":415,"href":"https:\/\/perso.imj-prg.fr\/jeremie-bouttier\/wp-json\/wp\/v2\/pages\/88\/revisions\/415"}],"wp:attachment":[{"href":"https:\/\/perso.imj-prg.fr\/jeremie-bouttier\/wp-json\/wp\/v2\/media?parent=88"}],"curies":[{"name":"wp","href":"https:\/\/api.w.org\/{rel}","templated":true}]}}