{"id":80,"date":"2023-09-27T15:11:23","date_gmt":"2023-09-27T13:11:23","guid":{"rendered":"https:\/\/perso.imj-prg.fr\/jeremie-bouttier\/?page_id=80"},"modified":"2025-10-15T18:35:39","modified_gmt":"2025-10-15T16:35:39","slug":"recherche","status":"publish","type":"page","link":"https:\/\/perso.imj-prg.fr\/jeremie-bouttier\/recherche\/","title":{"rendered":"Recherche"},"content":{"rendered":"\n<div class=\"wp-block-buttons is-layout-flex wp-block-buttons-is-layout-flex\">\n<div class=\"wp-block-button is-style-outline is-style-outline--1\"><a class=\"wp-block-button__link wp-element-button\" href=\"https:\/\/perso.imj-prg.fr\/jeremie-bouttier\/recherche\/#publications\">Publications<\/a><\/div>\n\n\n\n<div class=\"wp-block-button is-style-outline is-style-outline--2\"><a class=\"wp-block-button__link wp-element-button\" href=\"https:\/\/perso.imj-prg.fr\/jeremie-bouttier\/recherche\/#exposes\">Expos\u00e9s<\/a><\/div>\n\n\n\n<div class=\"wp-block-button is-style-outline is-style-outline--3\"><a class=\"wp-block-button__link wp-element-button\" href=\"https:\/\/perso.imj-prg.fr\/jeremie-bouttier\/recherche\/#doctorants\">Doctorant\u00b7es<\/a><\/div>\n\n\n\n<div class=\"wp-block-button is-style-outline is-style-outline--4\"><a class=\"wp-block-button__link wp-element-button\" href=\"https:\/\/perso.imj-prg.fr\/jeremie-bouttier\/recherche\/#postdocs\">Postdocs<\/a><\/div>\n\n\n\n<div class=\"wp-block-button is-style-outline is-style-outline--5\"><a class=\"wp-block-button__link wp-element-button\" href=\"https:\/\/perso.imj-prg.fr\/jeremie-bouttier\/recherche\/#coauteurs\">Coautrices et coauteurs<\/a><\/div>\n\n\n\n<div class=\"wp-block-button is-style-outline is-style-outline--6\"><a class=\"wp-block-button__link wp-element-button\" href=\"https:\/\/perso.imj-prg.fr\/jeremie-bouttier\/recherche\/#financements\">Financements<\/a><\/div>\n<\/div>\n\n\n\n<hr class=\"wp-block-separator has-alpha-channel-opacity\" \/>\n\n\n\n<p>Mes recherches se situent \u00e0 l&rsquo;interface entre combinatoire, physique math\u00e9matique, et th\u00e9orie des probabilit\u00e9s. Quelques mots-cl\u00e9s&nbsp;: cartes al\u00e9atoires, gravit\u00e9 quantique bidimensionnelle, int\u00e9grabilit\u00e9, processus d\u00e9terminantaux et pfaffiens, mod\u00e8les de dim\u00e8res, gaz de boucles&#8230;<\/p>\n\n\n\n<h2 class=\"wp-block-heading\" id=\"publications\">Publications<\/h2>\n\n\n\n<p>Mes publications sont disponibles en ligne sur <a href=\"http:\/\/arxiv.org\/a\/bouttier_j_1.html\">ma page arXiv<\/a>. Voir aussi les listes compil\u00e9es par <a href=\"https:\/\/cv.hal.science\/jeremie-bouttier\" data-type=\"link\" data-id=\"https:\/\/cv.hal.science\/jeremie-bouttier\">HAL<\/a> et par <a href=\"https:\/\/scholar.google.fr\/citations?hl=fr&amp;user=91PCQEoAAAAJ&amp;view_op=list_works&amp;sortby=pubdate\">Google Scholar<\/a>. Le m\u00e9moire de mon habilitation, que j&rsquo;ai soutenue en 2019, est disponible <a href=\"https:\/\/www.normalesup.org\/~bouttier\/ipht_pisp_files\/HDR_1214.pdf\">ici<\/a> ou sur <a href=\"https:\/\/tel.archives-ouvertes.fr\/tel-02417269\">TEL<\/a>. Ma th\u00e8se de doctorat, soutenue en 2005, est \u00e9galement sur <a href=\"http:\/\/tel.archives-ouvertes.fr\/tel-00010651\/\">TEL<\/a>.<\/p>\n\n\n\n<h2 class=\"wp-block-heading\" id=\"exposes\">Expos\u00e9s<\/h2>\n\n\n\n<p>Vous pouvez vous faire une id\u00e9e de mes travaux en consultant les fichiers de quelques <strong>expos\u00e9s<\/strong> que j&rsquo;ai donn\u00e9s. <a href=\"https:\/\/www.normalesup.org\/~bouttier\/ipht_pisp_files\/2019-12-02-soutenanceHDR.pdf\">L&rsquo;expos\u00e9 de ma soutenance d&rsquo;habilitation<\/a> donne un survol allant de 2005 \u00e0 2019. Voici des expos\u00e9s g\u00e9n\u00e9raux portant sur mon sujet principal, les cartes al\u00e9atoires&nbsp;:<\/p>\n\n\n\n<ul class=\"wp-block-list\">\n<li>un expos\u00e9 en fran\u00e7ais pour non-sp\u00e9cialistes sur l&rsquo;histoire du sujet&nbsp;: <a href=\"https:\/\/www.normalesup.org\/~bouttier\/ipht_pisp_files\/2013-04-03-forum-theorie-CEA.pdf\"><em>Cartes al\u00e9atoires et gravit\u00e9 quantique<\/em><\/a> (<a href=\"https:\/\/www.ipht.fr\/Meetings\/ForumTheory2013\/\">Forum de la Th\u00e9orie au CEA<\/a>, Saclay, 2013 \u2014 <a href=\"https:\/\/www.normalesup.org\/~bouttier\/ipht_pisp_files\/2013-04-03-forum-theorie-CEA.txt\">r\u00e9sum\u00e9<\/a>)<\/li>\n\n\n\n<li>une version mise \u00e0 jour et en anglais de l&rsquo;expos\u00e9 pr\u00e9c\u00e9dent&nbsp;: <a href=\"https:\/\/www.normalesup.org\/~bouttier\/ipht_pisp_files\/2017-07-11-Tutte100.pdf\"><em>Enumeration of planar maps: from the quadratic method to quantum gravity<\/em><\/a> (<a href=\"https:\/\/www.dpmms.cam.ac.uk\/events\/tutte100\/\">Tutte Centenary Conference<\/a>, Cambridge, 2017 \u2014 <a href=\"https:\/\/www.normalesup.org\/~bouttier\/ipht_pisp_files\/2017-07-11-Tutte100.txt\">abstract<\/a>)<\/li>\n\n\n\n<li>un expos\u00e9 en fran\u00e7ais plus orient\u00e9 sur mes travaux&nbsp;: <a href=\"https:\/\/www.normalesup.org\/~bouttier\/ipht_pisp_files\/2014-01-31-journees-phystat.pdf\"><em>Quelques aspects des cartes al\u00e9atoires<\/em><\/a> (Journ\u00e9es de Physique Statistique 2014, Paris)<\/li>\n\n\n\n<li>un s\u00e9minaire g\u00e9n\u00e9ral sur mes travaux, con\u00e7u plut\u00f4t pour des math\u00e9maticiens, donn\u00e9 en divers endroits&nbsp;: <a href=\"https:\/\/www.normalesup.org\/~bouttier\/ipht_pisp_files\/2014-01-20-dma-infor.pdf\"><em>Distances in random maps and discrete integrability<\/em><\/a><\/li>\n<\/ul>\n\n\n\n<p>Ensuite, des expos\u00e9s donn\u00e9s sur des sujets plus sp\u00e9cifiques&nbsp;:<\/p>\n\n\n\n<ul class=\"wp-block-list\">\n<li><a href=\"https:\/\/www.normalesup.org\/~bouttier\/ipht_pisp_files\/2014-09-24-Urbana.pdf\"><em>Steep tilings and sequences of interlaced partitions<\/em><\/a>, Integrability and Representation Theory seminar, Universit\u00e9 de l&rsquo;Illinois \u00e0 Urbana-Champaign, 25 septembre 2014 (<a href=\"https:\/\/www.normalesup.org\/~bouttier\/ipht_pisp_files\/2014-09-24-Urbana.txt\">r\u00e9sum\u00e9<\/a>)<\/li>\n\n\n\n<li><a href=\"https:\/\/www.normalesup.org\/~bouttier\/ipht_pisp_files\/2013-03-22-QG-in-Paris-Orsay.pdf\"><em>The nested loop approach to the O(n) model on random maps<\/em><\/a>, Quantum Gravity in Paris, Orsay, 22 mars 2013 (<a href=\"https:\/\/www.normalesup.org\/~bouttier\/ipht_pisp_files\/2013-03-22-QG-in-Paris-Orsay.txt\">r\u00e9sum\u00e9<\/a>, <a href=\"http:\/\/workshops.aei.mpg.de\/qgparis\/\">page de la conf\u00e9rence<\/a>)<\/li>\n\n\n\n<li><a href=\"https:\/\/www.normalesup.org\/~bouttier\/ipht_pisp_files\/2010-12-16-eindhoven.pdf\"><em>Planar maps and continued fractions<\/em><\/a>, ESF Conference on Combinatorics and Analysis in Spatial Probability, Eindhoven, 16 d\u00e9cembre 2010 (<a href=\"https:\/\/www.normalesup.org\/~bouttier\/ipht_pisp_files\/2010-12-16-eindhoven.txt\">r\u00e9sum\u00e9<\/a>, <a href=\"http:\/\/archives.esf.org\/index.php?id=7175\">page de la conf\u00e9rence<\/a>)<\/li>\n\n\n\n<li><a href=\"https:\/\/www.normalesup.org\/~bouttier\/ipht_pisp_files\/2008-05-28-ESI.pdf\"><em>Statistics of geodesics in large quadrangulations<\/em><\/a>, Workshop on Combinatorics and Statistical Physics, Vienne, 26 mai 2008 (<a href=\"https:\/\/www.normalesup.org\/~bouttier\/ipht_pisp_files\/2008-05-28-ESI.txt\">r\u00e9sum\u00e9<\/a>, <a href=\"http:\/\/www.mat.univie.ac.at\/~kratt\/esi\/\">page de la conf\u00e9rence<\/a>)<\/li>\n\n\n\n<li><a href=\"https:\/\/www.normalesup.org\/~bouttier\/ipht_pisp_files\/2004-11-25-labri.pdf\"><em>Des cartes planaires eul\u00e9riennes aux arbres \u00e9tiquet\u00e9s&nbsp;: les mobiles<\/em><\/a>, Groupe de travail Arbres et Chemins, Bordeaux, 25 novembre 2004 (<a href=\"https:\/\/www.normalesup.org\/~bouttier\/ipht_pisp_files\/2004-11-25-labri.txt\">r\u00e9sum\u00e9<\/a>, <a href=\"http:\/\/www.labri.fr\/perso\/bonichon\/G3A\/\">page de la conf\u00e9rence<\/a>)<\/li>\n<\/ul>\n\n\n\n<h2 class=\"wp-block-heading\" id=\"doctorants\">Doctorant\u00b7es<\/h2>\n\n\n\n<ul class=\"wp-block-list\">\n<li><a href=\"https:\/\/theses.fr\/fr\/2016USPCC270\" data-type=\"link\" data-id=\"https:\/\/theses.fr\/fr\/2016USPCC270\">Fran\u00e7ois Nunzi<\/a> (th\u00e8se soutenue en 2016, codirection S. Corteel)<\/li>\n\n\n\n<li><a href=\"https:\/\/theses.hal.science\/tel-01774839\" data-type=\"link\" data-id=\"https:\/\/theses.hal.science\/tel-01774839\">Linxiao Chen<\/a> (th\u00e8se soutenue en 2018, codirection N. Curien)<\/li>\n\n\n\n<li><a href=\"https:\/\/sites.google.com\/tcd.ie\/harrietwalsh\/home\" data-type=\"link\" data-id=\"https:\/\/sites.google.com\/tcd.ie\/harrietwalsh\/home\">Harriet Walsh<\/a> (th\u00e8se soutenue en 2022, codirection G. Chapuy)<\/li>\n\n\n\n<li>Hugo Manet (th\u00e8se d\u00e9marr\u00e9e en 2023, codirection G. Chapuy et E. Guitter)<\/li>\n\n\n\n<li>Thomas Lejeune (th\u00e8se d\u00e9marr\u00e9e en 2024, codirection B. Eynard)<\/li>\n\n\n\n<li>Maena Quemener (th\u00e8se d\u00e9marr\u00e9 en 2025, codirection S. Corteel et S. Tarricone)<\/li>\n<\/ul>\n\n\n\n<h2 class=\"wp-block-heading\" id=\"postdocs\">Postdocs<\/h2>\n\n\n\n<ul class=\"wp-block-list\">\n<li><a href=\"https:\/\/github.com\/danbetea\" data-type=\"link\" data-id=\"https:\/\/github.com\/danbetea\">Dan Betea<\/a> (2015-2016)<\/li>\n\n\n\n<li><a href=\"https:\/\/lorelei.math.uni-potsdam.de\/professuren\/wahrscheinlichkeitstheorie\/personen\/peter-nejjar\" data-type=\"link\" data-id=\"https:\/\/lorelei.math.uni-potsdam.de\/professuren\/wahrscheinlichkeitstheorie\/personen\/peter-nejjar\">Peter Nejjar<\/a> (2015-2016)<\/li>\n\n\n\n<li><a href=\"https:\/\/homepage.univie.ac.at\/joonas.turunen\/\" data-type=\"link\" data-id=\"https:\/\/homepage.univie.ac.at\/joonas.turunen\/\">Joonas Turunen<\/a> (2020-2022)<\/li>\n\n\n\n<li><a href=\"https:\/\/starricone.netlify.app\/\" data-type=\"link\" data-id=\"https:\/\/starricone.netlify.app\/\">Sofia Tarricone<\/a> (2022-2024)<\/li>\n<\/ul>\n\n\n\n<h2 class=\"wp-block-heading\" id=\"coauteurs\">Coautrices et coauteurs<\/h2>\n\n\n\n<p>J&rsquo;ai la chance de collaborer ou d&rsquo;avoir collabor\u00e9 avec : <a href=\"https:\/\/www.irif.fr\/~malbenque\/\" data-type=\"link\" data-id=\"https:\/\/www.irif.fr\/~malbenque\/\">Marie Albenque<\/a>, <a href=\"https:\/\/chikashi-arita.webnode.page\/\" data-type=\"link\" data-id=\"https:\/\/chikashi-arita.webnode.page\/\">Chikashi Arita<\/a>, <a href=\"https:\/\/math.iisc.ac.in\/~arvind\/\" data-type=\"link\" data-id=\"https:\/\/math.iisc.ac.in\/~arvind\/\">Arvind Ayyer<\/a>, <a href=\"https:\/\/rbardenet.github.io\/\" data-type=\"link\" data-id=\"https:\/\/rbardenet.github.io\/\">R\u00e9mi Bardenet<\/a>, <a href=\"https:\/\/github.com\/danbetea\" data-type=\"link\" data-id=\"https:\/\/sites.google.com\/view\/danbetea\/home\">Dan Betea<\/a>, <a href=\"https:\/\/www.mathematik.hu-berlin.de\/de\/forschung\/forschungsgebiete\/mathematische-physik\/borot-mp-homepage\" data-type=\"link\" data-id=\"https:\/\/www.mathematik.hu-berlin.de\/de\/forschung\/forschungsgebiete\/mathematische-physik\/borot-mp-homepage\">Ga\u00ebtan Borot<\/a>, <a href=\"https:\/\/perso.lpsm.paris\/~boutillier\/\" data-type=\"link\" data-id=\"https:\/\/perso.lpsm.paris\/~boutillier\/\">C\u00e9dric Boutillier<\/a>, <a href=\"https:\/\/www.kitp.ucsb.edu\/bowick\" data-type=\"link\" data-id=\"https:\/\/www.kitp.ucsb.edu\/bowick\">Mark Bowick<\/a>, <a href=\"https:\/\/carrance.perso.math.cnrs.fr\/\" data-type=\"link\" data-id=\"https:\/\/carrance.perso.math.cnrs.fr\/\">Ariane Carrance<\/a>, <a href=\"https:\/\/www.irif.fr\/~chapuy\/\" data-type=\"link\" data-id=\"https:\/\/www.irif.fr\/~chapuy\/\">Guillaume Chapuy<\/a>, <a href=\"https:\/\/www.irif.fr\/~corteel\/\" data-type=\"link\" data-id=\"https:\/\/www.irif.fr\/~corteel\/\">Sylvie Corteel<\/a>, <a href=\"https:\/\/perso.ens-lyon.fr\/pascal.degiovanni\/Bienvenue.html\" data-type=\"link\" data-id=\"https:\/\/perso.ens-lyon.fr\/pascal.degiovanni\/Bienvenue.html\">Pascal Degiovanni<\/a>, <a href=\"https:\/\/www.ipht.fr\/en\/Phocea\/Pisp\/visu.php?id=14\" data-type=\"link\" data-id=\"https:\/\/www.ipht.fr\/en\/Phocea\/Pisp\/visu.php?id=14\">Philippe Di Francesco<\/a>, <a href=\"https:\/\/scholar.google.com\/citations?user=94pKY8wAAAAJ\" data-type=\"link\" data-id=\"https:\/\/scholar.google.com\/citations?user=94pKY8wAAAAJ\">Bertrand Duplantier<\/a>, <a href=\"https:\/\/scholar.google.fr\/citations?user=K32-z_AAAAAJ&amp;hl=fr&amp;oi=ao\" data-type=\"link\" data-id=\"https:\/\/scholar.google.fr\/citations?user=K32-z_AAAAAJ&amp;hl=fr&amp;oi=ao\">Alexandre Feller<\/a>, <a href=\"https:\/\/igm.univ-mlv.fr\/~fusy\/\" data-type=\"link\" data-id=\"https:\/\/igm.univ-mlv.fr\/~fusy\/\">\u00c9ric Fusy<\/a>, <a href=\"https:\/\/www.ipht.fr\/Pisp\/emmanuel.guitter\/index_fr.php\" data-type=\"link\" data-id=\"https:\/\/www.ipht.fr\/Pisp\/emmanuel.guitter\/index_fr.php\">Emmanuel Guitter<\/a>, <a href=\"https:\/\/math.univ-lille1.fr\/~hardy\/\" data-type=\"link\" data-id=\"https:\/\/math.univ-lille1.fr\/~hardy\/\">Adrien Hardy<\/a>, <a href=\"https:\/\/www.linkedin.com\/in\/monwhea-jeng-6127924?challengeId=AQH4KtB6NSTIXAAAAYrm_N5Ylf8sP5aRzwCsmOAFb-4yFpc0k6fzaisCsUSZYzBGhfy_VMLlAZp4mZBRft9Qh8WRJuZGJfTL4Q&amp;submissionId=8e86eae4-17bb-8917-dae4-e53cf61cd76f&amp;challengeSource=AgErDmUdNYpaIAAAAYrm_Rvo-049jkhvJeGKjRNYkx2vnVdCb4QqAlUPvNjYXGk&amp;challegeType=AgHCvHQSQuyIYgAAAYrm_RvqRr9sF3Jqhwv7zm85LGaohv-p8uXUrsk&amp;memberId=AgH_4em8ucTI7gAAAYrm_Rvtw6c_4dA_QUU6jVV7jr3LtgU&amp;recognizeDevice=AgEk-QH9a3a02wAAAYrm_Rvw9amjsbPaprAiQuuTrAFtmJA1AnmS\" data-type=\"link\" data-id=\"https:\/\/www.linkedin.com\/in\/monwhea-jeng-6127924?challengeId=AQH4KtB6NSTIXAAAAYrm_N5Ylf8sP5aRzwCsmOAFb-4yFpc0k6fzaisCsUSZYzBGhfy_VMLlAZp4mZBRft9Qh8WRJuZGJfTL4Q&amp;submissionId=8e86eae4-17bb-8917-dae4-e53cf61cd76f&amp;challengeSource=AgErDmUdNYpaIAAAAYrm_Rvo-049jkhvJeGKjRNYkx2vnVdCb4QqAlUPvNjYXGk&amp;challegeType=AgHCvHQSQuyIYgAAAYrm_RvqRr9sF3Jqhwv7zm85LGaohv-p8uXUrsk&amp;memberId=AgH_4em8ucTI7gAAAYrm_Rvtw6c_4dA_QUU6jVV7jr3LtgU&amp;recognizeDevice=AgEk-QH9a3a02wAAAYrm_Rvw9amjsbPaprAiQuuTrAFtmJA1AnmS\">Monwhea Jeng<\/a>, <a href=\"https:\/\/www.santafe.edu\/people\/profile\/paul-krapivsky\" data-type=\"link\" data-id=\"https:\/\/www.santafe.edu\/people\/profile\/paul-krapivsky\">Paul Krapivsky<\/a>, <a href=\"https:\/\/people.kth.se\/~linusson\/\" data-type=\"link\" data-id=\"https:\/\/people.kth.se\/~linusson\/\">Svante Linusson<\/a>, <a href=\"https:\/\/www.cea.fr\/drf\/Pages\/Actualites\/Vie-de-la-DRF\/2023\/kirone-malick-recoit-le-prix-langevin-2022.aspx\" data-type=\"link\" data-id=\"https:\/\/www.cea.fr\/drf\/Pages\/Actualites\/Vie-de-la-DRF\/2023\/kirone-malick-recoit-le-prix-langevin-2022.aspx\">Kirone Mallick<\/a>, <a href=\"https:\/\/www.irif.fr\/users\/manet\/index\" data-type=\"link\" data-id=\"https:\/\/www.irif.fr\/users\/manet\/index\">Hugo Manet<\/a>, <a href=\"https:\/\/perso.ens-lyon.fr\/gregory.miermont\/\" data-type=\"link\" data-id=\"https:\/\/perso.ens-lyon.fr\/gregory.miermont\/\">Gr\u00e9gory Miermont<\/a>, <a href=\"https:\/\/lorelei.math.uni-potsdam.de\/professuren\/wahrscheinlichkeitstheorie\/personen\/peter-nejjar\" data-type=\"link\" data-id=\"https:\/\/lorelei.math.uni-potsdam.de\/professuren\/wahrscheinlichkeitstheorie\/personen\/peter-nejjar\">Peter Nejjar<\/a>, <a href=\"https:\/\/www.researchgate.net\/profile\/Francois-Nunzi\" data-type=\"link\" data-id=\"https:\/\/www.researchgate.net\/profile\/Francois-Nunzi\">Fran\u00e7ois Nunzi<\/a>, <a href=\"https:\/\/www.normalesup.org\/~ramassamy\/\" data-type=\"link\" data-id=\"https:\/\/www.normalesup.org\/~ramassamy\/\">Sanjay Ramassamy<\/a>, <a href=\"https:\/\/pro.univ-lille.fr\/adam-rancon\/\" data-type=\"link\" data-id=\"https:\/\/pro.univ-lille.fr\/adam-rancon\/\">Adam Ran\u00e7on<\/a>, <a href=\"https:\/\/roussel.science\/\" data-type=\"link\" data-id=\"https:\/\/roussel.science\/\">Benjamin Roussel<\/a>, <a href=\"http:\/\/www.lptms.universite-paris-saclay.fr\/gregory-schehr\/\" data-type=\"link\" data-id=\"http:\/\/www.lptms.universite-paris-saclay.fr\/gregory-schehr\/\">Gr\u00e9gory Schehr<\/a>, <a href=\"https:\/\/www.math.umb.edu\/~vuletic\/Site\/Homepage.html\" data-type=\"link\" data-id=\"https:\/\/www.math.umb.edu\/~vuletic\/Site\/Homepage.html\">Mirjana Vuleti\u0107<\/a>, <a href=\"https:\/\/sites.google.com\/tcd.ie\/harrietwalsh\/home\" data-type=\"link\" data-id=\"https:\/\/sites.google.com\/tcd.ie\/harrietwalsh\/home\">Harriet Walsh<\/a>, <a href=\"https:\/\/scholar.google.com\/citations?user=vib6owIAAAAJ\" data-type=\"link\" data-id=\"https:\/\/scholar.google.com\/citations?user=vib6owIAAAAJ\">Christoph Westbrook<\/a>.<\/p>\n\n\n\n<h2 class=\"wp-block-heading\" id=\"financements\">Financements actuels et pass\u00e9s<\/h2>\n\n\n\n<p><a href=\"https:\/\/www.irif.fr\/~chapuy\/CartesEtPlus.html\" data-type=\"link\" data-id=\"https:\/\/www.irif.fr\/~chapuy\/CartesEtPlus.html\">ANR CartesEtPlus<\/a> (2024-2029), <a href=\"http:\/\/piicq.math.cnrs.fr\/\">IRN PIICQ<\/a> (2021-2025), <a href=\"https:\/\/dimers.science\/\">ANR Dimers<\/a> (2019-2025), <a href=\"https:\/\/anr-combine.math.cnrs.fr\/\">ANR COMBIN\u00c9<\/a> (2019-2025), <a href=\"https:\/\/fbf.berkeley.edu\/project\/cylindric-partitions\">FBF Cylindric partitions<\/a> (2020-2022), PEPS Carma (2016), <a href=\"https:\/\/www.lpsm.paris\/pageperso\/anr-graal\/\">ANR GRAAL<\/a> (2014-2019), <a href=\"http:\/\/combinatoire-a-paris.math.cnrs.fr\/ProjetEmergences\">Combinatoire \u00e0 Paris<\/a> (2013-2017), <a href=\"http:\/\/cartaplus.math.cnrs.fr\/\">ANR Cartaplus<\/a> (2013-2016)<\/p>\n\n\n\n<p><\/p>\n","protected":false},"excerpt":{"rendered":"<p>Mes recherches se situent \u00e0 l&rsquo;interface entre combinatoire, physique math\u00e9matique, et th\u00e9orie des probabilit\u00e9s. Quelques mots-cl\u00e9s&nbsp;: cartes al\u00e9atoires, gravit\u00e9 quantique bidimensionnelle, int\u00e9grabilit\u00e9, processus d\u00e9terminantaux et pfaffiens, mod\u00e8les de dim\u00e8res, gaz de boucles&#8230; Publications Mes publications sont disponibles en ligne sur ma page arXiv. Voir aussi les listes compil\u00e9es par HAL et par Google Scholar. Le [&hellip;]<\/p>\n","protected":false},"author":104,"featured_media":0,"parent":0,"menu_order":0,"comment_status":"closed","ping_status":"closed","template":"","meta":{"footnotes":""},"class_list":["post-80","page","type-page","status-publish","hentry"],"_links":{"self":[{"href":"https:\/\/perso.imj-prg.fr\/jeremie-bouttier\/wp-json\/wp\/v2\/pages\/80","targetHints":{"allow":["GET"]}}],"collection":[{"href":"https:\/\/perso.imj-prg.fr\/jeremie-bouttier\/wp-json\/wp\/v2\/pages"}],"about":[{"href":"https:\/\/perso.imj-prg.fr\/jeremie-bouttier\/wp-json\/wp\/v2\/types\/page"}],"author":[{"embeddable":true,"href":"https:\/\/perso.imj-prg.fr\/jeremie-bouttier\/wp-json\/wp\/v2\/users\/104"}],"replies":[{"embeddable":true,"href":"https:\/\/perso.imj-prg.fr\/jeremie-bouttier\/wp-json\/wp\/v2\/comments?post=80"}],"version-history":[{"count":30,"href":"https:\/\/perso.imj-prg.fr\/jeremie-bouttier\/wp-json\/wp\/v2\/pages\/80\/revisions"}],"predecessor-version":[{"id":410,"href":"https:\/\/perso.imj-prg.fr\/jeremie-bouttier\/wp-json\/wp\/v2\/pages\/80\/revisions\/410"}],"wp:attachment":[{"href":"https:\/\/perso.imj-prg.fr\/jeremie-bouttier\/wp-json\/wp\/v2\/media?parent=80"}],"curies":[{"name":"wp","href":"https:\/\/api.w.org\/{rel}","templated":true}]}}