{"id":57,"date":"2023-09-27T14:09:11","date_gmt":"2023-09-27T12:09:11","guid":{"rendered":"https:\/\/perso.imj-prg.fr\/jeremie-bouttier\/?page_id=57"},"modified":"2025-02-11T12:09:01","modified_gmt":"2025-02-11T11:09:01","slug":"enseignement","status":"publish","type":"page","link":"https:\/\/perso.imj-prg.fr\/jeremie-bouttier\/enseignement\/","title":{"rendered":"Enseignement"},"content":{"rendered":"\n<h2 class=\"wp-block-heading\">2024-2025<\/h2>\n\n\n\n<ul class=\"wp-block-list\">\n<li>Premier semestre\n<ul class=\"wp-block-list\">\n<li><a href=\"https:\/\/moodle-sciences-24.sorbonne-universite.fr\/course\/view.php?id=2369\" data-type=\"link\" data-id=\"https:\/\/moodle-sciences-23.sorbonne-universite.fr\/course\/view.php?id=2429\">LU2MA226 Combinatoire et graphes<\/a> (amphi+TD)<\/li>\n\n\n\n<li><a href=\"https:\/\/perso.imj-prg.fr\/jeremie-bouttier\/cours-mpri-2-10-aspects-algorithmiques-de-la-combinatoire\/\" data-type=\"page\" data-id=\"179\">Aspects algorithmiques de la combinatoire<\/a> (cours MPRI 2\u00e8me ann\u00e9e)<\/li>\n<\/ul>\n<\/li>\n\n\n\n<li>Second semestre\n<ul class=\"wp-block-list\">\n<li><a href=\"https:\/\/moodle-sciences-24.sorbonne-universite.fr\/course\/view.php?id=4147\" data-type=\"link\" data-id=\"https:\/\/moodle-sciences-24.sorbonne-universite.fr\/course\/view.php?id=4147\">MU4MA074 Probabilit\u00e9s num\u00e9riques<\/a> (TD+TP)<\/li>\n<\/ul>\n<\/li>\n<\/ul>\n\n\n\n<h2 class=\"wp-block-heading\">2023-2024<\/h2>\n\n\n\n<ul class=\"wp-block-list\">\n<li>Premier semestre\n<ul class=\"wp-block-list\">\n<li><a href=\"https:\/\/moodle-sciences-23.sorbonne-universite.fr\/course\/view.php?id=2429\" data-type=\"link\" data-id=\"https:\/\/moodle-sciences-23.sorbonne-universite.fr\/course\/view.php?id=2429\">LU2MA226 Combinatoire et graphes<\/a> (amphi+TD)<\/li>\n\n\n\n<li><a href=\"https:\/\/moodle-sciences-23.sorbonne-universite.fr\/course\/view.php?id=2457\" data-type=\"link\" data-id=\"https:\/\/moodle-sciences-23.sorbonne-universite.fr\/course\/view.php?id=2457\">LU3MAOI1 Orientation et insertion professionnelle<\/a> (TD)<\/li>\n\n\n\n<li><a href=\"https:\/\/perso.imj-prg.fr\/jeremie-bouttier\/cours-mpri-2-10-aspects-algorithmiques-de-la-combinatoire\/\" data-type=\"page\" data-id=\"179\">Aspects algorithmiques de la combinatoire<\/a> (cours MPRI 2\u00e8me ann\u00e9e)<\/li>\n<\/ul>\n<\/li>\n\n\n\n<li>Second semestre\n<ul class=\"wp-block-list\">\n<li><a href=\"https:\/\/moodle-sciences-23.sorbonne-universite.fr\/course\/view.php?id=3707\" data-type=\"link\" data-id=\"https:\/\/moodle-sciences-23.sorbonne-universite.fr\/course\/view.php?id=3707\">LU1MA003 Constructions et raisonnements math\u00e9matiques<\/a> (TD)<\/li>\n\n\n\n<li><a href=\"https:\/\/moodle-sciences-23.sorbonne-universite.fr\/course\/view.php?id=3829\" data-type=\"link\" data-id=\"https:\/\/moodle-sciences-23.sorbonne-universite.fr\/course\/view.php?id=3829\">LU3MA290 Probabilit\u00e9s II<\/a> (TD)<\/li>\n<\/ul>\n<\/li>\n<\/ul>\n\n\n\n<h2 class=\"wp-block-heading\">Ann\u00e9es pr\u00e9c\u00e9dentes<\/h2>\n\n\n\n<ul class=\"wp-block-list\">\n<li><a href=\"https:\/\/www.normalesup.org\/~bouttier\/coursM2Lyon\/\" data-type=\"link\" data-id=\"https:\/\/www.normalesup.org\/~bouttier\/coursM2Lyon\/\">Probabilit\u00e9s int\u00e9grables<\/a> (M2 math\u00e9matiques avanc\u00e9es, ENS de Lyon, <a href=\"http:\/\/mathematiques.ens-lyon.fr\/parcours-2018-2019-355604.kjsp?RH=1403617207802&amp;RF=1513345303201\" data-type=\"link\" data-id=\"http:\/\/mathematiques.ens-lyon.fr\/parcours-2018-2019-355604.kjsp?RH=1403617207802&amp;RF=1513345303201\">2018-2019<\/a> et <a href=\"http:\/\/mathematiques.ens-lyon.fr\/parcours-2019-2020-367606.kjsp?RH=1513345303201&amp;RF=1545400666654\" data-type=\"link\" data-id=\"http:\/\/mathematiques.ens-lyon.fr\/parcours-2019-2020-367606.kjsp?RH=1513345303201&amp;RF=1545400666654\">2019-2020<\/a>)<\/li>\n\n\n\n<li>Aspects rigoureux de la m\u00e9canique statistique \u00e0 l&rsquo;\u00e9quilibre (L3 maths\/physique, ENS Ulm, 2012-2015, avec G. Semerjian)<\/li>\n\n\n\n<li>Tutorats de math\u00e9matiques (ESPCI, 2009-2012, exemples de sujets propos\u00e9s : <a href=\"https:\/\/www.normalesup.org\/~bouttier\/ipht_pisp_files\/conformal2010.pdf\">1<\/a>, <a href=\"https:\/\/www.normalesup.org\/~bouttier\/ipht_pisp_files\/BlackScholes2010.pdf\">2<\/a>)<\/li>\n<\/ul>\n\n\n\n<p><\/p>\n","protected":false},"excerpt":{"rendered":"<p>2024-2025 2023-2024 Ann\u00e9es pr\u00e9c\u00e9dentes<\/p>\n","protected":false},"author":104,"featured_media":0,"parent":0,"menu_order":0,"comment_status":"closed","ping_status":"closed","template":"","meta":{"footnotes":""},"class_list":["post-57","page","type-page","status-publish","hentry"],"_links":{"self":[{"href":"https:\/\/perso.imj-prg.fr\/jeremie-bouttier\/wp-json\/wp\/v2\/pages\/57","targetHints":{"allow":["GET"]}}],"collection":[{"href":"https:\/\/perso.imj-prg.fr\/jeremie-bouttier\/wp-json\/wp\/v2\/pages"}],"about":[{"href":"https:\/\/perso.imj-prg.fr\/jeremie-bouttier\/wp-json\/wp\/v2\/types\/page"}],"author":[{"embeddable":true,"href":"https:\/\/perso.imj-prg.fr\/jeremie-bouttier\/wp-json\/wp\/v2\/users\/104"}],"replies":[{"embeddable":true,"href":"https:\/\/perso.imj-prg.fr\/jeremie-bouttier\/wp-json\/wp\/v2\/comments?post=57"}],"version-history":[{"count":23,"href":"https:\/\/perso.imj-prg.fr\/jeremie-bouttier\/wp-json\/wp\/v2\/pages\/57\/revisions"}],"predecessor-version":[{"id":352,"href":"https:\/\/perso.imj-prg.fr\/jeremie-bouttier\/wp-json\/wp\/v2\/pages\/57\/revisions\/352"}],"wp:attachment":[{"href":"https:\/\/perso.imj-prg.fr\/jeremie-bouttier\/wp-json\/wp\/v2\/media?parent=57"}],"curies":[{"name":"wp","href":"https:\/\/api.w.org\/{rel}","templated":true}]}}