{"id":142,"date":"2023-09-30T17:49:42","date_gmt":"2023-09-30T15:49:42","guid":{"rendered":"https:\/\/perso.imj-prg.fr\/jeremie-bouttier\/?page_id=142"},"modified":"2025-10-20T23:51:52","modified_gmt":"2025-10-20T21:51:52","slug":"bienvenue","status":"publish","type":"page","link":"https:\/\/perso.imj-prg.fr\/jeremie-bouttier\/bienvenue\/","title":{"rendered":"Bienvenue"},"content":{"rendered":"\n<p>Bienvenue sur ma page personnelle. Je suis professeur \u00e0 <a href=\"https:\/\/www.sorbonne-universite.fr\/en\">Sorbonne Universit\u00e9<\/a>, et directeur de l&rsquo;<a href=\"https:\/\/www.ihp.fr\/fr\" data-type=\"link\" data-id=\"https:\/\/www.legifrance.gouv.fr\/jorf\/id\/JORFTEXT000051533967\">Institut Henri Poincar\u00e9<\/a>. Je suis membre de l&rsquo;<a href=\"https:\/\/www.imj-prg.fr\/\">Institut de math\u00e9matiques de Jussieu-Paris rive gauche<\/a>, o\u00f9 je suis responsable de l&rsquo;<a href=\"https:\/\/www.imj-prg.fr\/co\/\" data-type=\"link\" data-id=\"https:\/\/www.imj-prg.fr\/co\/\">\u00e9quipe Combinatoire et Optimisation<\/a>. Auparavant, j&rsquo;ai \u00e9t\u00e9 chercheur permanent \u00e0 l&rsquo;<a href=\"https:\/\/www.ipht.fr\/\">Institut de physique th\u00e9orique<\/a> du CEA Paris-Saclay.<\/p>\n\n\n\n<p><em>Pour me joindre en tant que directeur de l&rsquo;IHP, merci d&rsquo;\u00e9crire \u00e0 mon adresse de la forme <code>prenom.nom@ihp.fr<\/code> (sans accents). Veuillez noter que j&rsquo;y re\u00e7ois de nombreux messages et qu&rsquo;une r\u00e9ponse de ma part n&rsquo;est donc pas garantie.<\/em><\/p>\n\n\n\n<p>Vous trouverez sur ce site mes <a href=\"https:\/\/perso.imj-prg.fr\/jeremie-bouttier\/\" data-type=\"page\" data-id=\"8\">coordonn\u00e9es<\/a> \u00e0 l&rsquo;IMJ-PRG, des informations sur mon <a href=\"https:\/\/perso.imj-prg.fr\/jeremie-bouttier\/enseignement\/\" data-type=\"page\" data-id=\"57\">enseignement<\/a> et sur ma <a href=\"https:\/\/perso.imj-prg.fr\/jeremie-bouttier\/recherche\/\" data-type=\"page\" data-id=\"80\">recherche<\/a>, ainsi qu&rsquo;une liste de <a href=\"https:\/\/perso.imj-prg.fr\/jeremie-bouttier\/evenements\/\" data-type=\"page\" data-id=\"88\">rencontres scientifiques<\/a> dans lesquels je suis ou ai \u00e9t\u00e9 impliqu\u00e9.<\/p>\n\n\n\n<h2 class=\"wp-block-heading\">CV<\/h2>\n\n\n\n<ul class=\"wp-block-list\">\n<li>Depuis 2023 : professeur, <a href=\"https:\/\/www.imj-prg.fr\/\" data-type=\"link\" data-id=\"https:\/\/www.imj-prg.fr\/\"><\/a><a href=\"https:\/\/www.imj-prg.fr\/\">Institut de Math\u00e9matiques de Jussieu-Paris Rive Gauche<\/a>, <a href=\"https:\/\/www.sorbonne-universite.fr\/en\">Sorbonne Universit\u00e9<\/a>\n<ul class=\"wp-block-list\">\n<li>depuis 2025 : <a href=\"https:\/\/www.legifrance.gouv.fr\/jorf\/id\/JORFTEXT000051533967\" data-type=\"link\" data-id=\"https:\/\/www.legifrance.gouv.fr\/jorf\/id\/JORFTEXT000051533967\">directeur de l&rsquo;Institut Henri Poincar\u00e9<\/a><\/li>\n<\/ul>\n<\/li>\n\n\n\n<li>2006-2023 : chercheur permanent, <a href=\"https:\/\/www.ipht.fr\/\">Institut de Physique Th\u00e9orique<\/a>, <a href=\"https:\/\/www.cea.fr\/paris-saclay\" data-type=\"link\" data-id=\"https:\/\/www.cea.fr\/paris-saclay\">CEA Paris-Saclay<\/a>\n<ul class=\"wp-block-list\">\n<li>2016-2021 : chercheur associ\u00e9, <a href=\"https:\/\/www.ens-lyon.fr\/PHYSIQUE\/\" data-type=\"link\" data-id=\"https:\/\/www.ens-lyon.fr\/PHYSIQUE\/\">Laboratoire de physique<\/a>, <a href=\"https:\/\/www.ens-lyon.fr\/\" data-type=\"link\" data-id=\"https:\/\/www.ens-lyon.fr\/\">ENS de Lyon<\/a><\/li>\n\n\n\n<li>2012-2016 : professeur associ\u00e9 (PAST), <a href=\"https:\/\/www.math.ens.psl.eu\/\" data-type=\"link\" data-id=\"https:\/\/www.math.ens.psl.eu\/\">D\u00e9partement de math\u00e9matiques et applications<\/a>, <a href=\"https:\/\/www.ens.psl.eu\/\" data-type=\"link\" data-id=\"https:\/\/www.ens.fr\/\">\u00c9cole normale sup\u00e9rieure<\/a><\/li>\n\n\n\n<li>2011-2012 : chercheur associ\u00e9, \u00e9quipe combinatoire, <a href=\"http:\/\/archives.liafa.univ-paris-diderot.fr\/\" data-type=\"link\" data-id=\"http:\/\/archives.liafa.univ-paris-diderot.fr\/\">LIAFA<\/a><\/li>\n<\/ul>\n<\/li>\n\n\n\n<li>2004-2006 : postdoc, <a href=\"https:\/\/iop.uva.nl\/itfa\/itfa.html\" data-type=\"link\" data-id=\"https:\/\/iop.uva.nl\/itfa\/itfa.html\">Institute for Theoretical Physics Amsterdam<\/a><\/li>\n\n\n\n<li>2002-2004 : ing\u00e9nieur-\u00e9l\u00e8ve du corps des T\u00e9l\u00e9communications<\/li>\n\n\n\n<li>1998-2002 : \u00e9l\u00e8ve de l&rsquo;\u00c9cole normale sup\u00e9rieure<\/li>\n<\/ul>\n\n\n\n<p>Plus de d\u00e9tails dans mon <a href=\"https:\/\/perso.imj-prg.fr\/jeremie-bouttier\/wp-content\/uploads\/sites\/82\/2025\/10\/CV_Bouttier_en.pdf\" data-type=\"attachment\" data-id=\"404\">CV acad\u00e9mique<\/a> (en anglais, version d&rsquo;octobre 2025)<\/p>\n","protected":false},"excerpt":{"rendered":"<p>Bienvenue sur ma page personnelle. Je suis professeur \u00e0 Sorbonne Universit\u00e9, et directeur de l&rsquo;Institut Henri Poincar\u00e9. Je suis membre de l&rsquo;Institut de math\u00e9matiques de Jussieu-Paris rive gauche, o\u00f9 je suis responsable de l&rsquo;\u00e9quipe Combinatoire et Optimisation. Auparavant, j&rsquo;ai \u00e9t\u00e9 chercheur permanent \u00e0 l&rsquo;Institut de physique th\u00e9orique du CEA Paris-Saclay. Pour me joindre en tant [&hellip;]<\/p>\n","protected":false},"author":105,"featured_media":0,"parent":0,"menu_order":0,"comment_status":"closed","ping_status":"closed","template":"","meta":{"footnotes":""},"class_list":["post-142","page","type-page","status-publish","hentry"],"_links":{"self":[{"href":"https:\/\/perso.imj-prg.fr\/jeremie-bouttier\/wp-json\/wp\/v2\/pages\/142","targetHints":{"allow":["GET"]}}],"collection":[{"href":"https:\/\/perso.imj-prg.fr\/jeremie-bouttier\/wp-json\/wp\/v2\/pages"}],"about":[{"href":"https:\/\/perso.imj-prg.fr\/jeremie-bouttier\/wp-json\/wp\/v2\/types\/page"}],"author":[{"embeddable":true,"href":"https:\/\/perso.imj-prg.fr\/jeremie-bouttier\/wp-json\/wp\/v2\/users\/105"}],"replies":[{"embeddable":true,"href":"https:\/\/perso.imj-prg.fr\/jeremie-bouttier\/wp-json\/wp\/v2\/comments?post=142"}],"version-history":[{"count":27,"href":"https:\/\/perso.imj-prg.fr\/jeremie-bouttier\/wp-json\/wp\/v2\/pages\/142\/revisions"}],"predecessor-version":[{"id":418,"href":"https:\/\/perso.imj-prg.fr\/jeremie-bouttier\/wp-json\/wp\/v2\/pages\/142\/revisions\/418"}],"wp:attachment":[{"href":"https:\/\/perso.imj-prg.fr\/jeremie-bouttier\/wp-json\/wp\/v2\/media?parent=142"}],"curies":[{"name":"wp","href":"https:\/\/api.w.org\/{rel}","templated":true}]}}