{"id":30,"date":"2021-08-24T09:36:52","date_gmt":"2021-08-24T07:36:52","guid":{"rendered":"https:\/\/perso.imj-prg.fr\/irene-passeron\/?page_id=30"},"modified":"2021-08-24T09:36:52","modified_gmt":"2021-08-24T07:36:52","slug":"enseignements","status":"publish","type":"page","link":"https:\/\/perso.imj-prg.fr\/irene-passeron\/enseignements\/","title":{"rendered":"Enseignements"},"content":{"rendered":"\n<ul class=\"wp-block-list\"><li>2011 : Cours de m\u00e9thodologie (L1, PCME), UPMC<\/li><li>2005-2010 : Membre de jury de DEA, de masters et de th\u00e8ses, universit\u00e9s Lyon 1, Nantes, Paris 7<\/li><li>2005-2006 : Cours de Master \u00ab&nbsp;histoire du physico-math\u00e9matique au XVIII\u00e8me si\u00e8cle&nbsp;\u00bb, univ. de Nantes.<\/li><li>2003-2004 : Cours de DEA \u00ab&nbsp;histoire de la m\u00e9canique au XVIII\u00e8me si\u00e8cle&nbsp;\u00bb, univ. Denis Diderot. Paris 7.<\/li><li>1997-2000 : Cours d&rsquo;histoire des sciences dans le cadre du DEUG scientifique (20 heures, resp. C. Mauduit) \u00e0 l&rsquo;Universit\u00e9 de Luminy (Marseille), d&rsquo;histoire dans le cadre de la licence d&rsquo;histoire de Paris 7 (s\u00e9m. M.-N. Bourguet).<\/li><li>1992-1993 : ATER \u00e0 Paris VII, math\u00e9matiques pour la physique, seconde ann\u00e9e de DEUG (Paul G\u00e9rardin). Collaboration \u00e0 l&rsquo;Universit\u00e9 d&rsquo;\u00e9t\u00e9 (U.O.) \u00ab&nbsp;Nouvelles Terres, nouveaux Cieux, XVIIe- XVIIIe si\u00e8cle&nbsp;\u00bb (texte publi\u00e9, 1996), et \u00e0 diff\u00e9rents s\u00e9minaires de recherche.<\/li><li>1990-1992 : Monitorat (charge de T.D.) en seconde ann\u00e9e de DEUG de math\u00e9matiques \u00e0 Paris 7. Cr\u00e9ation (organisation et cours) d&rsquo;un cours d&rsquo;histoire des sciences \u00e0 l&rsquo;Universit\u00e9 Ouverte (Paris 7, C. Wong).<\/li><li>1989 : Professeur de math\u00e9matiques en classe de BTS \u00e0 l&rsquo;Ecole Nationale de Chimie (Paris 13\u00e8me).<\/li><li>1988 : Professeur de math\u00e9matiques en classe pr\u00e9paratoire (kh\u00e2gne scientifique) au Lyc\u00e9e Lakanal (Sceaux).<\/li><\/ul>\n","protected":false},"excerpt":{"rendered":"<p>2011 : Cours de m\u00e9thodologie (L1, PCME), UPMC 2005-2010 : Membre de jury de DEA, de masters et de th\u00e8ses, universit\u00e9s Lyon 1, Nantes, Paris 7 2005-2006 : Cours de Master \u00ab&nbsp;histoire du physico-math\u00e9matique au XVIII\u00e8me si\u00e8cle&nbsp;\u00bb, univ. de Nantes. 2003-2004 : Cours de DEA \u00ab&nbsp;histoire de la m\u00e9canique au XVIII\u00e8me si\u00e8cle&nbsp;\u00bb, univ. Denis Diderot. [&hellip;]<\/p>\n","protected":false},"author":1,"featured_media":0,"parent":0,"menu_order":0,"comment_status":"closed","ping_status":"closed","template":"","meta":{"footnotes":""},"class_list":["post-30","page","type-page","status-publish","hentry"],"_links":{"self":[{"href":"https:\/\/perso.imj-prg.fr\/irene-passeron\/wp-json\/wp\/v2\/pages\/30","targetHints":{"allow":["GET"]}}],"collection":[{"href":"https:\/\/perso.imj-prg.fr\/irene-passeron\/wp-json\/wp\/v2\/pages"}],"about":[{"href":"https:\/\/perso.imj-prg.fr\/irene-passeron\/wp-json\/wp\/v2\/types\/page"}],"author":[{"embeddable":true,"href":"https:\/\/perso.imj-prg.fr\/irene-passeron\/wp-json\/wp\/v2\/users\/1"}],"replies":[{"embeddable":true,"href":"https:\/\/perso.imj-prg.fr\/irene-passeron\/wp-json\/wp\/v2\/comments?post=30"}],"version-history":[{"count":1,"href":"https:\/\/perso.imj-prg.fr\/irene-passeron\/wp-json\/wp\/v2\/pages\/30\/revisions"}],"predecessor-version":[{"id":32,"href":"https:\/\/perso.imj-prg.fr\/irene-passeron\/wp-json\/wp\/v2\/pages\/30\/revisions\/32"}],"wp:attachment":[{"href":"https:\/\/perso.imj-prg.fr\/irene-passeron\/wp-json\/wp\/v2\/media?parent=30"}],"curies":[{"name":"wp","href":"https:\/\/api.w.org\/{rel}","templated":true}]}}