{"id":24,"date":"2021-08-24T09:35:20","date_gmt":"2021-08-24T07:35:20","guid":{"rendered":"https:\/\/perso.imj-prg.fr\/irene-passeron\/?page_id=24"},"modified":"2021-08-24T09:35:20","modified_gmt":"2021-08-24T07:35:20","slug":"recherche","status":"publish","type":"page","link":"https:\/\/perso.imj-prg.fr\/irene-passeron\/recherche\/","title":{"rendered":"Recherche"},"content":{"rendered":"\n<h3 class=\"wp-block-heading\"><strong>Responsabilit\u00e9s collectives<\/strong><\/h3>\n\n\n\n<ul class=\"wp-block-list\"><li>2000-2018&nbsp;: Coordinatrice du Groupe D&rsquo;Alembert pour l&rsquo;\u00e9dition des <em>OEuvres compl\u00e8tes<\/em> (50 vol. r\u00e9partis en 5 s\u00e9ries, 7&nbsp;vol. sortis (2002, 2006, 2007, 2008, 2009, 2011, 2015)<\/li><li>1999-2018 : Tr\u00e9sori\u00e8re de la Soci\u00e9t\u00e9 Diderot, membre du CA et du bureau, organisation des colloques de la Soci\u00e9t\u00e9, membre du comit\u00e9 de r\u00e9daction de la revue de la Soci\u00e9t\u00e9, <em>Recherches sur Diderot et sur l&rsquo;Encyclop\u00e9die<\/em>, mise en ligne sur <a href=\"http:\/\/journals.openedition.org\/rde\/\" target=\"_blank\" rel=\"noreferrer noopener\">openedition<\/a><\/li><li>2004-2018&nbsp;: Membre du CA de la Soci\u00e9t\u00e9 Fran\u00e7aise d&rsquo;Etudes du Dix-Huiti\u00e8me Si\u00e8cle, vice-pr\u00e9sidente&nbsp;2009-2012.<\/li><li>1996-2018&nbsp;: Membre du bureau du Comit\u00e9 D&rsquo;Alembert.<\/li><li>1998-2011 : Organisation de colloques au CIRM (Centre internationale de Rencontres Math\u00e9matiques, SMF, Marseille-Luminy)<\/li><li>1994-2011 : Pr\u00e9paration de l&rsquo;\u00e9dition critique des <em>OEuvres Compl\u00e8tes de D&rsquo;Alembert<\/em>, partie correspondance (en collaboration avec A.-M. Chouillet et J.-D. Candaux) et astronomie (en collaboration avec M. Chapront, Observatoire de Paris, publi\u00e9 en nov. 2002).<\/li><\/ul>\n","protected":false},"excerpt":{"rendered":"<p>Responsabilit\u00e9s collectives 2000-2018&nbsp;: Coordinatrice du Groupe D&rsquo;Alembert pour l&rsquo;\u00e9dition des OEuvres compl\u00e8tes (50 vol. r\u00e9partis en 5 s\u00e9ries, 7&nbsp;vol. sortis (2002, 2006, 2007, 2008, 2009, 2011, 2015) 1999-2018 : Tr\u00e9sori\u00e8re de la Soci\u00e9t\u00e9 Diderot, membre du CA et du bureau, organisation des colloques de la Soci\u00e9t\u00e9, membre du comit\u00e9 de r\u00e9daction de la revue de [&hellip;]<\/p>\n","protected":false},"author":1,"featured_media":0,"parent":0,"menu_order":0,"comment_status":"closed","ping_status":"closed","template":"","meta":{"footnotes":""},"class_list":["post-24","page","type-page","status-publish","hentry"],"_links":{"self":[{"href":"https:\/\/perso.imj-prg.fr\/irene-passeron\/wp-json\/wp\/v2\/pages\/24","targetHints":{"allow":["GET"]}}],"collection":[{"href":"https:\/\/perso.imj-prg.fr\/irene-passeron\/wp-json\/wp\/v2\/pages"}],"about":[{"href":"https:\/\/perso.imj-prg.fr\/irene-passeron\/wp-json\/wp\/v2\/types\/page"}],"author":[{"embeddable":true,"href":"https:\/\/perso.imj-prg.fr\/irene-passeron\/wp-json\/wp\/v2\/users\/1"}],"replies":[{"embeddable":true,"href":"https:\/\/perso.imj-prg.fr\/irene-passeron\/wp-json\/wp\/v2\/comments?post=24"}],"version-history":[{"count":1,"href":"https:\/\/perso.imj-prg.fr\/irene-passeron\/wp-json\/wp\/v2\/pages\/24\/revisions"}],"predecessor-version":[{"id":26,"href":"https:\/\/perso.imj-prg.fr\/irene-passeron\/wp-json\/wp\/v2\/pages\/24\/revisions\/26"}],"wp:attachment":[{"href":"https:\/\/perso.imj-prg.fr\/irene-passeron\/wp-json\/wp\/v2\/media?parent=24"}],"curies":[{"name":"wp","href":"https:\/\/api.w.org\/{rel}","templated":true}]}}