{"id":21,"date":"2021-08-24T09:34:47","date_gmt":"2021-08-24T07:34:47","guid":{"rendered":"https:\/\/perso.imj-prg.fr\/irene-passeron\/?page_id=21"},"modified":"2021-08-24T09:34:47","modified_gmt":"2021-08-24T07:34:47","slug":"curriculum-vitae","status":"publish","type":"page","link":"https:\/\/perso.imj-prg.fr\/irene-passeron\/curriculum-vitae\/","title":{"rendered":"Curriculum vitae"},"content":{"rendered":"\n<h3 class=\"wp-block-heading\"><strong>Fonctions<\/strong><\/h3>\n\n\n\n<p><strong>2012 &#8211; 2019&nbsp;:<\/strong> CR 1 puis DR2 CNRS rattach\u00e9e \u00e0 l&rsquo;IMJ et membre du projet \u00ab&nbsp;histoire des sciences math\u00e9matiques&nbsp;\u00bb de l&rsquo;<a href=\"http:\/\/www.imj-prg.fr\">Institut de math\u00e9matiques de Jussieu-Paris Rive Gauche<\/a> (UMR 7586 du CNRS).<br><br><strong>2007 &#8211; 2012 :<\/strong> CR 1 CNRS rattach\u00e9e au <a href=\"http:\/\/syrte.obspm.fr\/\">SYRTE<\/a> (SYst\u00e8mes de R\u00e9f\u00e9rence Temps Espace, UMR 8630)<br><br><strong>2004-2018 :<\/strong> Coordinatrice du <a href=\"http:\/\/dalembert.obspm.fr\/\">Groupe D&rsquo;Alembert<\/a> (GDR 2838 2004-2012), secr\u00e9taire du <a href=\"http:\/\/www.academie-sciences.fr\/fr\/Transmettre-les-connaissances\/le-comite-d-alembert.html\">Comit\u00e9 D&rsquo;Alembert de l&rsquo;Acad\u00e9mie des sciences<\/a> (depuis 2013).<br><br><strong>1998 &#8211; 2007 :<\/strong> CR 1 CNRS rattach\u00e9e au <a href=\"http:\/\/www.rehseis.cnrs.fr\/\">REHSEIS<\/a> (Recherches Epist\u00e9mologiques et Historiques sur les Sciences Exactes et les Institutions scientifiques, UMR 7596).<br><br><strong>1996 &#8211; 1998 :<\/strong> d\u00e9tach\u00e9e de l&rsquo;Education Nationale dans le corps des charg\u00e9s de recherche du CNRS, rattach\u00e9e au <a href=\"http:\/\/koyre.ehess.fr\/\">Centre Alexandre Koyr\u00e9<\/a> (UMR 48)<\/p>\n","protected":false},"excerpt":{"rendered":"<p>Fonctions 2012 &#8211; 2019&nbsp;: CR 1 puis DR2 CNRS rattach\u00e9e \u00e0 l&rsquo;IMJ et membre du projet \u00ab&nbsp;histoire des sciences math\u00e9matiques&nbsp;\u00bb de l&rsquo;Institut de math\u00e9matiques de Jussieu-Paris Rive Gauche (UMR 7586 du CNRS). 2007 &#8211; 2012 : CR 1 CNRS rattach\u00e9e au SYRTE (SYst\u00e8mes de R\u00e9f\u00e9rence Temps Espace, UMR 8630) 2004-2018 : Coordinatrice du Groupe D&rsquo;Alembert [&hellip;]<\/p>\n","protected":false},"author":1,"featured_media":0,"parent":0,"menu_order":0,"comment_status":"closed","ping_status":"closed","template":"","meta":{"footnotes":""},"class_list":["post-21","page","type-page","status-publish","hentry"],"_links":{"self":[{"href":"https:\/\/perso.imj-prg.fr\/irene-passeron\/wp-json\/wp\/v2\/pages\/21","targetHints":{"allow":["GET"]}}],"collection":[{"href":"https:\/\/perso.imj-prg.fr\/irene-passeron\/wp-json\/wp\/v2\/pages"}],"about":[{"href":"https:\/\/perso.imj-prg.fr\/irene-passeron\/wp-json\/wp\/v2\/types\/page"}],"author":[{"embeddable":true,"href":"https:\/\/perso.imj-prg.fr\/irene-passeron\/wp-json\/wp\/v2\/users\/1"}],"replies":[{"embeddable":true,"href":"https:\/\/perso.imj-prg.fr\/irene-passeron\/wp-json\/wp\/v2\/comments?post=21"}],"version-history":[{"count":1,"href":"https:\/\/perso.imj-prg.fr\/irene-passeron\/wp-json\/wp\/v2\/pages\/21\/revisions"}],"predecessor-version":[{"id":23,"href":"https:\/\/perso.imj-prg.fr\/irene-passeron\/wp-json\/wp\/v2\/pages\/21\/revisions\/23"}],"wp:attachment":[{"href":"https:\/\/perso.imj-prg.fr\/irene-passeron\/wp-json\/wp\/v2\/media?parent=21"}],"curies":[{"name":"wp","href":"https:\/\/api.w.org\/{rel}","templated":true}]}}