{"id":40,"date":"2021-09-09T09:47:48","date_gmt":"2021-09-09T07:47:48","guid":{"rendered":"https:\/\/perso.imj-prg.fr\/frederic-leroux\/?page_id=40"},"modified":"2022-05-23T15:15:37","modified_gmt":"2022-05-23T13:15:37","slug":"popularisation","status":"publish","type":"page","link":"https:\/\/perso.imj-prg.fr\/frederic-leroux\/popularisation\/","title":{"rendered":"Popularisation"},"content":{"rendered":"\n<hr class=\"wp-block-separator\" \/>\n\n\n\n<h2 class=\"has-text-align-center wp-block-heading\">Vid\u00e9os<\/h2>\n\n\n\n<figure class=\"wp-block-embed is-type-video is-provider-youtube wp-block-embed-youtube wp-embed-aspect-16-9 wp-has-aspect-ratio\"><div class=\"wp-block-embed__wrapper\">\nhttps:\/\/youtu.be\/4GIE0UCNI-c?list=RDCMUCvYEpQbJ81n2pjrQrKUrRog\n<\/div><\/figure>\n\n\n\n<figure class=\"wp-block-embed is-type-video is-provider-youtube wp-block-embed-youtube wp-embed-aspect-16-9 wp-has-aspect-ratio\"><div class=\"wp-block-embed__wrapper\">\nhttps:\/\/youtu.be\/Ccxd6qzqFms\n<\/div><\/figure>\n\n\n\n<hr class=\"wp-block-separator\" \/>\n\n\n\n<h2 class=\"has-text-align-center wp-block-heading\">Articles \u00e0 <a href=\"http:\/\/images.math.cnrs.fr\/\">Images des maths<\/a><br><\/h2>\n\n\n\n<ul class=\"wp-block-list\"><li><a href=\"http:\/\/images.math.cnrs.fr\/Le-lemme-des-Mariages.html\">Le lemmes des mariages<\/a>, Images des maths, 2011.<\/li><li><a href=\"http:\/\/images.math.cnrs.fr\/Le-jeu-de-Hex.html\">Le Jeu de Hex<\/a>, Images des maths, 2012.<\/li><li><a href=\"http:\/\/images.math.cnrs.fr\/Des-noeuds-dans-l-eau-seche.html\">Des noeuds dans l&rsquo;eau s\u00e8che<\/a>, Images des maths, 2013.<\/li><li>avec Patrick Massot, <a href=\"http:\/\/images.math.cnrs.fr\/Des-Noeuds-Indetordables.html\">Des noeuds ind\u00e9tordables<\/a>, Images des maths, 2015.<br><\/li><\/ul>\n\n\n\n<hr class=\"wp-block-separator\" \/>\n\n\n\n<h2 class=\"has-text-align-center wp-block-heading\"><a href=\"http:\/\/www.institut.math.jussieu.fr\/FS2013\/ralmath.html\">Rallye math\u00e9matiques<\/a> Paris VI-Paris VII (F\u00eate de la science)<\/h2>\n\n\n\n<hr class=\"wp-block-separator\" \/>\n\n\n\n<h2 class=\"has-text-align-center wp-block-heading\">Autres textes<\/h2>\n\n\n\n<ul class=\"wp-block-list\"><li><a href=\"http:\/\/www.umpa.ens-lyon.fr\/JME\/Vol1Num4\/LerouxJME4\/LerouxJME4.html\">Les math\u00e9matiques du mouvement,<\/a> Journal de maths de l&rsquo;ENS Lyon, 1998.<\/li><li><a href=\"https:\/\/perso.imj-prg.fr\/frederic-leroux\/wp-content\/uploads\/leroux-pub\/VULGARISATION\/Hex-Brouwer.pdf\">Jeu de Hex et th\u00e9or\u00e8me de Brouwer<\/a>, notes d&rsquo;un expos\u00e9 \u00e0 <a href=\"http:\/\/www.ihp.fr\/seminaire\/mathematic-park\">Mathematic Park<\/a>, avril 2011.<\/li><li>Une promenade du c\u00f4t\u00e9 de l\u2019homologie de Morse, <a href=\"https:\/\/perso.imj-prg.fr\/frederic-leroux\/wp-content\/uploads\/leroux-pub\/VULGARISATION\/beamer-Morse-Grenoble.pdf\">beamer<\/a> et <a href=\"https:\/\/perso.imj-prg.fr\/frederic-leroux\/wp-content\/uploads\/leroux-pub\/VULGARISATION\/Grenoble-Floer.pdf\">notes<\/a> d&rsquo;un expos\u00e9 \u00e0 Grenoble \u00e0 l&rsquo;invitation de l&rsquo;APMEP, mars 2015.<\/li><\/ul>\n","protected":false},"excerpt":{"rendered":"<p>Vid\u00e9os Articles \u00e0 Images des maths Le lemmes des mariages, Images des maths, 2011. Le Jeu de Hex, Images des maths, 2012. Des noeuds dans l&rsquo;eau s\u00e8che, Images des maths, 2013. avec Patrick Massot, Des noeuds ind\u00e9tordables, Images des maths, 2015. Rallye math\u00e9matiques Paris VI-Paris VII (F\u00eate de la science) Autres textes Les math\u00e9matiques du [&hellip;]<\/p>\n","protected":false},"author":1,"featured_media":0,"parent":0,"menu_order":0,"comment_status":"closed","ping_status":"closed","template":"","meta":{"footnotes":""},"class_list":["post-40","page","type-page","status-publish","hentry"],"_links":{"self":[{"href":"https:\/\/perso.imj-prg.fr\/frederic-leroux\/wp-json\/wp\/v2\/pages\/40","targetHints":{"allow":["GET"]}}],"collection":[{"href":"https:\/\/perso.imj-prg.fr\/frederic-leroux\/wp-json\/wp\/v2\/pages"}],"about":[{"href":"https:\/\/perso.imj-prg.fr\/frederic-leroux\/wp-json\/wp\/v2\/types\/page"}],"author":[{"embeddable":true,"href":"https:\/\/perso.imj-prg.fr\/frederic-leroux\/wp-json\/wp\/v2\/users\/1"}],"replies":[{"embeddable":true,"href":"https:\/\/perso.imj-prg.fr\/frederic-leroux\/wp-json\/wp\/v2\/comments?post=40"}],"version-history":[{"count":4,"href":"https:\/\/perso.imj-prg.fr\/frederic-leroux\/wp-json\/wp\/v2\/pages\/40\/revisions"}],"predecessor-version":[{"id":84,"href":"https:\/\/perso.imj-prg.fr\/frederic-leroux\/wp-json\/wp\/v2\/pages\/40\/revisions\/84"}],"wp:attachment":[{"href":"https:\/\/perso.imj-prg.fr\/frederic-leroux\/wp-json\/wp\/v2\/media?parent=40"}],"curies":[{"name":"wp","href":"https:\/\/api.w.org\/{rel}","templated":true}]}}