{"id":19,"date":"2021-09-09T09:21:31","date_gmt":"2021-09-09T07:21:31","guid":{"rendered":"https:\/\/perso.imj-prg.fr\/frederic-leroux\/?page_id=19"},"modified":"2024-04-03T14:42:26","modified_gmt":"2024-04-03T12:42:26","slug":"enseignement","status":"publish","type":"page","link":"https:\/\/perso.imj-prg.fr\/frederic-leroux\/enseignement\/","title":{"rendered":"Enseignement"},"content":{"rendered":"\n<p>L&rsquo;universit\u00e9 utilise maintenant Moodle, dont l&rsquo;acc\u00e8s est malheureusement restreint. N&rsquo;h\u00e9sitez pas \u00e0 me contacter si vous \u00eates int\u00e9ress\u00e9 par un document qui ne se trouve pas sur cette page.<\/p>\n\n\n\n<hr class=\"wp-block-separator has-alpha-channel-opacity\" \/>\n\n\n\n<h1 class=\"wp-block-heading\">2023-2024<\/h1>\n\n\n\n<hr class=\"wp-block-separator has-alpha-channel-opacity\" \/>\n\n\n\n<h2 class=\"wp-block-heading\">M2 : Hom\u00e9omorphismes du tore et graphe fin des courbes<\/h2>\n\n\n\n<ul class=\"wp-block-list\">\n<li><a href=\"https:\/\/dropsu.sorbonne-universite.fr\/s\/ywdJJmYmrGACn7d\" data-type=\"attachment\" data-id=\"237\">Poly du cours<\/a> (mise \u00e0 jour 03\/04\/24)<\/li>\n<\/ul>\n\n\n\n<h2 class=\"wp-block-heading\">M1 : TD de g\u00e9om\u00e9trie projective<\/h2>\n\n\n\n<h2 class=\"wp-block-heading\">L1 : Raisonnement Math\u00e9matique avec le logiciel D\u2203\u2200DUCTION<\/h2>\n\n\n\n<ul class=\"wp-block-list\">\n<li><a href=\"https:\/\/perso.imj-prg.fr\/frederic-leroux\/d%E2%88%83%E2%88%80duction\/\">Le logiciel<\/a><\/li>\n\n\n\n<li><a href=\"https:\/\/perso.imj-prg.fr\/frederic-leroux\/wp-content\/uploads\/sites\/55\/2024\/03\/ARE-dEAduction-fiches-2024B.pdf\" data-type=\"attachment\" data-id=\"238\">Fiches d&rsquo;activit\u00e9<\/a><\/li>\n<\/ul>\n\n\n\n<h2 class=\"wp-block-heading\">L2 : Equations diff\u00e9rentielles <\/h2>\n\n\n\n<ul class=\"wp-block-list\">\n<li>Poly du cours : voir Moodle&#8230;<\/li>\n<\/ul>\n\n\n\n<div style=\"height:100px\" aria-hidden=\"true\" class=\"wp-block-spacer\"><\/div>\n\n\n\n<hr class=\"wp-block-separator has-alpha-channel-opacity\" \/>\n\n\n\n<h1 class=\"wp-block-heading\">2022-2023<\/h1>\n\n\n\n<hr class=\"wp-block-separator has-alpha-channel-opacity\" \/>\n\n\n\n<h2 class=\"wp-block-heading\">L1 : Raisonnement Math\u00e9matique avec le logiciel D\u2203\u2200DUCTION<\/h2>\n\n\n\n<h2 class=\"wp-block-heading\">L2 : Equations Diff\u00e9rentielles (2MA236-\u00e9t\u00e9)<\/h2>\n\n\n\n<div style=\"height:100px\" aria-hidden=\"true\" class=\"wp-block-spacer\"><\/div>\n\n\n\n<hr class=\"wp-block-separator has-alpha-channel-opacity\" \/>\n\n\n\n<h1 class=\"wp-block-heading\">2021-2022<\/h1>\n\n\n\n<hr class=\"wp-block-separator has-alpha-channel-opacity\" \/>\n\n\n\n<h2 class=\"wp-block-heading\">L1 : Raisonnement Math\u00e9matique avec le logiciel D\u2203\u2200DUCTION<\/h2>\n\n\n\n<ul class=\"wp-block-list\">\n<li><a href=\"https:\/\/perso.imj-prg.fr\/frederic-leroux\/wp-content\/uploads\/sites\/55\/2022\/07\/ARE-dEAduction-fiches.pdf\">Fiches des s\u00e9ances<\/a><\/li>\n<\/ul>\n\n\n\n<h2 class=\"wp-block-heading\">L2 : Equations Diff\u00e9rentielles (2MA236-\u00e9t\u00e9)<\/h2>\n\n\n\n<ul class=\"wp-block-list\">\n<li><a href=\"https:\/\/dropsu.sorbonne-universite.fr\/s\/Ha492apKoXntnLH\">M\u00e9mo du cours<\/a><\/li>\n<\/ul>\n\n\n\n<h2 class=\"wp-block-heading\">M1 : Topologie Alg\u00e9brique (4MA059)<\/h2>\n\n\n\n<div style=\"height:100px\" aria-hidden=\"true\" class=\"wp-block-spacer\"><\/div>\n\n\n\n<hr class=\"wp-block-separator has-alpha-channel-opacity\" \/>\n\n\n\n<h1 class=\"wp-block-heading\">2019-2020<\/h1>\n\n\n\n<hr class=\"wp-block-separator has-alpha-channel-opacity\" \/>\n\n\n\n<div class=\"wp-block-group\"><div class=\"wp-block-group__inner-container is-layout-flow wp-block-group-is-layout-flow\">\n<h2 class=\"wp-block-heading\">M1 : Syst\u00e8mes dynamiques<\/h2>\n\n\n\n<ul class=\"wp-block-list\">\n<li>Le <a href=\"https:\/\/perso.imj-prg.fr\/frederic-leroux\/wp-content\/uploads\/leroux-pub\/ENSEIGNEMENT\/2019\/SD-M1g.pdf\">poly<\/a><\/li>\n<\/ul>\n\n\n\n<h2 class=\"wp-block-heading\">L3 : Topologie et calcul diff\u00e9rentiel (t\u00e9l\u00e9-enseignement)<\/h2>\n\n\n\n<ul class=\"wp-block-list\">\n<li>Le <a href=\"https:\/\/webusers.imj-prg.fr\/~frederic.le-roux\/ENSEIGNEMENT\/2019\/3M360-memoTOP-2017.pdf\">poly de topologie<\/a><\/li>\n\n\n\n<li>Le <a href=\"https:\/\/perso.imj-prg.fr\/frederic-leroux\/wp-content\/uploads\/leroux-pub\/ENSEIGNEMENT\/2019\/3M360-memoCD-2017.pdf\">poly de calcul diff\u00e9rentiel<\/a><\/li>\n<\/ul>\n<\/div><\/div>\n\n\n\n<div style=\"height:100px\" aria-hidden=\"true\" class=\"wp-block-spacer\"><\/div>\n\n\n\n<hr class=\"wp-block-separator has-alpha-channel-opacity\" \/>\n\n\n\n<h1 class=\"wp-block-heading\">2016-2017<\/h1>\n\n\n\n<hr class=\"wp-block-separator has-alpha-channel-opacity\" \/>\n\n\n\n<h2 class=\"wp-block-heading\">M2 : Syst\u00e8mes dynamiques II<\/h2>\n\n\n\n<ul class=\"wp-block-list\">\n<li>Le <a href=\"http:\/\/mathfond.math.upmc.fr\/2013-14\/fiches\/CoursSysDyn%282013-2014%29.pdf\">poly de Patrice Le calvez<\/a> de Syst\u00e8mes Dynamiques II, contenant l&rsquo;essentiel du cours (hyperbolicit\u00e9, partitions de Markov, sous-d\u00e9calage de type fini)<\/li>\n\n\n\n<li>Le <a href=\"http:\/\/mathfond.math.upmc.fr\/2014-15\/fiches\/CoursSysDyn%282014-2015%29.pdf\">poly de Patrice Le calvez<\/a> de Syst\u00e8mes Dynamiques I, contenant la partie sur les nombres de rotation dans le cercle<br><\/li>\n\n\n\n<li>Des <a href=\"https:\/\/www.math.univ-paris13.fr\/%7Ebeguin\/Publications_files\/cours-2.pdf\">notes de cours<\/a> de Fran\u00e7ois B\u00e9guin, qui contiennent tout ce qui concerne l&rsquo;ensemble de rotation en dimension sup\u00e9rieure<\/li>\n\n\n\n<li>La <a href=\"https:\/\/perso.imj-prg.fr\/frederic-leroux\/wp-content\/uploads\/leroux-pub\/ENSEIGNEMENT\/M2\/Expose%CC%81s.pdf\">liste des expos\u00e9s<\/a> propos\u00e9s<br><\/li>\n<\/ul>\n\n\n\n<h2 class=\"wp-block-heading\">L2 : Analyse vectorielle et int\u00e9grales multiples (2M256)<\/h2>\n\n\n\n<ul class=\"wp-block-list\">\n<li>Tout \u00e9tait sur <a href=\"http:\/\/australe.upmc.fr\/portal\">Sakai<\/a><br><\/li>\n<\/ul>\n\n\n\n<h2 class=\"wp-block-heading\">L3 : Topologie et calcul diff\u00e9rentiel (t\u00e9l\u00e9-enseignement)<\/h2>\n\n\n\n<ul class=\"wp-block-list\">\n<li>Tout est sur Sakai&#8230;<\/li>\n<\/ul>\n\n\n\n<div style=\"height:100px\" aria-hidden=\"true\" class=\"wp-block-spacer\"><\/div>\n\n\n\n<hr class=\"wp-block-separator has-alpha-channel-opacity\" \/>\n\n\n\n<h1 class=\"wp-block-heading\">2015-2016<\/h1>\n\n\n\n<hr class=\"wp-block-separator has-alpha-channel-opacity\" \/>\n\n\n\n<h2 class=\"wp-block-heading\">L2 : Analyse vectorielle et int\u00e9grales multiples<\/h2>\n\n\n\n<ul class=\"wp-block-list\">\n<li>Le <a href=\"https:\/\/perso.imj-prg.fr\/frederic-leroux\/wp-content\/uploads\/leroux-pub\/ENSEIGNEMENT\/2M256\/2M256-polycopie-Cours-DINH.pdf\">poly des ann\u00e9es pr\u00e9c\u00e9dentes<\/a><br><\/li>\n\n\n\n<li>Le nouveau poly est&nbsp; <a href=\"http:\/\/webusers.imj-prg.fr\/%7Efrederic.paugam\/parts-fr\/enseignement-actuel.html\">ici<\/a> (version provisoire)<br><\/li>\n\n\n\n<li>Les feuilles d&rsquo;exercices :\n<ul class=\"wp-block-list\">\n<li>(1) <a href=\"https:\/\/perso.imj-prg.fr\/frederic-leroux\/wp-content\/uploads\/leroux-pub\/ENSEIGNEMENT\/2M256\/LM256-Analyse-vectorielle-integrales-multiples-TD1b.pdf\">Fonctions d&rsquo;une variable<\/a><\/li>\n\n\n\n<li>(2) <a href=\"https:\/\/webusers.imj-prg.fr\/~frederic.le-roux\/ENSEIGNEMENT\/2M256\/LM256-Analyse-vectorielle-integrales-multiples-TD2.pdf\">Fonctions de deux variables<\/a><\/li>\n\n\n\n<li>(3) <a href=\"https:\/\/perso.imj-prg.fr\/frederic-leroux\/wp-content\/uploads\/leroux-pub\/ENSEIGNEMENT\/2M256\/LM256-Analyse-vectorielle-integrales-multiples-TD3.pdf\">Int\u00e9grales multiples<\/a><\/li>\n\n\n\n<li>(4) <a href=\"https:\/\/perso.imj-prg.fr\/frederic-leroux\/wp-content\/uploads\/leroux-pub\/ENSEIGNEMENT\/2M256\/LM256-Analyse-vectorielle-integrales-multiples-TD4.pdf\">Champs de vecteurs et formes diff\u00e9rentielles<\/a><\/li>\n\n\n\n<li>(5) <a href=\"https:\/\/perso.imj-prg.fr\/frederic-leroux\/wp-content\/uploads\/leroux-pub\/ENSEIGNEMENT\/2M256\/LM256-Analyse-vectorielle-integrales-multiples-TD5b.pdf\">Int\u00e9gration des formes diff\u00e9rentielles et th\u00e9or\u00e8me de Stokes<\/a><br><\/li>\n<\/ul>\n<\/li>\n<\/ul>\n\n\n\n<h2 class=\"wp-block-heading\">L3 : Topologie et calcul diff\u00e9rentiel<\/h2>\n\n\n\n<ul class=\"wp-block-list\">\n<li>Le poly du cours, partie <strong>topologie<\/strong> :<br><\/li>\n<\/ul>\n\n\n\n<ul class=\"wp-block-list\">\n<li><a href=\"https:\/\/perso.imj-prg.fr\/frederic-leroux\/wp-content\/uploads\/leroux-pub\/ENSEIGNEMENT\/LM360\/3M260-memoTOP-2015%20-%20ecran.pdf\">version couleur<\/a> pour la lecture sur \u00e9cran (mise \u00e0 jour 8\/09\/2015),&nbsp;<\/li>\n\n\n\n<li><a href=\"https:\/\/perso.imj-prg.fr\/frederic-leroux\/wp-content\/uploads\/leroux-pub\/ENSEIGNEMENT\/LM360\/3M260-memoTOP-2015b-tirage.pdf\">version noir et bleue<\/a> pour l&rsquo;impression.<\/li>\n\n\n\n<li>Le poly du cours, partie <strong>calcul diff\u00e9rentiel<\/strong> :<br><\/li>\n<\/ul>\n\n\n\n<ul class=\"wp-block-list\">\n<li><a href=\"https:\/\/perso.imj-prg.fr\/frederic-leroux\/wp-content\/uploads\/leroux-pub\/ENSEIGNEMENT\/LM360\/LM360-memoCD-2015a-ecran.pdf\">version couleur<\/a> pour la lecture sur \u00e9cran (mise \u00e0 jour 16\/09\/2015),&nbsp;<\/li>\n\n\n\n<li><a href=\"https:\/\/perso.imj-prg.fr\/frederic-leroux\/wp-content\/uploads\/leroux-pub\/ENSEIGNEMENT\/LM360\/LM360-memoCD-2015a-tirage.pdf\">version noir et bleue<\/a> pour l&rsquo;impression.<\/li>\n<\/ul>\n\n\n\n<ul class=\"wp-block-list\">\n<li>Les feuilles d&rsquo;exercices, <a href=\"https:\/\/perso.imj-prg.fr\/frederic-leroux\/wp-content\/uploads\/leroux-pub\/ENSEIGNEMENT\/LM360\/3M260-exercices%202015-tirage.pdf\">partie 1<\/a>.<br><\/li>\n\n\n\n<li><a href=\"https:\/\/webusers.imj-prg.fr\/~frederic.le-roux\/enseignement-annees-passees.html\">Documents des ann\u00e9es pass\u00e9es<\/a>, notamment des liens vers des textes de vulgarisation ou pour aller plus loin.<\/li>\n\n\n\n<li><a href=\"https:\/\/perso.imj-prg.fr\/frederic-leroux\/wp-content\/uploads\/leroux-pub\/ENSEIGNEMENT\/LM360\/TIL-video\/TIL.html\">Animations<\/a> illustrant le th\u00e9or\u00e8me d&rsquo;inversion locale<\/li>\n\n\n\n<li>Evaluation : un examen sur 75 points, le controle continu sur 25 points attibu\u00e9s par l&rsquo;enseignant de TD. La note finale sur 100 est<\/li>\n<\/ul>\n\n\n\n<p>Max(examen+partiel, examen fois 100\/75)<br><br>(autrement dit le controle continu ne compte que si la note est meilleure que la note d&rsquo;examen).<\/p>\n\n\n\n<ul class=\"wp-block-list\">\n<li>Le <a href=\"https:\/\/perso.imj-prg.fr\/frederic-leroux\/wp-content\/uploads\/leroux-pub\/ENSEIGNEMENT\/LM360\/3M260-exam2015.pdf\">sujet d&rsquo;examen<\/a><br><\/li>\n\n\n\n<li>Le <a href=\"https:\/\/perso.imj-prg.fr\/frederic-leroux\/wp-content\/uploads\/leroux-pub\/ENSEIGNEMENT\/LM360\/2016-exam-S2.pdf\">sujet d&rsquo;examen de deuxi\u00e8me session<\/a>, et son <a href=\"https:\/\/perso.imj-prg.fr\/frederic-leroux\/wp-content\/uploads\/leroux-pub\/ENSEIGNEMENT\/LM360\/2016-exam-S2%20-%20corrige.pdf\">corrig\u00e9<\/a>.<br><\/li>\n<\/ul>\n\n\n\n<p><strong><br>Le S\u00e9minaire <a href=\"http:\/\/aromaths.wordpress.com\/\">AROMATHS<\/a><\/strong><\/p>\n\n\n\n<hr class=\"wp-block-separator has-css-opacity\" \/>\n\n\n\n<h1 class=\"wp-block-heading\">Documents des ann\u00e9es pr\u00e9c\u00e9dentes<\/h1>\n\n\n\n<p>C&rsquo;est <a href=\"https:\/\/perso.imj-prg.fr\/frederic-leroux\/enseignements-des-annees-precedentes\/\">ici<\/a>.<\/p>\n","protected":false},"excerpt":{"rendered":"<p>L&rsquo;universit\u00e9 utilise maintenant Moodle, dont l&rsquo;acc\u00e8s est malheureusement restreint. N&rsquo;h\u00e9sitez pas \u00e0 me contacter si vous \u00eates int\u00e9ress\u00e9 par un document qui ne se trouve pas sur cette page. 2023-2024 M2 : Hom\u00e9omorphismes du tore et graphe fin des courbes M1 : TD de g\u00e9om\u00e9trie projective L1 : Raisonnement Math\u00e9matique avec le logiciel D\u2203\u2200DUCTION L2 [&hellip;]<\/p>\n","protected":false},"author":1,"featured_media":0,"parent":0,"menu_order":0,"comment_status":"closed","ping_status":"closed","template":"","meta":{"footnotes":""},"class_list":["post-19","page","type-page","status-publish","hentry"],"_links":{"self":[{"href":"https:\/\/perso.imj-prg.fr\/frederic-leroux\/wp-json\/wp\/v2\/pages\/19","targetHints":{"allow":["GET"]}}],"collection":[{"href":"https:\/\/perso.imj-prg.fr\/frederic-leroux\/wp-json\/wp\/v2\/pages"}],"about":[{"href":"https:\/\/perso.imj-prg.fr\/frederic-leroux\/wp-json\/wp\/v2\/types\/page"}],"author":[{"embeddable":true,"href":"https:\/\/perso.imj-prg.fr\/frederic-leroux\/wp-json\/wp\/v2\/users\/1"}],"replies":[{"embeddable":true,"href":"https:\/\/perso.imj-prg.fr\/frederic-leroux\/wp-json\/wp\/v2\/comments?post=19"}],"version-history":[{"count":15,"href":"https:\/\/perso.imj-prg.fr\/frederic-leroux\/wp-json\/wp\/v2\/pages\/19\/revisions"}],"predecessor-version":[{"id":260,"href":"https:\/\/perso.imj-prg.fr\/frederic-leroux\/wp-json\/wp\/v2\/pages\/19\/revisions\/260"}],"wp:attachment":[{"href":"https:\/\/perso.imj-prg.fr\/frederic-leroux\/wp-json\/wp\/v2\/media?parent=19"}],"curies":[{"name":"wp","href":"https:\/\/api.w.org\/{rel}","templated":true}]}}