{"id":150,"date":"2026-02-04T00:02:33","date_gmt":"2026-02-03T23:02:33","guid":{"rendered":"https:\/\/perso.imj-prg.fr\/francois-gatine\/?page_id=150"},"modified":"2026-04-05T10:21:26","modified_gmt":"2026-04-05T08:21:26","slug":"notes","status":"publish","type":"page","link":"https:\/\/perso.imj-prg.fr\/francois-gatine\/notes\/","title":{"rendered":"Notes"},"content":{"rendered":"\n<ul class=\"wp-block-list\">\n<li>Short notes\n<ul class=\"wp-block-list\">\n<li><a href=\"https:\/\/perso.imj-prg.fr\/francois-gatine\/wp-content\/uploads\/sites\/89\/2026\/02\/Relative-de-Rham.pdf\">The relative de Rham theorem<\/a><\/li>\n\n\n\n<li><a href=\"https:\/\/perso.imj-prg.fr\/francois-gatine\/wp-content\/uploads\/sites\/89\/2026\/02\/Acyclicity-rep.pdf\">An algebraic proof of Humbert&rsquo;s conjecture<\/a><\/li>\n\n\n\n<li><a href=\"https:\/\/perso.imj-prg.fr\/francois-gatine\/wp-content\/uploads\/sites\/89\/2026\/03\/Trivializing-the-G-action-and-the-bundle.pdf\">Trivializing the G-action and the vector bundle simultaneously<\/a><\/li>\n\n\n\n<li><a href=\"https:\/\/perso.imj-prg.fr\/francois-gatine\/wp-content\/uploads\/sites\/89\/2026\/03\/computing-a-Galois-closure.pdf\">Computing a Galois closure via branched covers of curves<\/a><\/li>\n\n\n\n<li><a href=\"https:\/\/perso.imj-prg.fr\/francois-gatine\/wp-content\/uploads\/sites\/89\/2026\/04\/Distinct-G-sets-with-isomorphic-G-modules.pdf\">Distinct G-sets inducing isomorphic G-module<\/a><\/li>\n<\/ul>\n<\/li>\n\n\n\n<li>Expository notes\n<ul class=\"wp-block-list\">\n<li><a href=\"https:\/\/perso.imj-prg.fr\/francois-gatine\/wp-content\/uploads\/sites\/89\/2026\/04\/Moduli-space-of-abelian-varieties.pdf\">Espaces de modules des vari\u00e9t\u00e9s ab\u00e9liennes complexes<\/a> (unfinished)<\/li>\n\n\n\n<li><a href=\"https:\/\/perso.imj-prg.fr\/francois-gatine\/wp-content\/uploads\/sites\/89\/2026\/04\/Heights.pdf\">An introduction to heights in diophantine geometry<\/a><\/li>\n<\/ul>\n<\/li>\n<\/ul>\n\n\n\n<p><\/p>\n","protected":false},"excerpt":{"rendered":"","protected":false},"author":122,"featured_media":0,"parent":0,"menu_order":0,"comment_status":"closed","ping_status":"closed","template":"","meta":{"footnotes":""},"class_list":["post-150","page","type-page","status-publish","hentry"],"_links":{"self":[{"href":"https:\/\/perso.imj-prg.fr\/francois-gatine\/wp-json\/wp\/v2\/pages\/150","targetHints":{"allow":["GET"]}}],"collection":[{"href":"https:\/\/perso.imj-prg.fr\/francois-gatine\/wp-json\/wp\/v2\/pages"}],"about":[{"href":"https:\/\/perso.imj-prg.fr\/francois-gatine\/wp-json\/wp\/v2\/types\/page"}],"author":[{"embeddable":true,"href":"https:\/\/perso.imj-prg.fr\/francois-gatine\/wp-json\/wp\/v2\/users\/122"}],"replies":[{"embeddable":true,"href":"https:\/\/perso.imj-prg.fr\/francois-gatine\/wp-json\/wp\/v2\/comments?post=150"}],"version-history":[{"count":9,"href":"https:\/\/perso.imj-prg.fr\/francois-gatine\/wp-json\/wp\/v2\/pages\/150\/revisions"}],"predecessor-version":[{"id":214,"href":"https:\/\/perso.imj-prg.fr\/francois-gatine\/wp-json\/wp\/v2\/pages\/150\/revisions\/214"}],"wp:attachment":[{"href":"https:\/\/perso.imj-prg.fr\/francois-gatine\/wp-json\/wp\/v2\/media?parent=150"}],"curies":[{"name":"wp","href":"https:\/\/api.w.org\/{rel}","templated":true}]}}