{"id":43,"date":"2025-05-11T09:31:26","date_gmt":"2025-05-11T07:31:26","guid":{"rendered":"https:\/\/perso.imj-prg.fr\/emmanuel-ferrand\/?page_id=43"},"modified":"2025-05-16T11:58:57","modified_gmt":"2025-05-16T09:58:57","slug":"mathematiques-impliquees","status":"publish","type":"page","link":"https:\/\/perso.imj-prg.fr\/emmanuel-ferrand\/mathematiques-impliquees\/","title":{"rendered":"Math\u00e9matiques impliqu\u00e9es"},"content":{"rendered":"\n<p><strong>Remarque historique :<\/strong> Cette terminologie \u00ab\u00a0math\u00e9matiques impliqu\u00e9es\u00a0\u00bb provient du livre \u00ab\u00a0La gratuit\u00e9 ne vaut plus rien\u00a0\u00bb, par Denis Guedj (1997), qui l&rsquo;utilise pour d\u00e9passer les traditionnelles distinctions \u00ab\u00a0maths pures\u00a0\u00bb \/ \u00ab\u00a0maths applis\u00a0\u00bb, \u00ab\u00a0sciences dures\u00a0\u00bb \/ \u00ab\u00a0sciences humaines\u00a0\u00bb, arbitraires et empreintes &#8211; selon lui &#8211; d&rsquo;une certaine violence. Denis Guedj d\u00e9fendait l&rsquo;id\u00e9e que la pratique et la culture math\u00e9matique peuvent \u00eatre, au del\u00e0 des applications directes et en dehors de l&rsquo;univers purement math\u00e9matique, un outil original d&rsquo;\u00e9mancipation et de rapport au monde et aux autres. \u00ab\u00a0Quelles formes d\u2019intelligence sont a l\u2019oeuvre dans les math\u00e9matiques qui pourraient furtivement nous rendre plus sensibles aux choses de ce monde ? \u00ab\u00a0<\/p>\n\n\n\n<p><a href=\"https:\/\/dropsu.sorbonne-universite.fr\/s\/8jw8LN3pe76qoP8\">Vous avez dit \u00ab\u00a0syst\u00e9mique\u00a0\u00bb ?<\/a> (voir aussi <a href=\"https:\/\/dropsu.sorbonne-universite.fr\/s\/q583BQNrNwRQWyE\">ici<\/a>)<\/p>\n\n\n\n<p><a href=\"https:\/\/dropsu.sorbonne-universite.fr\/s\/CrmGse6eAWHDzrq\">Formation syst\u00e9mique \/ ressource \/ environnement  IGPDE Juin 2024<\/a><\/p>\n\n\n\n<p><a href=\"https:\/\/dropsu.sorbonne-universite.fr\/s\/CNX9SFYKxopNCky\">Master Strategy and Design for anthropocene.<\/a><\/p>\n\n\n\n<p><a href=\"https:\/\/dropsu.sorbonne-universite.fr\/s\/7LTC9SxiyEn2Hp2\">De quoi la mod\u00e9lisation est-elle le nom ?<\/a> <\/p>\n\n\n\n<p><a href=\"https:\/\/dropsu.sorbonne-universite.fr\/s\/Em2iFY3r4yzot3o\">The engineering mindset.<\/a><\/p>\n\n\n\n<p><a href=\"https:\/\/dropsu.sorbonne-universite.fr\/s\/TQjJiPfJyFnjNL7\">Ce qui \u00e9chappe aux math\u00e9matiques (CNAM, 2024). <\/a><\/p>\n\n\n\n<p><a href=\"https:\/\/dropsu.sorbonne-universite.fr\/s\/ApG27gBrngZsb8W\">Autour de Yi Sang (Seoul 1910 &#8211; Tokyo 1937).<\/a><\/p>\n\n\n\n<p><a href=\"https:\/\/dropsu.sorbonne-universite.fr\/s\/t3eQpRa5eqeJ7RX\">Maths dans la nature (2023). <\/a><\/p>\n\n\n\n<p><a href=\"https:\/\/dropsu.sorbonne-universite.fr\/s\/DefxRfRkNimFAPB\">Centenaire Ren\u00e9 Thom. <\/a><\/p>\n\n\n\n<p><a href=\"https:\/\/dropsu.sorbonne-universite.fr\/s\/nQdpciTSrgFrENL\">Math\u00e9matiques pour tous (Lancelot Hogben, 1937).<\/a> <\/p>\n\n\n\n<p>Un \u00e9pisode de la s\u00e9rie du g\u00e9nial <a href=\"http:\/\/www.dvanw.com\/\">Denis van Waerebeke<\/a>, pour lequel j&rsquo;ai contribu\u00e9 au sc\u00e9nario :<\/p>\n\n\n\n<figure class=\"wp-block-embed is-type-video is-provider-youtube wp-block-embed-youtube wp-embed-aspect-16-9 wp-has-aspect-ratio\"><div class=\"wp-block-embed__wrapper\">\n<iframe loading=\"lazy\" title=\"Le jeu de la vie | Voyages au pays des maths | ARTE\" width=\"500\" height=\"281\" src=\"https:\/\/www.youtube.com\/embed\/gKgAaZ7a5Bs?feature=oembed\" frameborder=\"0\" allow=\"accelerometer; autoplay; clipboard-write; encrypted-media; gyroscope; picture-in-picture; web-share\" referrerpolicy=\"strict-origin-when-cross-origin\" allowfullscreen><\/iframe>\n<\/div><\/figure>\n\n\n\n<figure class=\"wp-block-image size-large\"><img loading=\"lazy\" decoding=\"async\" width=\"1024\" height=\"575\" src=\"https:\/\/perso.imj-prg.fr\/emmanuel-ferrand\/wp-content\/uploads\/sites\/90\/2025\/05\/ico-1024x575.jpg\" alt=\"\" class=\"wp-image-50\" srcset=\"https:\/\/perso.imj-prg.fr\/emmanuel-ferrand\/wp-content\/uploads\/sites\/90\/2025\/05\/ico-1024x575.jpg 1024w, https:\/\/perso.imj-prg.fr\/emmanuel-ferrand\/wp-content\/uploads\/sites\/90\/2025\/05\/ico-300x168.jpg 300w, https:\/\/perso.imj-prg.fr\/emmanuel-ferrand\/wp-content\/uploads\/sites\/90\/2025\/05\/ico-768x431.jpg 768w, https:\/\/perso.imj-prg.fr\/emmanuel-ferrand\/wp-content\/uploads\/sites\/90\/2025\/05\/ico.jpg 1040w\" sizes=\"auto, (max-width: 1024px) 100vw, 1024px\" \/><\/figure>\n","protected":false},"excerpt":{"rendered":"<p>Remarque historique : Cette terminologie \u00ab\u00a0math\u00e9matiques impliqu\u00e9es\u00a0\u00bb provient du livre \u00ab\u00a0La gratuit\u00e9 ne vaut plus rien\u00a0\u00bb, par Denis Guedj (1997), qui l&rsquo;utilise pour d\u00e9passer les traditionnelles distinctions \u00ab\u00a0maths pures\u00a0\u00bb \/ \u00ab\u00a0maths applis\u00a0\u00bb, \u00ab\u00a0sciences dures\u00a0\u00bb \/ \u00ab\u00a0sciences humaines\u00a0\u00bb, arbitraires et empreintes &#8211; selon lui &#8211; d&rsquo;une certaine violence. Denis Guedj d\u00e9fendait l&rsquo;id\u00e9e que la pratique et [&hellip;]<\/p>\n","protected":false},"author":131,"featured_media":0,"parent":0,"menu_order":0,"comment_status":"closed","ping_status":"closed","template":"","meta":{"footnotes":""},"class_list":["post-43","page","type-page","status-publish","hentry"],"_links":{"self":[{"href":"https:\/\/perso.imj-prg.fr\/emmanuel-ferrand\/wp-json\/wp\/v2\/pages\/43","targetHints":{"allow":["GET"]}}],"collection":[{"href":"https:\/\/perso.imj-prg.fr\/emmanuel-ferrand\/wp-json\/wp\/v2\/pages"}],"about":[{"href":"https:\/\/perso.imj-prg.fr\/emmanuel-ferrand\/wp-json\/wp\/v2\/types\/page"}],"author":[{"embeddable":true,"href":"https:\/\/perso.imj-prg.fr\/emmanuel-ferrand\/wp-json\/wp\/v2\/users\/131"}],"replies":[{"embeddable":true,"href":"https:\/\/perso.imj-prg.fr\/emmanuel-ferrand\/wp-json\/wp\/v2\/comments?post=43"}],"version-history":[{"count":21,"href":"https:\/\/perso.imj-prg.fr\/emmanuel-ferrand\/wp-json\/wp\/v2\/pages\/43\/revisions"}],"predecessor-version":[{"id":74,"href":"https:\/\/perso.imj-prg.fr\/emmanuel-ferrand\/wp-json\/wp\/v2\/pages\/43\/revisions\/74"}],"wp:attachment":[{"href":"https:\/\/perso.imj-prg.fr\/emmanuel-ferrand\/wp-json\/wp\/v2\/media?parent=43"}],"curies":[{"name":"wp","href":"https:\/\/api.w.org\/{rel}","templated":true}]}}