{"id":17,"date":"2025-04-30T15:18:11","date_gmt":"2025-04-30T13:18:11","guid":{"rendered":"https:\/\/perso.imj-prg.fr\/emmanuel-ferrand\/?page_id=17"},"modified":"2025-04-30T16:54:06","modified_gmt":"2025-04-30T14:54:06","slug":"enseignement","status":"publish","type":"page","link":"https:\/\/perso.imj-prg.fr\/emmanuel-ferrand\/enseignement\/","title":{"rendered":"Enseignement."},"content":{"rendered":"\n<ul class=\"wp-block-list\">\n<li><a href=\"https:\/\/moodle-sciences-24.sorbonne-universite.fr\/course\/view.php?id=1803\">M1 MEEF g\u00e9om\u00e9trie.<\/a><\/li>\n\n\n\n<li><a href=\"https:\/\/moodle-sciences-24.sorbonne-universite.fr\/course\/view.php?id=2605\">M2 MEEF pr\u00e9paration \u00e0 l&rsquo;\u00e9crit 1 : \u00ab\u00a0r\u00e9diger des math\u00e9matiques\u00a0\u00bb.<\/a><\/li>\n\n\n\n<li><a href=\"https:\/\/moodle-sciences-24.sorbonne-universite.fr\/course\/view.php?id=139\">L2 Mineure \u00ab\u00a0professorat des \u00e9coles\u00a0\u00bb<\/a>.<\/li>\n\n\n\n<li>L2 Philosophie (Paris-1), option math\u00e9matique<\/li>\n\n\n\n<li><a href=\"https:\/\/moodle-sciences-24.sorbonne-universite.fr\/course\/view.php?id=1007\">Polytech MAIN : projets de mod\u00e9lisation pluridsciplinaires.<\/a> <\/li>\n\n\n\n<li><a href=\"https:\/\/moodle-sciences-24.sorbonne-universite.fr\/course\/view.php?id=839\">Polytech : Alg\u00e8bre et g\u00e9om\u00e9trie pour le G\u00e9nie M\u00e9canique.<\/a><\/li>\n<\/ul>\n\n\n\n<h2 class=\"wp-block-heading\">Ressources diverses.<\/h2>\n\n\n\n<ul class=\"wp-block-list\">\n<li><a href=\"https:\/\/dropsu.sorbonne-universite.fr\/s\/nQdpciTSrgFrENL\">Les math\u00e9matiques pour tous, L. Hogben, 1937.<\/a>  <\/li>\n<\/ul>\n\n\n\n<p><\/p>\n","protected":false},"excerpt":{"rendered":"<p>Ressources diverses.<\/p>\n","protected":false},"author":131,"featured_media":0,"parent":0,"menu_order":0,"comment_status":"closed","ping_status":"closed","template":"","meta":{"footnotes":""},"class_list":["post-17","page","type-page","status-publish","hentry"],"_links":{"self":[{"href":"https:\/\/perso.imj-prg.fr\/emmanuel-ferrand\/wp-json\/wp\/v2\/pages\/17","targetHints":{"allow":["GET"]}}],"collection":[{"href":"https:\/\/perso.imj-prg.fr\/emmanuel-ferrand\/wp-json\/wp\/v2\/pages"}],"about":[{"href":"https:\/\/perso.imj-prg.fr\/emmanuel-ferrand\/wp-json\/wp\/v2\/types\/page"}],"author":[{"embeddable":true,"href":"https:\/\/perso.imj-prg.fr\/emmanuel-ferrand\/wp-json\/wp\/v2\/users\/131"}],"replies":[{"embeddable":true,"href":"https:\/\/perso.imj-prg.fr\/emmanuel-ferrand\/wp-json\/wp\/v2\/comments?post=17"}],"version-history":[{"count":3,"href":"https:\/\/perso.imj-prg.fr\/emmanuel-ferrand\/wp-json\/wp\/v2\/pages\/17\/revisions"}],"predecessor-version":[{"id":25,"href":"https:\/\/perso.imj-prg.fr\/emmanuel-ferrand\/wp-json\/wp\/v2\/pages\/17\/revisions\/25"}],"wp:attachment":[{"href":"https:\/\/perso.imj-prg.fr\/emmanuel-ferrand\/wp-json\/wp\/v2\/media?parent=17"}],"curies":[{"name":"wp","href":"https:\/\/api.w.org\/{rel}","templated":true}]}}