{"id":35,"date":"2022-05-27T08:41:36","date_gmt":"2022-05-27T06:41:36","guid":{"rendered":"https:\/\/perso.imj-prg.fr\/danielle-gondard\/?page_id=35"},"modified":"2022-06-06T16:16:53","modified_gmt":"2022-06-06T14:16:53","slug":"textes","status":"publish","type":"page","link":"https:\/\/perso.imj-prg.fr\/danielle-gondard\/textes\/","title":{"rendered":"Textes"},"content":{"rendered":"\n<p>\/Valuation fans and admissible P-structures<\/p>\n\n\n\n<p><a href=\"https:\/\/perso.imj-prg.fr\/danielle-gondard\/wp-content\/uploads\/sites\/69\/2022\/06\/Space-of-valuation-fans.pdf\">https:\/\/perso.imj-prg.fr\/danielle-gondard\/wp-content\/uploads\/sites\/69\/2022\/06\/Space-of-valuation-fans.pdf<\/a><\/p>\n\n\n\n<p><\/p>\n\n\n\n<p>\/Nombre de composantes connexes des vari\u00e9t\u00e9s r\u00e9elles<\/p>\n\n\n\n<p><a href=\"https:\/\/perso.imj-prg.fr\/danielle-gondard\/wp-content\/uploads\/sites\/69\/2022\/06\/nbcompconnexes.pdf\">https:\/\/perso.imj-prg.fr\/danielle-gondard\/wp-content\/uploads\/sites\/69\/2022\/06\/nbcompconnexes.pdf<\/a><\/p>\n","protected":false},"excerpt":{"rendered":"<p>\/Valuation fans and admissible P-structures https:\/\/perso.imj-prg.fr\/danielle-gondard\/wp-content\/uploads\/sites\/69\/2022\/06\/Space-of-valuation-fans.pdf \/Nombre de composantes connexes des vari\u00e9t\u00e9s r\u00e9elles https:\/\/perso.imj-prg.fr\/danielle-gondard\/wp-content\/uploads\/sites\/69\/2022\/06\/nbcompconnexes.pdf<\/p>\n","protected":false},"author":1,"featured_media":0,"parent":0,"menu_order":0,"comment_status":"closed","ping_status":"closed","template":"","meta":{"footnotes":""},"class_list":["post-35","page","type-page","status-publish","hentry"],"_links":{"self":[{"href":"https:\/\/perso.imj-prg.fr\/danielle-gondard\/wp-json\/wp\/v2\/pages\/35","targetHints":{"allow":["GET"]}}],"collection":[{"href":"https:\/\/perso.imj-prg.fr\/danielle-gondard\/wp-json\/wp\/v2\/pages"}],"about":[{"href":"https:\/\/perso.imj-prg.fr\/danielle-gondard\/wp-json\/wp\/v2\/types\/page"}],"author":[{"embeddable":true,"href":"https:\/\/perso.imj-prg.fr\/danielle-gondard\/wp-json\/wp\/v2\/users\/1"}],"replies":[{"embeddable":true,"href":"https:\/\/perso.imj-prg.fr\/danielle-gondard\/wp-json\/wp\/v2\/comments?post=35"}],"version-history":[{"count":4,"href":"https:\/\/perso.imj-prg.fr\/danielle-gondard\/wp-json\/wp\/v2\/pages\/35\/revisions"}],"predecessor-version":[{"id":113,"href":"https:\/\/perso.imj-prg.fr\/danielle-gondard\/wp-json\/wp\/v2\/pages\/35\/revisions\/113"}],"wp:attachment":[{"href":"https:\/\/perso.imj-prg.fr\/danielle-gondard\/wp-json\/wp\/v2\/media?parent=35"}],"curies":[{"name":"wp","href":"https:\/\/api.w.org\/{rel}","templated":true}]}}