{"id":21,"date":"2026-01-05T17:47:52","date_gmt":"2026-01-05T16:47:52","guid":{"rendered":"https:\/\/perso.imj-prg.fr\/cyril-imbert\/?page_id=21"},"modified":"2026-02-10T21:51:15","modified_gmt":"2026-02-10T20:51:15","slug":"curiculum-vitae","status":"publish","type":"page","link":"https:\/\/perso.imj-prg.fr\/cyril-imbert\/curiculum-vitae\/","title":{"rendered":"Curiculum Vitae"},"content":{"rendered":"\n<p>Version \u00e9lectronique la plus r\u00e9cente (d\u00e9cembre 2025) :&nbsp;<a href=\"https:\/\/perso.imj-prg.fr\/cyril-imbert\/wp-content\/uploads\/sites\/93\/2026\/01\/cv.pdf\" target=\"_blank\" rel=\"noreferrer noopener\">ici<\/a>.<\/p>\n\n\n\n<h3 class=\"wp-block-heading\">Fonction<\/h3>\n\n\n\n<ul class=\"wp-block-list\">\n<li>Directeur de recherche (DRCE CNRS)<\/li>\n<\/ul>\n\n\n\n<h3 class=\"wp-block-heading\">Responsabilit\u00e9s r\u00e9centes<\/h3>\n\n\n\n<ul class=\"wp-block-list\">\n<li>Directeur du&nbsp;<a href=\"https:\/\/www.math.ens.psl.eu\/\" target=\"_blank\" rel=\"noreferrer noopener\">D\u00e9partement de math\u00e9matiques et applications<\/a>&nbsp;(2022-2025)<\/li>\n\n\n\n<li>\u00c9lu au conseil d\u2019administration de l\u2019universit\u00e9 PSL (2020-2022)<\/li>\n\n\n\n<li>Directeur adjoint du&nbsp;<a href=\"https:\/\/www.math.ens.psl.eu\/\" target=\"_blank\" rel=\"noreferrer noopener\">D\u00e9partement de math\u00e9matiques et applications<\/a>&nbsp;(2019-2021)<\/li>\n\n\n\n<li>Vice-pr\u00e9sident de la&nbsp;<a href=\"https:\/\/smf.emath.fr\/\">Soci\u00e9t\u00e9 math\u00e9matique de France<\/a>&nbsp;(2015-2017)<\/li>\n\n\n\n<li>\u00c9lu au Conseil scientifique d\u2019institut (CSI) de l\u2019<a href=\"http:\/\/www.cnrs.fr\/insmi\/\">Institut de math<\/a>&nbsp;(Insmi) du CNRS (2014-2018)<\/li>\n\n\n\n<li>Responsable de l\u2019\u00e9quipe d\u2019analyse (DMA \u2013 ENS) (2016-2018)<\/li>\n\n\n\n<li>Co-organisateur du groupe de travail<em>&nbsp;Analyse non-lin\u00e9air<\/em>e entre l\u2019\u00c9NS, Paris 6 et Paris 7<\/li>\n\n\n\n<li>\u00c9lu au conseil du d\u00e9partement de math\u00e9matiques et applications (ENS) (2015-2018)<\/li>\n\n\n\n<li>Responsable scientifique des trois sites experts de l\u2019ENS (<a href=\"http:\/\/culturemath.ens.fr\/\">Math<\/a>,&nbsp;<a href=\"http:\/\/culturesciences.chimie.ens.fr\/\">Chimie<\/a>,&nbsp;<a href=\"http:\/\/planet-vie.ens.fr\/\">Vivant<\/a>) (2017-2021)<\/li>\n\n\n\n<li>Pr\u00e9sident du comit\u00e9 de pilotage du site expert&nbsp;<a href=\"http:\/\/culturemath.ens.fr\/\">CultureMath<\/a>&nbsp;(2015-2021)<\/li>\n<\/ul>\n\n\n\n<h3 class=\"wp-block-heading\">Directions de th\u00e8se<\/h3>\n\n\n\n<ul class=\"wp-block-list\">\n<li>2024-(\u2026) :&nbsp;<a href=\"https:\/\/c-tabary.github.io\/\">C\u00f4me Tabary<\/a>&nbsp;en co-encadrement avec C. Mouhot<\/li>\n\n\n\n<li>2019 \u2013 2021 :<a href=\"https:\/\/mathematics.uchicago.edu\/people\/profile\/yuzhe-zhu\/\">&nbsp;Yuzhe Zhu<\/a>&nbsp;en co-encadrement avec F. Golse&nbsp;<em>(post-doc \u00e0 Univ. Chicago)<\/em><\/li>\n\n\n\n<li>2015 \u2013 2018 :&nbsp;<a href=\"https:\/\/sites.google.com\/view\/guerand\/accueil\">Jessica Guerand<\/a>&nbsp;<em>(Ma\u00eetresse de conf\u00e9rences, Montpellier)<\/em><\/li>\n\n\n\n<li>2014 \u2013 2017 : J\u00e9r\u00e9my Firozaly en co-encadrement avec R. Monneau&nbsp;<em>(Professeur agr\u00e9g\u00e9)<\/em><\/li>\n\n\n\n<li>2014 \u2013 2018 : Rana Tarhini en co-encadrement avec F. Vigneron&nbsp;<em>(Enseignante du secondaire, Liban)<\/em><\/li>\n\n\n\n<li>2013 \u2013 2017 :&nbsp;<a href=\"https:\/\/www.researchgate.net\/profile\/Marwa-Koumaiha\">Marwa Koumaiha<\/a>&nbsp;en co-tutelle avec A. Wehbe&nbsp;<em>(Ma\u00eetresse de conf\u00e9rences, Liban)<\/em><\/li>\n\n\n\n<li>2003 \u2013 2006 :&nbsp;<a href=\"https:\/\/lmb.univ-fcomte.fr\/-Alibaud-Nathael-?lang=fr\">Natha\u00ebl Alibaud<\/a>&nbsp;en co-encadrement avec J. Droniou&nbsp;<em>(Ma\u00eetre de conf\u00e9rence, Besan\u00e7on)<\/em><\/li>\n<\/ul>\n\n\n\n<h3 class=\"wp-block-heading\">Comit\u00e9s \u00e9ditoriaux<\/h3>\n\n\n\n<ul class=\"wp-block-list\">\n<li><a href=\"http:\/\/link.springer.com\/journal\/11118\/editorial-board\">Potential analysis<\/a>, depuis 2025<\/li>\n\n\n\n<li><a href=\"https:\/\/smf.emath.fr\/publications\/annales-scientifiques-de-lens\">Annales scientifiques de l\u2019\u00c9cole normale sup\u00e9rieure<\/a>, depuis 2020<\/li>\n\n\n\n<li><a href=\"https:\/\/www.aimsciences.org\/DCDS\">Discrete and continuous dynamical systems<\/a>, series A, depuis 2017<\/li>\n\n\n\n<li><a href=\"https:\/\/www.aimspress.com\/nhm\/news\/solo-detail\/editorialboard\">Networks and heterogeneous media<\/a>, depuis 2024<\/li>\n\n\n\n<li>Co-\u00e9diteur en chef de ESAIM: proceedings and surveys (2016-2019)<\/li>\n\n\n\n<li><a href=\"https:\/\/link.springer.com\/journal\/30\">Nonlinear differential equations and applications<\/a>\u00a0(2015-2018)<\/li>\n<\/ul>\n\n\n\n<h2 class=\"wp-block-heading\">Formation, exp\u00e9rience professionnelle et titres<\/h2>\n\n\n\n<h3 class=\"wp-block-heading\">Cursus universitaire<\/h3>\n\n\n\n<figure class=\"wp-block-table\"><table class=\"has-fixed-layout\"><tbody><tr><td>1994-1997<\/td><td>\u00c9cole Normale Sup\u00e9rieure de Lyon<\/td><\/tr><tr><td>Juillet 1997<\/td><td>Agr\u00e9gation de Math\u00e9matiques<\/td><\/tr><tr><td>1998-2000<\/td><td>Allocataire de Recherche et Moniteur \u00e0 l\u2019Universit\u00e9 Toulouse III<\/td><\/tr><tr><td>1997-2000<\/td><td>Th\u00e8se de Math\u00e9matiques Appliqu\u00e9es de l\u2019Universit\u00e9 Toulouse III<\/td><\/tr><\/tbody><\/table><\/figure>\n\n\n\n<p>Cursus universitaire<\/p>\n\n\n\n<h3 class=\"wp-block-heading\">Activit\u00e9 professionnelle<\/h3>\n\n\n\n<figure class=\"wp-block-table\"><table class=\"has-fixed-layout\"><tbody><tr><td>2000-2001<\/td><td>post-doctorant \u00e0 Milan (octobre-mars)<br>ATER \u00e0 l\u2019universit\u00e9 Paul Sabatier (Toulouse III)<\/td><\/tr><tr><td>2001-2002<\/td><td>ATER \u00e0 l\u2019universit\u00e9 de Provence (Aix-Marseille I)<\/td><\/tr><tr><td>2002-2007<\/td><td>Ma\u00eetre de Conf\u00e9rences \u00e0 Polytech\u2019Montpellier (Montpellier-II)<br>Rattach\u00e9 \u00e0 l\u2019Institut de Math\u00e9matiques et de Mod\u00e9lisation (I3M, UMR CNRS 5149)<\/td><\/tr><tr><td>2006-2007<\/td><td>D\u00e9l\u00e9gation aupr\u00e8s du CNRS et cong\u00e9 pour recherche ou conversion th\u00e9matique (CRCT) aupr\u00e8s du CEREMADE<\/td><\/tr><tr><td>2007-2011<\/td><td>Ma\u00eetre de conf\u00e9rences \u00e0 l\u2019universit\u00e9 Paris-Dauphine<\/td><\/tr><tr><td>2010-2011<\/td><td>Ma\u00eetre de conf\u00e9rences (mi-temps) \u00e0 l\u2019\u00c9cole normale sup\u00e9rieure<\/td><\/tr><tr><td>2011-2015<\/td><td>Directeur de Recherche CNRS affect\u00e9 \u00e0 l\u2019universit\u00e9 Paris-Est Cr\u00e9teil<\/td><\/tr><tr><td>2015-2018<\/td><td>Affect\u00e9 \u00e0 l\u2019\u00c9cole normale sup\u00e9rieure (Paris)<\/td><\/tr><tr><td>2018-2019<\/td><td>Affect\u00e9 \u00e0 l\u2019UMI J.-C. Yoccoz (CNRS &amp; IMPA \u2013 Rio de Janeiro)<\/td><\/tr><tr><td>2019-2025<\/td><td>Affect\u00e9 \u00e0 l\u2019\u00c9cole normale sup\u00e9rieure (Paris)<\/td><\/tr><tr><td>2025 \u2013 \u2026<\/td><td>Affect\u00e9 \u00e0 l\u2019Universit\u00e9 Paris Cit\u00e9<\/td><\/tr><\/tbody><\/table><\/figure>\n\n\n\n<p>Activit\u00e9 professionnelle<\/p>\n\n\n\n<h3 class=\"wp-block-heading\">Th\u00e8se de l\u2019universit\u00e9 Paul Sabatier \u2013 Toulouse III<\/h3>\n\n\n\n<p><em>Analyse non lisse : \u2013 fonction d\u2019appui de la jacobienne g\u00e9n\u00e9ralis\u00e9e de Clarke \u2013 quelques applications aux \u00e9quations de Hamilton-Jacobi du premier ordre (formules de Hopf-Lax, hamiltoniens diff.convexes, enveloppes de solutions sci)<\/em><\/p>\n\n\n\n<p>Soutenue le&nbsp;<strong>19 mai 2000<\/strong>&nbsp;devant le jury compos\u00e9 de<br>Directeur de th\u00e8se : Jean-Baptiste Hiriart-Urruty (Paul Sabatier)<br>Rapporteurs : Martino Bardi (Padoue), Robert Deville (Bordeaux 1)<br>Pr\u00e9sident : Francis Clarke (Lyon 1)<br>Examinateurs : Olivier Alvarez (Rouen), Jean-Michel Roquejoffre (Paul Sabatier), Michel Volle (Avignon)<\/p>\n\n\n\n<h3 class=\"wp-block-heading\">Habilitation \u00e0 diriger des recherches de l\u2019universit\u00e9 Paris-Dauphine<\/h3>\n\n\n\n<p><em>Equations int\u00e9gro-diff\u00e9rentielles non-lin\u00e9aires : questions d\u2019existence, de r\u00e9gularit\u00e9 et d\u2019homog\u00e9n\u00e9isation<\/em><\/p>\n\n\n\n<p>Soutenue le&nbsp;<strong>4 d\u00e9cembre 2007<\/strong>&nbsp;devant le jury compos\u00e9 de<br>Coordinateur et pr\u00e9sident du jury : Pierre-Louis Lions (Coll\u00e8ge de France \/ Paris-Dauphine)<br>Rapporteurs : Beno\u00eet Perthame (Paris 6), Jean-Michel Roquejoffre (Paul Sabatier \u2013 Toulouse 3), H. Mete Soner (Universit\u00e9 Sabanci, Turquie)<br>Examinateurs : Guy Barles (Tours), Guillaume Carlier (Paris-Dauphine), R\u00e9gis Monneau (ENPC, Paris), Takis Souganidis (Austin, USA)<\/p>\n","protected":false},"excerpt":{"rendered":"<p>Version \u00e9lectronique la plus r\u00e9cente (d\u00e9cembre 2025) :&nbsp;ici. Fonction Responsabilit\u00e9s r\u00e9centes Directions de th\u00e8se Comit\u00e9s \u00e9ditoriaux Formation, exp\u00e9rience professionnelle et titres Cursus universitaire 1994-1997 \u00c9cole Normale Sup\u00e9rieure de Lyon Juillet 1997 Agr\u00e9gation de Math\u00e9matiques 1998-2000 Allocataire de Recherche et Moniteur \u00e0 l\u2019Universit\u00e9 Toulouse III 1997-2000 Th\u00e8se de Math\u00e9matiques Appliqu\u00e9es de l\u2019Universit\u00e9 Toulouse III Cursus universitaire [&hellip;]<\/p>\n","protected":false},"author":138,"featured_media":0,"parent":0,"menu_order":0,"comment_status":"closed","ping_status":"closed","template":"","meta":{"footnotes":""},"class_list":["post-21","page","type-page","status-publish","hentry"],"_links":{"self":[{"href":"https:\/\/perso.imj-prg.fr\/cyril-imbert\/wp-json\/wp\/v2\/pages\/21","targetHints":{"allow":["GET"]}}],"collection":[{"href":"https:\/\/perso.imj-prg.fr\/cyril-imbert\/wp-json\/wp\/v2\/pages"}],"about":[{"href":"https:\/\/perso.imj-prg.fr\/cyril-imbert\/wp-json\/wp\/v2\/types\/page"}],"author":[{"embeddable":true,"href":"https:\/\/perso.imj-prg.fr\/cyril-imbert\/wp-json\/wp\/v2\/users\/138"}],"replies":[{"embeddable":true,"href":"https:\/\/perso.imj-prg.fr\/cyril-imbert\/wp-json\/wp\/v2\/comments?post=21"}],"version-history":[{"count":5,"href":"https:\/\/perso.imj-prg.fr\/cyril-imbert\/wp-json\/wp\/v2\/pages\/21\/revisions"}],"predecessor-version":[{"id":155,"href":"https:\/\/perso.imj-prg.fr\/cyril-imbert\/wp-json\/wp\/v2\/pages\/21\/revisions\/155"}],"wp:attachment":[{"href":"https:\/\/perso.imj-prg.fr\/cyril-imbert\/wp-json\/wp\/v2\/media?parent=21"}],"curies":[{"name":"wp","href":"https:\/\/api.w.org\/{rel}","templated":true}]}}