{"id":156,"date":"2026-02-13T11:08:06","date_gmt":"2026-02-13T10:08:06","guid":{"rendered":"https:\/\/perso.imj-prg.fr\/cyril-imbert\/?page_id=156"},"modified":"2026-02-20T11:50:19","modified_gmt":"2026-02-20T10:50:19","slug":"methode-abp-pour-les-inegalites-fonctionnelles-et-geometriques","status":"publish","type":"page","link":"https:\/\/perso.imj-prg.fr\/cyril-imbert\/methode-abp-pour-les-inegalites-fonctionnelles-et-geometriques\/","title":{"rendered":"Groupe de travail ABP"},"content":{"rendered":"\n<h2 class=\"wp-block-heading\">M\u00e9thode ABP pour les in\u00e9galit\u00e9s fonctionnelles et g\u00e9om\u00e9triques<\/h2>\n\n\n\n<p>Le but de ce groupe de travail est de comprendre comment la m\u00e9thode ABP (Alexandrov-Bakelman-Pucci) peut \u00eatre utilis\u00e9e pour d\u00e9montrer des in\u00e9galit\u00e9s fonctionnelles et g\u00e9om\u00e9triques. <\/p>\n\n\n\n<h2 class=\"wp-block-heading\">S\u00e9ances<\/h2>\n\n\n\n<ul class=\"wp-block-list\">\n<li>Vendredi 13 f\u00e9vrier, 9h30, salle 1020 : s\u00e9ance d&rsquo;introduction (<a href=\"https:\/\/www.normalesup.org\/~mfathi\/\">Max Fathi<\/a>) &#8212; <a href=\"https:\/\/perso.imj-prg.fr\/cyril-imbert\/wp-content\/uploads\/sites\/93\/2026\/02\/Seance1.pdf\">Notes manuscrites<\/a> (CI)<\/li>\n\n\n\n<li>Vendredi 20 f\u00e9vrier, 9h30, salle 1020 : l&rsquo;estim\u00e9e d&rsquo;Alexandrov pour les \u00e9quations elliptiques (<a href=\"https:\/\/perso.imj-prg.fr\/cyril-imbert\/\">Cyril Imbert<\/a>) &#8212; <a href=\"https:\/\/perso.imj-prg.fr\/cyril-imbert\/wp-content\/uploads\/sites\/93\/2026\/02\/Seance2.pdf\">Notes manuscrites<\/a> (CI)<\/li>\n\n\n\n<li>Vendredi 13 mars, 9h30, salle 1020.<\/li>\n<\/ul>\n\n\n\n<h2 class=\"wp-block-heading\">Liste de diffusion<\/h2>\n\n\n\n<p>Si vous voulez \u00eatre tenu\u00b7e inform\u00e9\u00b7e des prochaines s\u00e9ances et des \u00e9ventuels changements de salle (par exemple), vous pouvez \u00e9crire \u00e0 <a href=\"mailto:mfathi@lpsm.paris\">Max Fathi<\/a> ou <a href=\"mailto:imbert@imj-prg.fr\">Cyril Imbert<\/a>.<\/p>\n\n\n\n<p><\/p>\n","protected":false},"excerpt":{"rendered":"<p>M\u00e9thode ABP pour les in\u00e9galit\u00e9s fonctionnelles et g\u00e9om\u00e9triques Le but de ce groupe de travail est de comprendre comment la m\u00e9thode ABP (Alexandrov-Bakelman-Pucci) peut \u00eatre utilis\u00e9e pour d\u00e9montrer des in\u00e9galit\u00e9s fonctionnelles et g\u00e9om\u00e9triques. S\u00e9ances Liste de diffusion Si vous voulez \u00eatre tenu\u00b7e inform\u00e9\u00b7e des prochaines s\u00e9ances et des \u00e9ventuels changements de salle (par exemple), vous [&hellip;]<\/p>\n","protected":false},"author":138,"featured_media":0,"parent":0,"menu_order":0,"comment_status":"closed","ping_status":"closed","template":"","meta":{"footnotes":""},"class_list":["post-156","page","type-page","status-publish","hentry"],"_links":{"self":[{"href":"https:\/\/perso.imj-prg.fr\/cyril-imbert\/wp-json\/wp\/v2\/pages\/156","targetHints":{"allow":["GET"]}}],"collection":[{"href":"https:\/\/perso.imj-prg.fr\/cyril-imbert\/wp-json\/wp\/v2\/pages"}],"about":[{"href":"https:\/\/perso.imj-prg.fr\/cyril-imbert\/wp-json\/wp\/v2\/types\/page"}],"author":[{"embeddable":true,"href":"https:\/\/perso.imj-prg.fr\/cyril-imbert\/wp-json\/wp\/v2\/users\/138"}],"replies":[{"embeddable":true,"href":"https:\/\/perso.imj-prg.fr\/cyril-imbert\/wp-json\/wp\/v2\/comments?post=156"}],"version-history":[{"count":6,"href":"https:\/\/perso.imj-prg.fr\/cyril-imbert\/wp-json\/wp\/v2\/pages\/156\/revisions"}],"predecessor-version":[{"id":168,"href":"https:\/\/perso.imj-prg.fr\/cyril-imbert\/wp-json\/wp\/v2\/pages\/156\/revisions\/168"}],"wp:attachment":[{"href":"https:\/\/perso.imj-prg.fr\/cyril-imbert\/wp-json\/wp\/v2\/media?parent=156"}],"curies":[{"name":"wp","href":"https:\/\/api.w.org\/{rel}","templated":true}]}}