{"id":132,"date":"2026-01-16T11:39:47","date_gmt":"2026-01-16T10:39:47","guid":{"rendered":"https:\/\/perso.imj-prg.fr\/cyril-imbert\/?page_id=132"},"modified":"2026-01-16T12:07:45","modified_gmt":"2026-01-16T11:07:45","slug":"enseignement","status":"publish","type":"page","link":"https:\/\/perso.imj-prg.fr\/cyril-imbert\/enseignement\/","title":{"rendered":"Teaching"},"content":{"rendered":"\n<h4 class=\"wp-block-heading\">De Giorgi&rsquo;s regularity theory for elliptic, parabolic and kinetic equations<\/h4>\n\n\n\n<p><strong>Draft <\/strong><a href=\"https:\/\/perso.imj-prg.fr\/cyril-imbert\/wp-content\/uploads\/sites\/93\/2026\/01\/DG-book.pdf\" target=\"_blank\" rel=\"noreferrer noopener\">here<\/a> (01\/16\/2025 &#8212; 135 pages)<\/p>\n\n\n\n<h4 class=\"wp-block-heading\">Analyse des EDP<\/h4>\n\n\n\n<p>Cours de M1 au <a href=\"http:\/\/www.math.ens.fr\/\">d\u00e9partement de math\u00e9matiques et applications<\/a> de l&rsquo;<a href=\"http:\/\/www.ens.fr\/\">ENS<\/a> sur l&rsquo;analyse des EDP.<\/p>\n\n\n\n<h4 class=\"wp-block-heading\">Fully non-linear parabolic equations<\/h4>\n\n\n\n<p>I gave three lectures in Marrakech in October 2011 about <strong>Fully Nonlinear Parabolic Equations<\/strong>. We then wrote with <a href=\"http:\/\/www.math.uchicago.edu\/~luis\/\">L. Silvestre<\/a> complete proofs of all the results stated during these lectures (and others!)<em>. <\/em>See the pdf file <a href=\"https:\/\/perso.imj-prg.fr\/cyril-imbert\/wp-content\/uploads\/sites\/93\/2026\/01\/pln-final.pdf\">here<\/a>.<\/p>\n\n\n\n<h4 class=\"wp-block-heading\">Cours d&rsquo;EDP non-lin\u00e9aires<\/h4>\n\n\n\n<p>Avec <a href=\"http:\/\/users.monash.edu.au\/~jdroniou\/\">J. Droniou<\/a>, nous avons donn\u00e9 un cours de M2 sur les <strong>solutions de viscosit\u00e9 et les solutions variationnelles d&rsquo;EDP non-lin\u00e9aires<\/strong> \u00e0 l&rsquo;<a href=\"https:\/\/wp.dma.ens.fr\/imbert\/wp-admin\/www.univ-montp2.fr\/\">universit\u00e9 Montpellier II<\/a>.<\/p>\n\n\n\n<p><\/p>\n","protected":false},"excerpt":{"rendered":"<p>De Giorgi&rsquo;s regularity theory for elliptic, parabolic and kinetic equations Draft here (01\/16\/2025 &#8212; 135 pages) Analyse des EDP Cours de M1 au d\u00e9partement de math\u00e9matiques et applications de l&rsquo;ENS sur l&rsquo;analyse des EDP. Fully non-linear parabolic equations I gave three lectures in Marrakech in October 2011 about Fully Nonlinear Parabolic Equations. We then wrote [&hellip;]<\/p>\n","protected":false},"author":138,"featured_media":0,"parent":0,"menu_order":0,"comment_status":"closed","ping_status":"closed","template":"","meta":{"footnotes":""},"class_list":["post-132","page","type-page","status-publish","hentry"],"_links":{"self":[{"href":"https:\/\/perso.imj-prg.fr\/cyril-imbert\/wp-json\/wp\/v2\/pages\/132","targetHints":{"allow":["GET"]}}],"collection":[{"href":"https:\/\/perso.imj-prg.fr\/cyril-imbert\/wp-json\/wp\/v2\/pages"}],"about":[{"href":"https:\/\/perso.imj-prg.fr\/cyril-imbert\/wp-json\/wp\/v2\/types\/page"}],"author":[{"embeddable":true,"href":"https:\/\/perso.imj-prg.fr\/cyril-imbert\/wp-json\/wp\/v2\/users\/138"}],"replies":[{"embeddable":true,"href":"https:\/\/perso.imj-prg.fr\/cyril-imbert\/wp-json\/wp\/v2\/comments?post=132"}],"version-history":[{"count":4,"href":"https:\/\/perso.imj-prg.fr\/cyril-imbert\/wp-json\/wp\/v2\/pages\/132\/revisions"}],"predecessor-version":[{"id":142,"href":"https:\/\/perso.imj-prg.fr\/cyril-imbert\/wp-json\/wp\/v2\/pages\/132\/revisions\/142"}],"wp:attachment":[{"href":"https:\/\/perso.imj-prg.fr\/cyril-imbert\/wp-json\/wp\/v2\/media?parent=132"}],"curies":[{"name":"wp","href":"https:\/\/api.w.org\/{rel}","templated":true}]}}