{"id":56,"date":"2021-09-01T14:44:20","date_gmt":"2021-09-01T12:44:20","guid":{"rendered":"https:\/\/perso.imj-prg.fr\/antonin-guilloux\/?page_id=56"},"modified":"2025-01-10T10:35:43","modified_gmt":"2025-01-10T09:35:43","slug":"enseignement","status":"publish","type":"page","link":"https:\/\/perso.imj-prg.fr\/antonin-guilloux\/enseignement\/","title":{"rendered":"Enseignement"},"content":{"rendered":"\n<p>Je suis un des deux Directeurs d&rsquo;Etudes de la L3 pour la <a href=\"https:\/\/www.licence.math.upmc.fr\/\">Licence de Math\u00e9matiques<\/a> \u00e0 <a href=\"https:\/\/www.sorbonne-universite.fr\/\">Sorbonne Universit\u00e9<\/a>, avec <a href=\"https:\/\/perso.lpsm.paris\/~bergerq\/\">Anne-Laure Basdevant<\/a>.<\/p>\n\n\n\n<hr class=\"wp-block-separator has-alpha-channel-opacity\" \/>\n\n\n\n<p>Cette ann\u00e9e, comme l&rsquo;ann\u00e9e derni\u00e8re, j&rsquo;enseigne en <a href=\"http:\/\/agreg.math.upmc.fr\/\">pr\u00e9paration \u00e0 l&rsquo;Option C \u00e0 l&rsquo;Agregation<\/a>, ainsi qu&rsquo;en <a href=\"https:\/\/sciences.sorbonne-universite.fr\/formation-sciences\/offre-de-formation\/masters\/master-mathematiques-et-applications\">M1<\/a>:<\/p>\n\n\n\n<ul class=\"wp-block-list\">\n<li>Au premier semestre, le cours \u00ab\u00a0Alg\u00e8bre lin\u00e9aire effective\u00a0\u00bb, en collaboration avec <a href=\"https:\/\/webusers.imj-prg.fr\/~cyril.demarche\/\">Cyril Demarche<\/a>, <a href=\"https:\/\/who.rocq.inria.fr\/Alban.Quadrat\/\">Alban Quadrat<\/a> et <a href=\"https:\/\/who.paris.inria.fr\/Elias.Tsigaridas\/\">Elias Tsigaridas<\/a>. Pour les \u00e9tudiants inscrits, du mat\u00e9riel est sur <a href=\"https:\/\/moodle-sciences-24.sorbonne-universite.fr\/\" data-type=\"link\" data-id=\"https:\/\/moodle-sciences-24.sorbonne-universite.fr\/\">Moodle<\/a>; si vous n&rsquo;\u00eates pas inscrit mais voulez des informations, \u00e9crivez moi!<\/li>\n\n\n\n<li>Au second semestre, le cours \u00ab\u00a0Introduction \u00e0 la g\u00e9om\u00e9trie alg\u00e9brique effective\u00a0\u00bb, en collaboration avec <a href=\"https:\/\/who.rocq.inria.fr\/Fabrice.Rouillier\/\">Fabrice Rouillier<\/a> et <a href=\"https:\/\/webusers.imj-prg.fr\/~joao.ruiz\/\">Jo\u00e3o Ruiz de Melo<\/a>. Pour les \u00e9tudiants inscrits, du mat\u00e9riel sera sur <a href=\"https:\/\/moodle-sciences-24.sorbonne-universite.fr\/\">Moodle<\/a>; si vous n&rsquo;\u00eates pas inscrit mais voulez des informations, \u00e9crivez moi!<\/li>\n<\/ul>\n\n\n\n<hr class=\"wp-block-separator has-css-opacity\" \/>\n\n\n\n<h2 class=\"wp-block-heading\">Ann\u00e9es pr\u00e9c\u00e9dentes<\/h2>\n\n\n\n<p>Ces derni\u00e8res ann\u00e9es, je suis principalement intervenu en:<\/p>\n\n\n\n<ul class=\"wp-block-list\">\n<li>L1: Un peu tous les cours, et aussi le pilotage d&rsquo;une remise \u00e0 plat (en 2019) de l&rsquo;offre de cours math\u00e9matiques. N&rsquo;h\u00e9sitez pas \u00e0 me contacter si \u00e7a vous int\u00e9resse.<\/li>\n\n\n\n<li>M2 Agreg: pr\u00e9paration \u00e0 l&rsquo;option C (responsabilit\u00e9, divers cours).<\/li>\n\n\n\n<li>M2 math\u00e9matiques fondamentales. <br>      Vari\u00e9t\u00e9s des caract\u00e8res et structures hyperboliques en dimension 3. (<a href=\"https:\/\/perso.imj-prg.fr\/antonin-guilloux\/wp-content\/uploads\/guilloux-pub\/M2caracteres\/Semaine5.pdf\">Polycopi\u00e9<\/a> ;  les TD de L\u00e9o B\u00e9nard : <a href=\"https:\/\/perso.imj-prg.fr\/antonin-guilloux\/wp-content\/uploads\/guilloux-pub\/M2caracteres\/Feuille1.pdf\">feuille 1<\/a>, <a href=\"https:\/\/perso.imj-prg.fr\/antonin-guilloux\/wp-content\/uploads\/guilloux-pub\/M2caracteres\/Feuille2.pdf\">feuille 2<\/a>, <a href=\"https:\/\/perso.imj-prg.fr\/antonin-guilloux\/wp-content\/uploads\/guilloux-pub\/Feuille3.pdf\">feuille 3<\/a>).<\/li>\n<\/ul>\n","protected":false},"excerpt":{"rendered":"<p>Je suis un des deux Directeurs d&rsquo;Etudes de la L3 pour la Licence de Math\u00e9matiques \u00e0 Sorbonne Universit\u00e9, avec Anne-Laure Basdevant. Cette ann\u00e9e, comme l&rsquo;ann\u00e9e derni\u00e8re, j&rsquo;enseigne en pr\u00e9paration \u00e0 l&rsquo;Option C \u00e0 l&rsquo;Agregation, ainsi qu&rsquo;en M1: Ann\u00e9es pr\u00e9c\u00e9dentes Ces derni\u00e8res ann\u00e9es, je suis principalement intervenu en:<\/p>\n","protected":false},"author":1,"featured_media":0,"parent":0,"menu_order":0,"comment_status":"closed","ping_status":"closed","template":"","meta":{"footnotes":""},"class_list":["post-56","page","type-page","status-publish","hentry"],"_links":{"self":[{"href":"https:\/\/perso.imj-prg.fr\/antonin-guilloux\/wp-json\/wp\/v2\/pages\/56","targetHints":{"allow":["GET"]}}],"collection":[{"href":"https:\/\/perso.imj-prg.fr\/antonin-guilloux\/wp-json\/wp\/v2\/pages"}],"about":[{"href":"https:\/\/perso.imj-prg.fr\/antonin-guilloux\/wp-json\/wp\/v2\/types\/page"}],"author":[{"embeddable":true,"href":"https:\/\/perso.imj-prg.fr\/antonin-guilloux\/wp-json\/wp\/v2\/users\/1"}],"replies":[{"embeddable":true,"href":"https:\/\/perso.imj-prg.fr\/antonin-guilloux\/wp-json\/wp\/v2\/comments?post=56"}],"version-history":[{"count":14,"href":"https:\/\/perso.imj-prg.fr\/antonin-guilloux\/wp-json\/wp\/v2\/pages\/56\/revisions"}],"predecessor-version":[{"id":234,"href":"https:\/\/perso.imj-prg.fr\/antonin-guilloux\/wp-json\/wp\/v2\/pages\/56\/revisions\/234"}],"wp:attachment":[{"href":"https:\/\/perso.imj-prg.fr\/antonin-guilloux\/wp-json\/wp\/v2\/media?parent=56"}],"curies":[{"name":"wp","href":"https:\/\/api.w.org\/{rel}","templated":true}]}}