{"id":53,"date":"2021-09-01T14:44:06","date_gmt":"2021-09-01T12:44:06","guid":{"rendered":"https:\/\/perso.imj-prg.fr\/antonin-guilloux\/?page_id=53"},"modified":"2021-09-02T11:11:18","modified_gmt":"2021-09-02T09:11:18","slug":"publications","status":"publish","type":"page","link":"https:\/\/perso.imj-prg.fr\/antonin-guilloux\/publications\/","title":{"rendered":"Publications"},"content":{"rendered":"\n<h3 class=\"wp-block-heading\">Th\u00e8mes de recherche<\/h3>\n\n\n\n<p>Mes principaux th\u00e8mes de recherches sont les suivants:<\/p>\n\n\n\n<ul class=\"wp-block-list\"><li>Repr\u00e9sentation des groupes de surfaces et de vari\u00e9t\u00e9s de dimension 3, avec un point de vue effectif et exp\u00e9rimental.<\/li><li>G\u00e9om\u00e9trie et dynamique des groupes lin\u00e9aires p-adiques ou de leurs actions.<\/li><li>Sous-groupes discrets des groupes de Lie et des groupes p-adiques.<\/li><li>Rigidit\u00e9 des mesures invariantes dans les vari\u00e9t\u00e9s homog\u00e8nes.<\/li><\/ul>\n\n\n\n<p>Mais j&rsquo;ai aussi travaill\u00e9, ou travaille sur les sujets suivants:<\/p>\n\n\n\n<ul class=\"wp-block-list\"><li>Calcul formel (Sage, Maple, Snappy) en particulier pour l&rsquo;\u00e9tude des vari\u00e9t\u00e9s de caract\u00e8res.<\/li><li>Humanit\u00e9s num\u00e9riques, en particulier des outils statistiques pour la textom\u00e9trie ou la visualisation de certains graphes sociaux.<\/li><li>Satistiques \u00e9l\u00e9mentaires appliqu\u00e9s \u00e0 l&rsquo;\u00e9tude du code g\u00e9n\u00e9tique et du repliement des prot\u00e9ines.<\/li><\/ul>\n\n\n\n<h3 class=\"wp-block-heading\">Publications et pr\u00e9publications<\/h3>\n\n\n\n<iframe src=\"https:\/\/haltools.archives-ouvertes.fr\/Public\/afficheRequetePubli.php?auteur_exp=Guilloux&amp;idHal=antonin-guilloux&amp;CB_ref_biblio=oui&amp;langue=Francais&amp;tri_exp=annee_publi&amp;tri_exp2=date_publi&amp;tri_exp3=typdoc&amp;ordre_aff=TA&amp;CB_rubriqueDiv=oui&amp;Fen=Aff&amp;css=..\/css\/styles_publicationsHAL_TypeDocSorted.css\" style=\"height:500px;width:100%;\"><\/iframe>\n\n\n\n<h3 class=\"wp-block-heading\">HDR<\/h3>\n\n\n\n<p>J&rsquo;ai soutenu le 9 novembre 2015 mon HDR. Le m\u00e9moire est intitul\u00e9 <a href=\"https:\/\/perso.imj-prg.fr\/antonin-guilloux\/wp-content\/uploads\/guilloux-pub\/these\/hdr.pdf\">Repr\u00e9sentations et structures g\u00e9om\u00e9triques<\/a>.<\/p>\n\n\n\n<h3 class=\"wp-block-heading\">These<\/h3>\n\n\n\n<p>J&rsquo;ai soutenu en janvier 2007 ma Th\u00e8se effectu\u00e9e au <a href=\"http:\/\/www.dma.ens.fr\">DMA<\/a>, sous la direction d&rsquo;<a href=\"http:\/\/www.math.u-psud.fr\/%7Ebenoist\/\"> Yves Benoist<\/a>. Elle s&rsquo;intitule <strong>\u00c9quir\u00e9partition dans les espaces homog\u00e8nes<\/strong>. La version pdf est disponible <a href=\"https:\/\/perso.imj-prg.fr\/antonin-guilloux\/wp-content\/uploads\/guilloux-pub\/\/these\/These.pdf\">ici<\/a>.<\/p>\n","protected":false},"excerpt":{"rendered":"<p>Th\u00e8mes de recherche Mes principaux th\u00e8mes de recherches sont les suivants: Repr\u00e9sentation des groupes de surfaces et de vari\u00e9t\u00e9s de dimension 3, avec un point de vue effectif et exp\u00e9rimental. G\u00e9om\u00e9trie et dynamique des groupes lin\u00e9aires p-adiques ou de leurs actions. Sous-groupes discrets des groupes de Lie et des groupes p-adiques. Rigidit\u00e9 des mesures invariantes [&hellip;]<\/p>\n","protected":false},"author":1,"featured_media":0,"parent":0,"menu_order":0,"comment_status":"closed","ping_status":"closed","template":"","meta":{"footnotes":""},"class_list":["post-53","page","type-page","status-publish","hentry"],"_links":{"self":[{"href":"https:\/\/perso.imj-prg.fr\/antonin-guilloux\/wp-json\/wp\/v2\/pages\/53","targetHints":{"allow":["GET"]}}],"collection":[{"href":"https:\/\/perso.imj-prg.fr\/antonin-guilloux\/wp-json\/wp\/v2\/pages"}],"about":[{"href":"https:\/\/perso.imj-prg.fr\/antonin-guilloux\/wp-json\/wp\/v2\/types\/page"}],"author":[{"embeddable":true,"href":"https:\/\/perso.imj-prg.fr\/antonin-guilloux\/wp-json\/wp\/v2\/users\/1"}],"replies":[{"embeddable":true,"href":"https:\/\/perso.imj-prg.fr\/antonin-guilloux\/wp-json\/wp\/v2\/comments?post=53"}],"version-history":[{"count":11,"href":"https:\/\/perso.imj-prg.fr\/antonin-guilloux\/wp-json\/wp\/v2\/pages\/53\/revisions"}],"predecessor-version":[{"id":101,"href":"https:\/\/perso.imj-prg.fr\/antonin-guilloux\/wp-json\/wp\/v2\/pages\/53\/revisions\/101"}],"wp:attachment":[{"href":"https:\/\/perso.imj-prg.fr\/antonin-guilloux\/wp-json\/wp\/v2\/media?parent=53"}],"curies":[{"name":"wp","href":"https:\/\/api.w.org\/{rel}","templated":true}]}}