{"id":35,"date":"2021-08-27T13:03:11","date_gmt":"2021-08-27T11:03:11","guid":{"rendered":"https:\/\/perso.imj-prg.fr\/annemarie-aubert\/?page_id=35"},"modified":"2024-10-01T18:21:17","modified_gmt":"2024-10-01T16:21:17","slug":"etudiants","status":"publish","type":"page","link":"https:\/\/perso.imj-prg.fr\/annemarie-aubert\/etudiants\/","title":{"rendered":"Etudiants"},"content":{"rendered":"\n<ul class=\"wp-block-list\">\n<li><a href=\"http:\/\/ahmed.moussaoui.perso.math.cnrs.fr\/indexfr.html\">Ahmed Moussaoui<\/a>, Ma\u00eetre de Conf\u00e9rences \u00e0 l&rsquo;Universit\u00e9 de Poitiers, th\u00e8se&nbsp;<a href=\"http:\/\/ahmed.moussaoui.perso.math.cnrs.fr\/these.pdf\">Centre de Bernstein stable et conjecture d&rsquo;Aubert-Baum-Plymen-Solleveld<\/a>&nbsp; soutenue le 15 juin 2015 \u00e0 l&rsquo;UPMC.<\/li>\n\n\n\n<li>Jesua Epequin Chavez, th\u00e8se \u00ab\u00a0Correspondance de Howe pour les paires duales sur les corps finis\u00a0\u00bb, soutenue le 5 octobre 2018 \u00e0 Sorbonne Universit\u00e9.<\/li>\n\n\n\n<li>Arnaud Mayeux, th\u00e8se \u00ab\u00a0On the constructions of supercuspidal representations\u00a0\u00bb, soutenue le 23 juillet 2019 \u00e0 l&rsquo;Universit\u00e9 de Paris.<\/li>\n\n\n\n<li><a href=\"https:\/\/ufind.univie.ac.at\/en\/person.html?id=109697\">Peiyi Cui<\/a>, th\u00e8se&nbsp;\u00ab\u00a0Modulo l representations of p-adic groups SLn(F)\u00a0\u00bb, soutenue le 5 septembre 2019 \u00e0 l&rsquo;Universit\u00e9 Rennes I (codirecteur Michel Gros).<\/li>\n\n\n\n<li><a href=\"https:\/\/pma.caltech.edu\/people\/anna-szumowicz\">Anna Szumowicz<\/a>, cotutelle internationale Sorbonne Universit\u00e9 &#8211; Durham University, soutenue le 22 novembre 2019 (codirecteur Alexander Stasinski).<\/li>\n\n\n\n<li>Chuan Qin, th\u00e8se \u00ab\u00a0Involution pour les repr\u00e9sentations des alg\u00e8bres de Hecke\u00a0\u00bb, Sorbonne Universit\u00e9, soutenue le 11 septembre 2024.<\/li>\n\n\n\n<li>Thiago Landim (doctorant Sorbonne Universit\u00e9).<\/li>\n\n\n\n<li>Javier Navarro (doctorant en cotutelle internationale de th\u00e8se Sorbonne Universit\u00e9\/Pontificia Universidad Catolica de Valparaiso)<\/li>\n<\/ul>\n","protected":false},"excerpt":{"rendered":"","protected":false},"author":1,"featured_media":0,"parent":0,"menu_order":0,"comment_status":"closed","ping_status":"closed","template":"","meta":{"footnotes":""},"class_list":["post-35","page","type-page","status-publish","hentry"],"_links":{"self":[{"href":"https:\/\/perso.imj-prg.fr\/annemarie-aubert\/wp-json\/wp\/v2\/pages\/35","targetHints":{"allow":["GET"]}}],"collection":[{"href":"https:\/\/perso.imj-prg.fr\/annemarie-aubert\/wp-json\/wp\/v2\/pages"}],"about":[{"href":"https:\/\/perso.imj-prg.fr\/annemarie-aubert\/wp-json\/wp\/v2\/types\/page"}],"author":[{"embeddable":true,"href":"https:\/\/perso.imj-prg.fr\/annemarie-aubert\/wp-json\/wp\/v2\/users\/1"}],"replies":[{"embeddable":true,"href":"https:\/\/perso.imj-prg.fr\/annemarie-aubert\/wp-json\/wp\/v2\/comments?post=35"}],"version-history":[{"count":7,"href":"https:\/\/perso.imj-prg.fr\/annemarie-aubert\/wp-json\/wp\/v2\/pages\/35\/revisions"}],"predecessor-version":[{"id":452,"href":"https:\/\/perso.imj-prg.fr\/annemarie-aubert\/wp-json\/wp\/v2\/pages\/35\/revisions\/452"}],"wp:attachment":[{"href":"https:\/\/perso.imj-prg.fr\/annemarie-aubert\/wp-json\/wp\/v2\/media?parent=35"}],"curies":[{"name":"wp","href":"https:\/\/api.w.org\/{rel}","templated":true}]}}