{"id":32,"date":"2021-08-27T13:02:56","date_gmt":"2021-08-27T11:02:56","guid":{"rendered":"https:\/\/perso.imj-prg.fr\/annemarie-aubert\/?page_id=32"},"modified":"2026-03-07T20:47:49","modified_gmt":"2026-03-07T19:47:49","slug":"organisation-de-conferences","status":"publish","type":"page","link":"https:\/\/perso.imj-prg.fr\/annemarie-aubert\/organisation-de-conferences\/","title":{"rendered":"Organisation de conf\u00e9rences"},"content":{"rendered":"<div class=\"wp-block-image\">\n<figure class=\"aligncenter size-large is-resized\"><img loading=\"lazy\" decoding=\"async\" width=\"659\" height=\"1024\" src=\"https:\/\/perso.imj-prg.fr\/annemarie-aubert\/wp-content\/uploads\/sites\/27\/2023\/10\/imageRTNCG2-659x1024.jpg\" alt=\"\" class=\"wp-image-335\" style=\"aspect-ratio:0.6435546875;width:367px;height:auto\" srcset=\"https:\/\/perso.imj-prg.fr\/annemarie-aubert\/wp-content\/uploads\/sites\/27\/2023\/10\/imageRTNCG2-659x1024.jpg 659w, https:\/\/perso.imj-prg.fr\/annemarie-aubert\/wp-content\/uploads\/sites\/27\/2023\/10\/imageRTNCG2-193x300.jpg 193w, https:\/\/perso.imj-prg.fr\/annemarie-aubert\/wp-content\/uploads\/sites\/27\/2023\/10\/imageRTNCG2-768x1194.jpg 768w, https:\/\/perso.imj-prg.fr\/annemarie-aubert\/wp-content\/uploads\/sites\/27\/2023\/10\/imageRTNCG2-988x1536.jpg 988w, https:\/\/perso.imj-prg.fr\/annemarie-aubert\/wp-content\/uploads\/sites\/27\/2023\/10\/imageRTNCG2.jpg 1093w\" sizes=\"auto, (max-width: 659px) 100vw, 659px\" \/><\/figure>\n<\/div>\n\n\n<ul class=\"wp-block-list\">\n<li><a href=\"https:\/\/atlas2027.sciencesconf.org\">The Atlas of Lie Groups and Representations, and Other Computational Advances for Real and p-adic Groups<\/a>, CY Advanced Studies (CYAS) at CY Cergy Paris Universit\u00e9, Ecole d&rsquo;\u00e9t\u00e9 28 Juin &#8211; 2 Juillet 2027 et Conf\u00e9rence 5-7 Juillet 2027 (avec Nicolas Arancibia Robert, Paul Mezo, et Ahmed Moussaoui).<\/li>\n\n\n\n<li>Conference <a href=\"https:\/\/tsimf.tsinghua.edu.cn\/info\/1067\/1024.htm\" data-type=\"link\" data-id=\"https:\/\/tsimf.tsinghua.edu.cn\/info\/1067\/1835.htm\">Geometric Representation Theory and Automorphic Forms<\/a>, TSIMF, Sanya, Chine, 5-9 Janvier 2026 (avec Olivier Schiffmann, Peng Shan, et Hongjie Yu).<\/li>\n\n\n\n<li>Trimestre Th\u00e9matique \u00e0 l&rsquo;IHP <a href=\"https:\/\/indico.math.cnrs.fr\/event\/10843\/\" data-type=\"link\" data-id=\"https:\/\/indico.math.cnrs.fr\/event\/10843\/\">Representation Theory and Noncommutative Geometry<\/a> (RTNCG), Janvier-Mars 2025 (avec Alexandre Afgoustidis, Pierre Clare, Jan Frahm, Angela Pasquale et Haluk Seng\u00fcn).<\/li>\n\n\n\n<li>Ecole de Recherche au CIRM, Marseille, 5-10 Janvier 2025 (avec Alexandre Afgoustidis, Pierre Clare, Jan Frahm, Angela Pasquale et Haluk Seng\u00fcn) <a href=\"https:\/\/conferences.cirm-math.fr\/3227.html\" data-type=\"link\" data-id=\"https:\/\/conferences.cirm-math.fr\/3227.html\">Representation Theory and Operator Algebras<\/a>.<\/li>\n\n\n\n<li>Workshop (23w5063) \u00ab\u00a0<a href=\"https:\/\/www.birs.ca\/events\/2023\/5-day-workshops\/23w5063\" data-type=\"URL\" data-id=\"https:\/\/www.birs.ca\/events\/2023\/5-day-workshops\/23w5063\" target=\"_blank\" rel=\"noreferrer noopener\">Arthur packets<\/a>\u00ab\u00a0, Institute for Advanced Study in Mathematics (IASM), Hangzhou, China, 5-10 Novembre 2023 (avec Clifton Cunningham, Andrew Fiori, Ahmed Moussaoui&nbsp;et Bin Xu).<\/li>\n\n\n\n<li>Workshop  <a href=\"http:\/\/www.birs.ca\/events\/2022\/5-day-workshops\/22w5178\">\u00ab\u00a0Langlands Program: Number Theory and Representation Theory\u00a0\u00bb<\/a>, Casa Matematica Oaxaca (CMO), Mexico, du 27 Novembre au 2 D\u00e9cembre 2022 (avec Luis Dieulefait, Luis Lomeli et Manish Mishra).<\/li>\n\n\n\n<li>Special Session \u00ab\u00a0Representations of reductive groups over local fields and related topics\u00a0\u00bb of the Sectional Meeting Amer. Math. Soc., University of Michigan, Ann Arbor, Etats-Unis, Octobre 2018 (avec Jessica Fintzen et Camelia Karimianpour).<\/li>\n\n\n\n<li>CEFIPRA Indo-French Seminar \u00ab\u00a0Arithm\u00e9tique, G\u00e9om\u00e9trie et Repr\u00e9sentations\u00a0\u00bb, IMJ-PRG, Octobre 2017 (avec C.S. Rajan, TIFR, Mumbai).<\/li>\n\n\n\n<li>Workshop\/Conference \u00ab\u00a0Representation theory of p-adic groups\u00a0\u00bb, IISER Pune, Juillet 2017 (avec Manish Mishra, Alan Roche and Steven Spallone).<\/li>\n\n\n\n<li>Conference \u00ab\u00a0Around Langlands correspondences\u00a0\u00bb, Orsay, Juin 2015 (avec Maria Paula Gomez Aparicio). &nbsp;&nbsp;&nbsp;&nbsp;<\/li>\n<\/ul>\n\n\n\n<hr class=\"wp-block-separator has-css-opacity\" \/>\n\n\n\n<p><\/p>\n","protected":false},"excerpt":{"rendered":"","protected":false},"author":1,"featured_media":0,"parent":0,"menu_order":0,"comment_status":"closed","ping_status":"closed","template":"","meta":{"footnotes":""},"class_list":["post-32","page","type-page","status-publish","hentry"],"_links":{"self":[{"href":"https:\/\/perso.imj-prg.fr\/annemarie-aubert\/wp-json\/wp\/v2\/pages\/32","targetHints":{"allow":["GET"]}}],"collection":[{"href":"https:\/\/perso.imj-prg.fr\/annemarie-aubert\/wp-json\/wp\/v2\/pages"}],"about":[{"href":"https:\/\/perso.imj-prg.fr\/annemarie-aubert\/wp-json\/wp\/v2\/types\/page"}],"author":[{"embeddable":true,"href":"https:\/\/perso.imj-prg.fr\/annemarie-aubert\/wp-json\/wp\/v2\/users\/1"}],"replies":[{"embeddable":true,"href":"https:\/\/perso.imj-prg.fr\/annemarie-aubert\/wp-json\/wp\/v2\/comments?post=32"}],"version-history":[{"count":25,"href":"https:\/\/perso.imj-prg.fr\/annemarie-aubert\/wp-json\/wp\/v2\/pages\/32\/revisions"}],"predecessor-version":[{"id":620,"href":"https:\/\/perso.imj-prg.fr\/annemarie-aubert\/wp-json\/wp\/v2\/pages\/32\/revisions\/620"}],"wp:attachment":[{"href":"https:\/\/perso.imj-prg.fr\/annemarie-aubert\/wp-json\/wp\/v2\/media?parent=32"}],"curies":[{"name":"wp","href":"https:\/\/api.w.org\/{rel}","templated":true}]}}