{"id":241,"date":"2023-04-03T20:01:43","date_gmt":"2023-04-03T18:01:43","guid":{"rendered":"https:\/\/perso.imj-prg.fr\/annemarie-aubert\/?page_id=241"},"modified":"2024-08-14T11:49:32","modified_gmt":"2024-08-14T09:49:32","slug":"emmy-noether","status":"publish","type":"page","link":"https:\/\/perso.imj-prg.fr\/annemarie-aubert\/emmy-noether\/","title":{"rendered":"\u00ab\u00a0Diving into Math with Emmy Noether\u00a0\u00bb:         Mardi 10 Octobre 2023"},"content":{"rendered":"\n<p class=\"has-text-align-left\">         <strong>Voici le lien o\u00f9 retirer les places pour pouvoir assister \u00e0 la pi\u00e8ce:<\/strong>                                 <\/p>\n\n\n\n<p>                           <a href=\"https:\/\/www.billetweb.fr\/diving-into-maths\">https:\/\/www.billetweb.fr\/diving-into-maths<\/a><\/p>\n\n\n\n<figure class=\"wp-block-image size-full\"><img loading=\"lazy\" decoding=\"async\" width=\"593\" height=\"864\" src=\"https:\/\/perso.imj-prg.fr\/annemarie-aubert\/wp-content\/uploads\/sites\/27\/2023\/09\/IMG_20230904_215544_resized_20230904_095600745.jpg\" alt=\"\" class=\"wp-image-312\" srcset=\"https:\/\/perso.imj-prg.fr\/annemarie-aubert\/wp-content\/uploads\/sites\/27\/2023\/09\/IMG_20230904_215544_resized_20230904_095600745.jpg 593w, https:\/\/perso.imj-prg.fr\/annemarie-aubert\/wp-content\/uploads\/sites\/27\/2023\/09\/IMG_20230904_215544_resized_20230904_095600745-206x300.jpg 206w\" sizes=\"auto, (max-width: 593px) 100vw, 593px\" \/><\/figure>\n\n\n\n<p><\/p>\n\n\n","protected":false},"excerpt":{"rendered":"<p>Voici le lien o\u00f9 retirer les places pour pouvoir assister \u00e0 la pi\u00e8ce: https:\/\/www.billetweb.fr\/diving-into-maths<\/p>\n","protected":false},"author":27,"featured_media":0,"parent":0,"menu_order":0,"comment_status":"closed","ping_status":"closed","template":"","meta":{"footnotes":""},"class_list":["post-241","page","type-page","status-publish","hentry"],"_links":{"self":[{"href":"https:\/\/perso.imj-prg.fr\/annemarie-aubert\/wp-json\/wp\/v2\/pages\/241","targetHints":{"allow":["GET"]}}],"collection":[{"href":"https:\/\/perso.imj-prg.fr\/annemarie-aubert\/wp-json\/wp\/v2\/pages"}],"about":[{"href":"https:\/\/perso.imj-prg.fr\/annemarie-aubert\/wp-json\/wp\/v2\/types\/page"}],"author":[{"embeddable":true,"href":"https:\/\/perso.imj-prg.fr\/annemarie-aubert\/wp-json\/wp\/v2\/users\/27"}],"replies":[{"embeddable":true,"href":"https:\/\/perso.imj-prg.fr\/annemarie-aubert\/wp-json\/wp\/v2\/comments?post=241"}],"version-history":[{"count":9,"href":"https:\/\/perso.imj-prg.fr\/annemarie-aubert\/wp-json\/wp\/v2\/pages\/241\/revisions"}],"predecessor-version":[{"id":442,"href":"https:\/\/perso.imj-prg.fr\/annemarie-aubert\/wp-json\/wp\/v2\/pages\/241\/revisions\/442"}],"wp:attachment":[{"href":"https:\/\/perso.imj-prg.fr\/annemarie-aubert\/wp-json\/wp\/v2\/media?parent=241"}],"curies":[{"name":"wp","href":"https:\/\/api.w.org\/{rel}","templated":true}]}}