{"id":109,"date":"2021-11-21T13:04:57","date_gmt":"2021-11-21T12:04:57","guid":{"rendered":"https:\/\/perso.imj-prg.fr\/annemarie-aubert\/?page_id=109"},"modified":"2025-11-11T10:25:48","modified_gmt":"2025-11-11T09:25:48","slug":"invitations-recentes","status":"publish","type":"page","link":"https:\/\/perso.imj-prg.fr\/annemarie-aubert\/invitations-recentes\/","title":{"rendered":"Quelques invitations r\u00e9centes"},"content":{"rendered":"\n<p>Conf\u00e9renci\u00e8re invit\u00e9e \u00e0 <a href=\"https:\/\/sciencesmaths-paris.fr\/f\/actualites-fr\/maths-en-mouvement-2025-theorie-des-nombres\" data-type=\"link\" data-id=\"https:\/\/sciencesmaths-paris.fr\/f\/actualites-fr\/maths-en-mouvement-2025-theorie-des-nombres\">Math\u00e9matiques en mouvement<\/a>, 15 novembre 2025, IHP, Paris.<\/p>\n\n\n\n<p>Conf\u00e9renci\u00e8re invit\u00e9e \u00e0 la <a href=\"https:\/\/sites.google.com\/view\/lusztigconference2025\/home\" data-type=\"link\" data-id=\"https:\/\/sites.google.com\/view\/lusztigconference2025\/home\">Conference in honor of Professor George Lusztig<\/a>, The University of Hong Kong, 10-12 novembre 2025, Hong Kong.<\/p>\n\n\n\n<p>Conf\u00e9renci\u00e8re invit\u00e9e au <a href=\"https:\/\/sites.google.com\/view\/endoscopic-classification\/home\" data-type=\"link\" data-id=\"https:\/\/sites.google.com\/view\/endoscopic-classification\/home\">Workshop on the endoscopic classification In honor of James Arthur and G\u00e9rard Laumon<\/a>, 8-13 septembre 2025, <a href=\"https:\/\/centerinparis.uchicago.edu\/\" target=\"_blank\" rel=\"noreferrer noopener\">The Paris center of the University of Chicago<\/a>.<\/p>\n\n\n\n<p>Conf\u00e9renci\u00e8re invit\u00e9e \u00e0 <a href=\"http:\/\/www.fields.utoronto.ca\/activities\/25-26\/Arthur\">Trace Formula, Endoscopic Classification and Beyond: the Mathematical Legacy of James Arthur<\/a>, 11-15 ao\u00fbt 2025, Toronto, Canada.<\/p>\n\n\n\n<p>Conf\u00e9renci\u00e8re  invit\u00e9e  \u00e0 <a href=\"https:\/\/sites.google.com\/view\/repnetlaunchparty\/home\">The RepNet Launch Party<\/a>, 29-30 juillet 2025, University of York, UK. <\/p>\n\n\n\n<p>Conf\u00e9renci\u00e8re  invit\u00e9e \u00e0 <a href=\"https:\/\/www.icbs.cn\">International Congress of Basic Sciences (ICBS)<\/a>,12-26 juillet 2025, P\u00e9kin, Chine.<\/p>\n\n\n\n<p>Conf\u00e9renci\u00e8re principale de la <a href=\"https:\/\/sites.google.com\/view\/nsf-cbms-ncg-repag\/home#h.v8m7h6aao03h\">NSF-CBMS Conference: Representations of p-adic groups and noncommutative geometry<\/a>,  9-13 juin 2025, St. John&rsquo;s University, New York City, USA.<\/p>\n\n\n\n<p>Expos\u00e9: <a href=\"https:\/\/talks-calendar.ista.ac.at\/events\/5624\">Interaction of the local Langlands program with the generalized Springer correspondence<\/a>, au <a href=\"https:\/\/algebraic-geometry.pages.ist.ac.at\/\" target=\"_blank\" rel=\"noreferrer noopener\">Algebraic Geometry &amp; Number Theory Seminar<\/a>, le 15 mai 2025, ISTA, Vienne, Autriche.<\/p>\n\n\n\n<p><a href=\"https:\/\/www.ihp.fr\/fr\/agenda\/pavages-entre-mathematiques-et-art\" data-type=\"link\" data-id=\"https:\/\/www.ihp.fr\/fr\/agenda\/pavages-entre-mathematiques-et-art\">Pavages : entre math\u00e9matiques et art<\/a>, Rencontre \u00e0 l&rsquo;heure du th\u00e9, le 30 janvier 2025 de 16h \u00e0 17h, \u00e0 la Maison Poincar\u00e9, Paris.<\/p>\n\n\n\n<p>Expos\u00e9 au <a href=\"https:\/\/math.uni.lu\/nt\/NT-Day\/NTDay2024\/indexNTDay24.html\" data-type=\"link\" data-id=\"https:\/\/math.uni.lu\/nt\/NT-Day\/NTDay2024\/indexNTDay24.html\">Luxembourg Number Theory Day 2024<\/a>, le 18 d\u00e9cembre 2024.<\/p>\n\n\n\n<p>Expos\u00e9 au <a href=\"https:\/\/lmbp.uca.fr\/seminaires\/gt_gaao.php\">S\u00e9minaire GAAO<\/a>, Universit\u00e9 Clermont Auvergne: \u00ab\u00a0Blocs de Bernstein des param\u00e8tres de Langlands enrichis des groupes p-adiques\u00a0\u00bb, 5 Novembre 2024.<\/p>\n\n\n\n<p>Conf\u00e9renci\u00e8re invit\u00e9e \u00e0 <a href=\"https:\/\/brinmrc.umd.edu\/programs\/workshops\/fall24\/fall24-workshop-adams.html#speakers\" data-type=\"link\" data-id=\"https:\/\/brinmrc.umd.edu\/programs\/workshops\/fall24\/fall24-workshop-adams.html#speakers\">Representation Theory and Lie Groups &#8211; in celebration of the career of Jeffrey Adams<\/a>, Brin Mathematics Research Center, University of Maryland, Etats-Unis, Octobre 2024.<\/p>\n\n\n\n<p>Expos\u00e9 au <a href=\"https:\/\/columbiaafas.github.io\/\" data-type=\"link\" data-id=\"https:\/\/columbiaafas.github.io\/\">Automorphic Forms and Arithmetic Seminar<\/a>, Columbia University, New York, Etats-Unis, Octobre 2024.<\/p>\n\n\n\n<p>Invit\u00e9e \u00e0 la conf\u00e9rence \u00ab\u00a0Real Reductive Groups and Theta Correspondence\u00a0\u00bb, Yianyuan Mathematics Research Center (TYMRC), Chine, Juillet 2024.<\/p>\n\n\n\n<p>Expos\u00e9 \u00e0 la Yunnan University of Finance and Economics, Kunming, Chine: \u00ab\u00a0Tilings: between art and mathematics\u00a0\u00bb, 21 Juillet 2024.<\/p>\n\n\n\n<p>Expos\u00e9 au Beijing International Center for Mathematical Research (BICMR), Pekin University, Chine: \u00ab\u00a0The p-adic Howe correspondence and affine Hecke algebras\u00a0\u00bb, 17 Juillet 2024.<\/p>\n\n\n\n<p>Conf\u00e9renci\u00e8re invit\u00e9e au Symposium on Representation Theory and Automorphic Forms, Chern Institute of Mathematics, Nankai University, Tianjin, Chine, Juillet 2024.<\/p>\n\n\n\n<p>Invit\u00e9e au Morningside Center of Mathematics, P\u00e9kin, Chine, Juillet 2024.<\/p>\n\n\n\n<p>Expos\u00e9 \u00e0 l&rsquo;Universit\u00e9 de Macao: \u00ab\u00a0An excursion through the Langlands program\u00a0\u00bb, Juillet 2024.<\/p>\n\n\n\n<p>Conf\u00e9renci\u00e8re invit\u00e9e \u00e0&nbsp;<a href=\"https:\/\/hkumath.hku.hk\/~imr\/event\/HKUdays2024\/index.php\">HKU Number Theory Days 2024<\/a>, Institute of Mathematical Research &amp; Department of Mathematics, The University of Hong Kong, Juin 2024.<\/p>\n\n\n\n<p>Expos\u00e9 au s\u00e9minaire de Th\u00e9orie g\u00e9om\u00e9trique des repr\u00e9sentations du cours de Bao Ch\u00e2u Ng\u00f4 au Coll\u00e8ge de France: \u00ab\u00a0S\u00e9ries \u00e0 la Bernstein de param\u00e8tres de Langlands enrichis et alg\u00e8bres de Hecke\u00a0\u00bb, 26 Avril 2024.<\/p>\n\n\n\n<p>Conf\u00e9renci\u00e8re invit\u00e9e \u00e0 <a href=\"https:\/\/cmsa.fas.harvard.edu\/event-old\/aqft2024\/\">Arithmetic Quantum Field Theory<\/a>, Center for Mathematical Sciences and Applications at Harvard, Etats-Unis, Mars 2024. Expos\u00e9 \u00ab\u00a0The Local Langlands correspondence: from extended quotients to affine Hecke algebras\u00a0\u00bb<\/p>\n\n\n\n<p>Expos\u00e9 au <a href=\"https:\/\/math.mit.edu\/lg\/\">MIT Lie Groups Seminar<\/a>, MIT Boston, Etats-Unis, 20 Mars 2024: \u00ab\u00a0Enhanced Langlands parameters and Hecke algebras\u00a0\u00bb.<\/p>\n\n\n\n<p>Expos\u00e9 au <a href=\"https:\/\/laboratoire-mathematiques-univ-poitiers.apps.math.cnrs.fr\/gagalie\/\" data-type=\"link\" data-id=\"https:\/\/laboratoire-mathematiques-univ-poitiers.apps.math.cnrs.fr\/gagalie\/\">S\u00e9minaire de l&rsquo;\u00e9quipe GaGaLie<\/a>, Poitiers, 7 Mars 2024: \u00ab\u00a0Alg\u00e8bres de Hecke et L-paquets\u00a0\u00bb.<\/p>\n\n\n\n<p>Expos\u00e9 au <a href=\"https:\/\/indico.math.cnrs.fr\/category\/287\/\" data-type=\"link\" data-id=\"https:\/\/indico.math.cnrs.fr\/category\/287\/\">S\u00e9minaire R\u00e9GA,<\/a> IHP, Paris, 28 F\u00e9vrier 2024: \u00ab\u00a0Application des immeubles \u00e0 la construction de repr\u00e9sentations de groupes p-adiques\u00a0\u00bb.<\/p>\n\n\n\n<p>Plenary Speaker \u00e0 la conf\u00e9rence <a href=\"https:\/\/srmap.edu.in\/conference-on-women-in-pure_and-applied_mathematics\/\" data-type=\"link\" data-id=\"https:\/\/srmap.edu.in\/conference-on-women-in-pure_and-applied_mathematics\/\">Women in Pure and Applied Mathematics<\/a>, SRM University, AP, Amaravati, Andhra Pradesh, Inde, 1-5 Janvier 2024. Expos\u00e9 \u00ab\u00a0Colored structure of L-packets of representations of p-adic groups\u00a0\u00bb.<\/p>\n\n\n\n<blockquote class=\"wp-block-quote is-layout-flow wp-block-quote-is-layout-flow\">\n<blockquote class=\"wp-block-quote is-layout-flow wp-block-quote-is-layout-flow\">\n<blockquote class=\"wp-block-quote is-layout-flow wp-block-quote-is-layout-flow\">\n<p><\/p>\n<\/blockquote>\n<\/blockquote>\n<\/blockquote>\n\n\n\n<blockquote class=\"wp-block-quote is-layout-flow wp-block-quote-is-layout-flow\">\n<blockquote class=\"wp-block-quote is-layout-flow wp-block-quote-is-layout-flow\">\n<blockquote class=\"wp-block-quote is-layout-flow wp-block-quote-is-layout-flow\">\n<p><\/p>\n<\/blockquote>\n<\/blockquote>\n<\/blockquote>\n\n\n\n<p>Expos\u00e9 au Colloquium  of the RTG program: RTG 2491 &#8211; Fourier Analysis and Spectral Theory, Universit\u00e9 de G\u00f6ttingen, 14 D\u00e9cembre 2023.<\/p>\n\n\n\n<p>Conf\u00e9renci\u00e8re invit\u00e9e aux Journ\u00e9es&nbsp;\u00ab\u00a0<a href=\"http:\/\/benoit.loisel.perso.math.cnrs.fr\/workshop.html\" data-type=\"link\" data-id=\"http:\/\/benoit.loisel.perso.math.cnrs.fr\/workshop.html\">Journ\u00e9es Immeubles et Applications<\/a>\u00ab\u00a0, Poitiers 30 Novembre et 1er D\u00e9cembre 2023. Expos\u00e9: <a href=\"http:\/\/benoit.loisel.perso.math.cnrs.fr\/workshop\/AM_Poitiers-talk.pdf\">Applications de l&rsquo;immeuble de Bruhat-Tits en th\u00e9orie des repr\u00e9sentations<\/a>.<\/p>\n\n\n\n<p>Expos\u00e9 de s\u00e9minaire au Research Center for Operator Algebras, East China Normal University (Shanghai), 28 Novembre. 2023: \u00ab\u00a0The point of view of extended quotients in the Langlands correspondence\u00a0\u00bb.<\/p>\n\n\n\n<p>Visite de l&rsquo;Institute for Advanced Study in Mathematics, Zhejiang University,  Hangzhou (Chine), 10-27 Novembre 2023. Expos\u00e9 le 22 Novembre au Number Theory and Representation Theory Seminar: \u00ab\u00a0Correspondences between affine Hecke algebras and application to the Howe correspondence\u00a0\u00bb.<\/p>\n\n\n\n<p>Conf\u00e9renci\u00e8re invit\u00e9e au Workshop on Langlands Program and Representation Theory, School of Mathematical Sciences, Xiamen University and the Tianyuan Mathematical Center in Southeast China, 4 et 5 Novembre 2023.  Expos\u00e9: \u00ab\u00a0Local Langlands correspondence and affine Hecke algebras\u00a0\u00bb (<a href=\"http:\/\/tianyuan.xmu.edu.cn\/Colloquium\/2976.html\" data-type=\"link\" data-id=\"http:\/\/tianyuan.xmu.edu.cn\/Colloquium\/2976.html\">http:\/\/tianyuan.xmu.edu.cn\/Colloquium\/2976.html<\/a>).<\/p>\n\n\n\n<p>Expos\u00e9 au \u00ab\u00a0Groups, Dynamics &amp; Topology\u00a0\u00bb&nbsp;Seminar, <code> <\/code>Dioscuri Centre \u00ab\u00a0Random Walks in Geometry and Topology\u00a0\u00bb, Jagiellonian University, Krakow, Pologne. Expos\u00e9 le 19 Octobre 2023: \u00ab\u00a0Application of extended quotients to the Langlands program\u00a0\u00bb.<\/p>\n\n\n\n<p><\/p>\n\n\n\n<p><\/p>\n\n\n\n<p><\/p>\n\n\n\n<p><\/p>\n\n\n\n<h4 class=\"wp-block-heading\"><\/h4>\n\n\n\n<p>Conf\u00e9renci\u00e8re invit\u00e9e \u00e0  <a href=\"https:\/\/conferences.cirm-math.fr\/2903.html\" data-type=\"URL\" data-id=\"https:\/\/conferences.cirm-math.fr\/2903.html\">Automorphic forms, endoscopy and trace formulas<\/a>, CIRM,Marseille, 18\u201322 September, 2023. expos\u00e9: \u00ab\u00a0Endoscopic identities for classical groups over non Archimedean local fields of positive characteristic\u00a0\u00bb.<\/p>\n\n\n\n<p>Conf\u00e9renci\u00e8re invit\u00e9e \u00e0 <a href=\"https:\/\/gh70.sciencesconf.org\/\" data-type=\"URL\" data-id=\"https:\/\/gh70.sciencesconf.org\/\">Representations of reductive p-adic groups, L-functions and relative matters : a conference in honor of Guy Henniart <\/a>, Amiens, 11-14 September, 2023. Expos\u00e9: \u00ab\u00a0Non-singular representations of reductive p-adic groups\u00a0\u00bb.<\/p>\n\n\n\n<p><\/p>\n\n\n\n<p>Conf\u00e9renci\u00e8re invit\u00e9e \u00e0 <a href=\"https:\/\/www.nisyrosmathconference.org\/\" data-type=\"URL\" data-id=\"https:\/\/www.nisyrosmathconference.org\/\">Anaparastaseis: Orbits, Hecke algebras, and representations 5th Nisyros Conference on Automorphic Representations &amp; Related Topics Nisyros Island<\/a>, Greece 13\u201319 July, 2023.  Expos\u00e9: \u00ab\u00a0Local Langlands correspondence and affine Hecke algebras\u00a0\u00bb.<\/p>\n\n\n\n<p>Conf\u00e9renci\u00e8re invit\u00e9e \u00e0 <a href=\"https:\/\/indico.math.cnrs.fr\/e\/ncg-kyoto-2023\" target=\"_blank\" rel=\"noreferrer noopener\">Noncommutative Geometry, Index Theory and Representation Theory<\/a>, Kyoto, Japon, 3-7 July, 2023. Expos\u00e9: \u00ab\u00a0Application of extended quotients to the Langlands program\u00a0\u00bb.<\/p>\n\n\n\n<p>Conf\u00e9renci\u00e8re invit\u00e9e \u00e0 <a href=\"https:\/\/sites.google.com\/view\/delorme-conference\/home\" target=\"_blank\" rel=\"noreferrer noopener\">Representation Theory, Harmonic Analysis and Spherical Varieties<\/a>, Porquerolles\/Marseille, 19-23 June, 2023. Expos\u00e9: \u00ab\u00a0Non-singular representations of p-adic reductive groups and L-packets\u00a0\u00bb.<\/p>\n\n\n\n<p> \u00ab\u00a0Correspondences of affine Hecke algebras in the Langlands program\u00a0\u00bb, <a href=\"https:\/\/www.maths.ox.ac.uk\/events\/list\/623\">Algebra Seminar University of Oxford<\/a>, 13 June 2023.<\/p>\n\n\n\n<p>Conf\u00e9renci\u00e8re invit\u00e9e \u00e0 <a href=\"https:\/\/algebra.ugent.be\/hdx\/\">Summer School on High-dimensional Expanders<\/a> Ghent University, Gand, Belgique, Mai 22-26, 2023. Expos\u00e9: \u00ab\u00a0Local representation theory and Hecke algebras\u00a0\u00bb.<\/p>\n\n\n\n<p>\u00ab\u00a0Correspondance de Langlands et alg\u00e8bres de Hecke pour les groupes p-adiques\u00a0\u00bb, <a href=\"http:\/\/S\u00e9minaire Repr\u00e9sentations des Groupes R\u00e9ductifs (RGR)\">S\u00e9minaire Repr\u00e9sentations des Groupes R\u00e9ductifs<\/a> (RGR), Marseille, 2 Mai 2023.<\/p>\n\n\n\n<p><\/p>\n\n\n\n<p>\u00ab\u00a0A Bridge Between the Baum-Connes Conjecture and the Langlands Program\u00a0\u00bb, <a href=\"https:\/\/mathpicture.fas.harvard.edu\/seminar\">Mathematical Picture Language Seminar<\/a>, 14 F\u00e9vrier 2023: <a href=\"https:\/\/www.youtube.com\/channel\/UCrlS3CuPlahBp_M46fDaWVw\/videos\" data-type=\"URL\" data-id=\"https:\/\/www.youtube.com\/channel\/UCrlS3CuPlahBp_M46fDaWVw\/videos\">https:\/\/www.youtube.com\/channel\/UCrlS3CuPlahBp_M46fDaWVw\/videos<\/a><\/p>\n\n\n\n<p>\u00ab\u00a0Local Langlands correspondence via isomorphisms of Hecke algebras\u00a0\u00bb,  <a href=\"https:\/\/math.virginia.edu\/seminars\/algebra\/\">Algebra seminar<\/a>, University of Virginia, 25 Janvier 2023.<\/p>\n\n\n\n<p>Conf\u00e9renci\u00e8re invit\u00e9e \u00e0 <a href=\"http:\/\/NCGAHS Conference\">Noncommutative Geometry and Analysis on Homogeneous Spaces<\/a>. Expos\u00e9: \u00ab\u00a0C*-Blocks and Crossed Products for Real and p-adic Reductive Groups\u00a0\u00bb <a href=\"https:\/\/sites.google.com\/view\/ncgahs20\/talks\">https:\/\/sites.google.com\/view\/ncgahs20\/talks<\/a>, 20 Janvier 2023.<\/p>\n\n\n\n<p>\u00ab\u00a0The Langlands correspondence for p-adic classical groups via isomorphisms of Hecke algebras\u00a0\u00bb, <a href=\"https:\/\/sites.google.com\/view\/caltechntseminar\/home\">Number Theory Seminar at Caltech<\/a>, 8 December, 2022.<\/p>\n\n\n\n<p>\u00ab\u00a0Generalized affine Hecke algebras and the Langlands program\u00a0\u00bb, <a href=\"https:\/\/www.math.cuhk.edu.hk\/research\/colloquium\">MATH-IMS Colloquium<\/a>, Department of Mathematics &amp; Institute of Mathematical Sciences, CUHK, 04 November, 2022 (visio).<\/p>\n\n\n\n<p>\u00ab\u00a0Correspondances de Langlands locales explicites: l&rsquo;exemple du groupe p-adique G2\u00a0\u00bb, S\u00e9minaire Groupes R\u00e9ductifs et Formes Automorphes, IMJ-PRG, 3 Octobre 2022.<\/p>\n\n\n\n<p>\u00ab\u00a0Local Langlands correspondence and affine Hecke algebras\u00a0\u00bb,  Conf\u00e9rence <a href=\"https:\/\/staff.fnwi.uva.nl\/r.r.j.bocklandt\/E60\/\">\u00ab\u00a0From E6 to E60\u00a0\u00bb<\/a>, Korteweg-de Vries Institute for Mathematics University of Amsterdam, 31 Ao\u00fbt \u2013 2 Septembre 2022.<\/p>\n\n\n\n<p><a href=\"https:\/\/www.hcm.uni-bonn.de\/events\/eventpages\/2022\/clap\/\">\u00ab\u00a0Community-building in the Langlands Program\u00a0\u00bb (CLAP)<\/a>, Bonn, August 2021, organizers: Ana Caraiani, Jessica Fintzen.<\/p>\n\n\n\n\n\n<p><a href=\"https:\/\/bathsymposium.ac.uk\/symposium\/k-theoryandrepresentationtheory\/\">\u00ab\u00a0K-Theory and Representation Theory\u00a0\u00bb<\/a>, Bath, U.K., July 14-22, 2022, organizers: Nigel Higson, Roger Plymen, Haluk Sengun: invited speaker.<\/p>\n\n\n\n<p><a href=\"https:\/\/ims.nus.edu.sg\/events\/representations-and-characters-revisiting-some-aspects-of-the-works-of-harish-chandra-and-weil\/\">\u00ab\u00a0Representations and Characters: Revisiting Some Aspects of the Works of Harish-Chandra and Weil\u00a0\u00bb<\/a>, organizers: Hung Yean Loke, Tomasz Przebinda, Angela Pasquale, Binyong Sun, NSU Singapore, May 16-27, 2022: invited speaker.<\/p>\n\n\n\n<p><\/p>\n\n\n\n<p><a href=\"http:\/\/www.ams.org\/meetings\/sectional\/2294_program_ss2.html#title\">\u00ab\u00a0Special Session on Recent Advances on the Langlands Program\u00a0\u00bb<\/a>, &nbsp;Western Sectional Meeting (formerly at University of Denver), organizers:&nbsp;Kwangho Choiy, Melissa Emory, Ralf Schmidt, May 14-15, 2022: invited speaker.<\/p>\n\n\n\n<p><a href=\"https:\/\/www.esi.ac.at\/events\/e420\/\">\u00ab\u00a0Minimal&nbsp;Representations&nbsp;and&nbsp;Theta&nbsp;Correspondence\u00a0\u00bb<\/a>, Erwin Schr\u00f6dinger International Institute for Mathematics and Physics (ESI), Vienna, Austria, organizers: Wee Teck Gan, Marcela Hanzer, Alberto Minguez, Goran Muic, Martin Weissman, April 11-15, 2022: invited speaker.<\/p>\n\n\n\n<p><\/p>\n\n\n\n<p><a href=\"https:\/\/workshops.birs.ca\/events\/21w5228\">\u00ab\u00a0Basic Functions, Orbital Integrals, and Beyond Endoscopy\u00a0\u00bb<\/a> (Online), organizers: Julia Gordon, James Arthur, Tasho Kaletha, November 14-19, 2021.<\/p>\n\n\n\n<p>Pariscience Film Festival: projection-d\u00e9bat le 31 Octobre 2021 du film&nbsp;<a href=\"https:\/\/pariscience.fr\/seance\/the-world-of-thinking\/?fbclid=IwAR25_BaOyyTX1ij6sf7vMsxLSqp7prOj6RRPmZzI2EtSRWzjZEASt1YM6tQ\">\u00ab\u00a0The World of Thinking\u00a0\u00bb<\/a>&nbsp;de Thomas Blom et Misha Wessel, \u00e0 l\u2019Institut de physique du globe de Paris en partenariat avec l\u2019Institut Henri Poincar\u00e9 et anim\u00e9 par&nbsp;<a href=\"https:\/\/www.facebook.com\/themetanews\/?__cft__[0]=AZVr5KoijpcBfH4yo3VeLXul6hWPxNp9hQYg6gW3WK4znthqW10-xS08IQRlfoPAofTiW52R6eOB1o9MR6aK7xXDRp0SNPflBcAXv0Bls1iEBKVBNYN_w9x7pzPjUX6Bz4tbH4xxnflVqMcibfMhSTS64r5U_VKqjq02BE1qjYknYw&amp;__tn__=kK-y-R\">The Meta News<\/a>.<\/p>\n\n\n\n<p><a href=\"https:\/\/researchseminars.org\/seminar\/AutomorphicProject\">\u00ab\u00a0Automorphic Project &amp; Research Seminar\u00a0\u00bb<\/a>, organizers: Rapha\u00ebl Beuzart-Plessis, Tasho Kaletha, Yiannis Sakellaridis, Johns Hopkins University \/ University of Michigan, Ann Arbor: Talk on 22 October  2021 <strong>A nonabelian Fourier transform for tempered unipotent representations of p-adic groups I<\/strong>.<\/p>\n\n\n\n<p>\u00ab\u00a0Geometry &amp; Symmetry Zoom-seminar\u00a0\u00bb, organizer Sergey Oblezin, <a href=\"https:\/\/www.nottingham.ac.uk\/index.aspx\">University of Nottingham<\/a>: Talk on 29 September 2021: <strong>Howe duality and Springer correspondence: real and finite field cases<\/strong>.<\/p>\n\n\n\n\n\n\n\n<div class=\"wp-block-media-text alignwide is-stacked-on-mobile\"><figure class=\"wp-block-media-text__media\"><\/figure><div class=\"wp-block-media-text__content\">\n<p><\/p>\n<\/div><\/div>\n","protected":false},"excerpt":{"rendered":"<p>Conf\u00e9renci\u00e8re invit\u00e9e \u00e0 Math\u00e9matiques en mouvement, 15 novembre 2025, IHP, Paris. Conf\u00e9renci\u00e8re invit\u00e9e \u00e0 la Conference in honor of Professor George Lusztig, The University of Hong Kong, 10-12 novembre 2025, Hong Kong. Conf\u00e9renci\u00e8re invit\u00e9e au Workshop on the endoscopic classification In honor of James Arthur and G\u00e9rard Laumon, 8-13 septembre 2025, The Paris center of [&hellip;]<\/p>\n","protected":false},"author":27,"featured_media":0,"parent":0,"menu_order":0,"comment_status":"closed","ping_status":"closed","template":"","meta":{"footnotes":""},"class_list":["post-109","page","type-page","status-publish","hentry"],"_links":{"self":[{"href":"https:\/\/perso.imj-prg.fr\/annemarie-aubert\/wp-json\/wp\/v2\/pages\/109","targetHints":{"allow":["GET"]}}],"collection":[{"href":"https:\/\/perso.imj-prg.fr\/annemarie-aubert\/wp-json\/wp\/v2\/pages"}],"about":[{"href":"https:\/\/perso.imj-prg.fr\/annemarie-aubert\/wp-json\/wp\/v2\/types\/page"}],"author":[{"embeddable":true,"href":"https:\/\/perso.imj-prg.fr\/annemarie-aubert\/wp-json\/wp\/v2\/users\/27"}],"replies":[{"embeddable":true,"href":"https:\/\/perso.imj-prg.fr\/annemarie-aubert\/wp-json\/wp\/v2\/comments?post=109"}],"version-history":[{"count":109,"href":"https:\/\/perso.imj-prg.fr\/annemarie-aubert\/wp-json\/wp\/v2\/pages\/109\/revisions"}],"predecessor-version":[{"id":583,"href":"https:\/\/perso.imj-prg.fr\/annemarie-aubert\/wp-json\/wp\/v2\/pages\/109\/revisions\/583"}],"wp:attachment":[{"href":"https:\/\/perso.imj-prg.fr\/annemarie-aubert\/wp-json\/wp\/v2\/media?parent=109"}],"curies":[{"name":"wp","href":"https:\/\/api.w.org\/{rel}","templated":true}]}}